{"id":62841,"date":"2021-07-05T13:20:57","date_gmt":"2021-07-05T11:20:57","guid":{"rendered":"https:\/\/ohreallystuff.com\/?post_type=product&#038;p=62841"},"modified":"2021-07-05T13:23:16","modified_gmt":"2021-07-05T11:23:16","slug":"peigne-noeud-taupe-esther","status":"publish","type":"product","link":"https:\/\/ohreallystuff.com\/en\/product\/peigne-noeud-taupe-esther\/","title":{"rendered":"Esther &#8211; taupe"},"content":{"rendered":"<p><\/p>\n<ul>\n<li><span style=\"color: #333333;\">Entirely handmade in my workshop in Brussels.<\/span><\/li>\n<li><span style=\"color: #333333;\">Bow : taupe faux leather with rococo pattern.<\/span><\/li>\n<li><span style=\"color: #333333;\">Approx. 12.5cm x 5.5cm (4.9in x 2.2in).<\/span><\/li>\n<li><span style=\"color: #333333;\">Grey metal comb: 5.5cm x 4cm (2.2in x 1.6in).<\/span><\/li>\n<li><span style=\"color: #333333;\">Certificate of authenticity supplied.<\/span><\/li>\n<\/ul>\n<p>&nbsp;<\/p>\n<p><span style=\"color: #333333;\">The comb was named after the American actress and swimmer Esther Williams (1921-2013). An excellent swimmer, she was to participate in the 1940 Summer Olympics. Unfortunately cancelled due to the Second World War, she turned to the cinema and became one of the greatest actresses of the golden age of Hollywood.<\/span><\/p>","protected":false},"excerpt":{"rendered":"<p>&nbsp;<\/p>\n<p><span style=\"color: #333333;\">Take a bow for Esther!\u00a0This comb is the perfect accessory to enhance your hairstyle! It can remain sober in a refined hairstyle, but also keep a mischievous side in a more natural hair. Don&#8217;t hesitate : it&#8217;s made for you!<\/span><\/p>\n<p><span style=\"color: #333333;\">Entirely handmade in Belgium.<\/span><\/p>\n<p><span style=\"color: #333333;\">Unique model with certificate of authenticity.<\/span><\/p>\n<p>&nbsp;<\/p>\n<p><img loading=\"lazy\" decoding=\"async\" class=\"alignnone size-full wp-image-53230\" src=\"https:\/\/ohreallystuff.com\/wp-content\/uploads\/2021\/02\/anglais-chapeaux-accessoires-sandra-lacroix-bruxelles-s.jpg\" alt=\"\" width=\"439\" height=\"142\" srcset=\"https:\/\/ohreallystuff.com\/wp-content\/uploads\/2021\/02\/anglais-chapeaux-accessoires-sandra-lacroix-bruxelles-s.jpg 439w, https:\/\/ohreallystuff.com\/wp-content\/uploads\/2021\/02\/anglais-chapeaux-accessoires-sandra-lacroix-bruxelles-s-300x97.jpg 300w\" sizes=\"auto, (max-width: 439px) 100vw, 439px\" \/><\/p>\n<p>&nbsp;<\/p>\n","protected":false},"featured_media":62756,"template":"","meta":[],"product_brand":[],"product_cat":[145,180],"product_tag":[],"class_list":{"0":"post-62841","1":"product","2":"type-product","3":"status-publish","4":"has-post-thumbnail","6":"product_cat-accessoires","7":"product_cat-combs","9":"first","10":"instock","11":"sold-individually","12":"taxable","13":"shipping-taxable","14":"purchasable","15":"product-type-simple"},"yoast_head":"<!-- This site is optimized with the Yoast SEO plugin v25.8 - https:\/\/yoast.com\/wordpress\/plugins\/seo\/ -->\n<title>Esther - taupe - Hats and fashion accessories<\/title>\n<meta name=\"robots\" content=\"index, follow, max-snippet:-1, max-image-preview:large, max-video-preview:-1\" \/>\n<link rel=\"canonical\" href=\"https:\/\/ohreallystuff.com\/product\/peigne-noeud-taupe-esther\/\" \/>\n<meta property=\"og:locale\" content=\"en_US\" \/>\n<meta property=\"og:type\" content=\"article\" \/>\n<meta property=\"og:title\" content=\"Esther - taupe - Hats and fashion accessories\" \/>\n<meta property=\"og:description\" content=\"[:en]&nbsp;  Take a bow for Esther!\u00a0This comb is the perfect accessory to enhance your hairstyle! It can remain sober in a refined hairstyle, but also keep a mischievous side in a more natural hair. Don&#039;t hesitate : it&#039;s made for you!  Entirely handmade in Belgium.  Unique model with certificate of authenticity.  &nbsp;    &nbsp;[:fr]&nbsp;  On ne peut pas passer \u00e0 c\u00f4t\u00e9 d&#039;Esther sans y jeter un \u0153il : ce peigne est l&#039;accessoire parfait pour rehausser votre coiffure! Il sait rester sobre dans une coiffure raffin\u00e9e, mais aussi garder un cot\u00e9 espi\u00e8gle dans une chevelure plus naturelle. N&#039;h\u00e9sitez-plus : il est fait pour vous!  Enti\u00e8rement fait \u00e0 la main en Belgique.  Mod\u00e8le unique avec certificat d&#039;authenticit\u00e9.  &nbsp;    &nbsp;[:]\" \/>\n<meta property=\"og:url\" content=\"https:\/\/ohreallystuff.com\/product\/peigne-noeud-taupe-esther\/\" \/>\n<meta property=\"og:site_name\" content=\"Hats and fashion accessories\" \/>\n<meta property=\"article:publisher\" content=\"https:\/\/www.facebook.com\/ohreallystuff\" \/>\n<meta property=\"article:modified_time\" content=\"2021-07-05T11:23:16+00:00\" \/>\n<meta property=\"og:image\" content=\"https:\/\/ohreallystuff.com\/wp-content\/uploads\/2021\/07\/peigne-noeud-taupe-rococo-esther-1.jpg\" \/>\n\t<meta property=\"og:image:width\" content=\"2000\" \/>\n\t<meta property=\"og:image:height\" content=\"2000\" \/>\n\t<meta property=\"og:image:type\" content=\"image\/jpeg\" \/>\n<meta name=\"twitter:card\" content=\"summary_large_image\" \/>\n<meta name=\"twitter:label1\" content=\"Est. reading time\" \/>\n\t<meta name=\"twitter:data1\" content=\"1 minute\" \/>\n<script type=\"application\/ld+json\" class=\"yoast-schema-graph\">{\"@context\":\"https:\/\/schema.org\",\"@graph\":[{\"@type\":\"WebPage\",\"@id\":\"https:\/\/ohreallystuff.com\/product\/peigne-noeud-taupe-esther\/\",\"url\":\"https:\/\/ohreallystuff.com\/product\/peigne-noeud-taupe-esther\/\",\"name\":\"Esther - taupe - Hats and fashion accessories\",\"isPartOf\":{\"@id\":\"https:\/\/ohreallystuff.com\/#website\"},\"primaryImageOfPage\":{\"@id\":\"https:\/\/ohreallystuff.com\/product\/peigne-noeud-taupe-esther\/#primaryimage\"},\"image\":{\"@id\":\"https:\/\/ohreallystuff.com\/product\/peigne-noeud-taupe-esther\/#primaryimage\"},\"thumbnailUrl\":\"https:\/\/ohreallystuff.com\/wp-content\/uploads\/2021\/07\/peigne-noeud-taupe-rococo-esther-1.jpg\",\"datePublished\":\"2021-07-05T11:20:57+00:00\",\"dateModified\":\"2021-07-05T11:23:16+00:00\",\"breadcrumb\":{\"@id\":\"https:\/\/ohreallystuff.com\/product\/peigne-noeud-taupe-esther\/#breadcrumb\"},\"inLanguage\":\"en-US\",\"potentialAction\":[{\"@type\":\"ReadAction\",\"target\":[\"https:\/\/ohreallystuff.com\/product\/peigne-noeud-taupe-esther\/\"]}]},{\"@type\":\"ImageObject\",\"inLanguage\":\"en-US\",\"@id\":\"https:\/\/ohreallystuff.com\/product\/peigne-noeud-taupe-esther\/#primaryimage\",\"url\":\"https:\/\/ohreallystuff.com\/wp-content\/uploads\/2021\/07\/peigne-noeud-taupe-rococo-esther-1.jpg\",\"contentUrl\":\"https:\/\/ohreallystuff.com\/wp-content\/uploads\/2021\/07\/peigne-noeud-taupe-rococo-esther-1.jpg\",\"width\":2000,\"height\":2000},{\"@type\":\"BreadcrumbList\",\"@id\":\"https:\/\/ohreallystuff.com\/product\/peigne-noeud-taupe-esther\/#breadcrumb\",\"itemListElement\":[{\"@type\":\"ListItem\",\"position\":1,\"name\":\"Home\",\"item\":\"https:\/\/ohreallystuff.com\/\"},{\"@type\":\"ListItem\",\"position\":2,\"name\":\"Boutique en ligne\",\"item\":\"https:\/\/ohreallystuff.com\/boutique-en-ligne-de-chapeaux-retro\/\"},{\"@type\":\"ListItem\",\"position\":3,\"name\":\"Esther &#8211; taupe\"}]},{\"@type\":\"WebSite\",\"@id\":\"https:\/\/ohreallystuff.com\/#website\",\"url\":\"https:\/\/ohreallystuff.com\/\",\"name\":\"Oh... Really? par Sandra Lacroix\",\"description\":\"Oh... Really? Brussels\",\"publisher\":{\"@id\":\"https:\/\/ohreallystuff.com\/#organization\"},\"potentialAction\":[{\"@type\":\"SearchAction\",\"target\":{\"@type\":\"EntryPoint\",\"urlTemplate\":\"https:\/\/ohreallystuff.com\/?s={search_term_string}\"},\"query-input\":{\"@type\":\"PropertyValueSpecification\",\"valueRequired\":true,\"valueName\":\"search_term_string\"}}],\"inLanguage\":\"en-US\"},{\"@type\":\"Organization\",\"@id\":\"https:\/\/ohreallystuff.com\/#organization\",\"name\":\"Oh Really Sandra lacroix\",\"url\":\"https:\/\/ohreallystuff.com\/\",\"logo\":{\"@type\":\"ImageObject\",\"inLanguage\":\"en-US\",\"@id\":\"https:\/\/ohreallystuff.com\/#\/schema\/logo\/image\/\",\"url\":\"https:\/\/ohreallystuff.com\/wp-content\/uploads\/2014\/12\/logo-slider-ok.png\",\"contentUrl\":\"https:\/\/ohreallystuff.com\/wp-content\/uploads\/2014\/12\/logo-slider-ok.png\",\"width\":350,\"height\":484,\"caption\":\"Oh Really Sandra lacroix\"},\"image\":{\"@id\":\"https:\/\/ohreallystuff.com\/#\/schema\/logo\/image\/\"},\"sameAs\":[\"https:\/\/www.facebook.com\/ohreallystuff\",\"https:\/\/www.instagram.com\/ohreallystuff\/\"]}]}<\/script>\n<!-- \/ Yoast SEO plugin. -->","yoast_head_json":{"title":"Esther - taupe - Hats and fashion accessories","robots":{"index":"index","follow":"follow","max-snippet":"max-snippet:-1","max-image-preview":"max-image-preview:large","max-video-preview":"max-video-preview:-1"},"canonical":"https:\/\/ohreallystuff.com\/product\/peigne-noeud-taupe-esther\/","og_locale":"en_US","og_type":"article","og_title":"Esther - taupe - Hats and fashion accessories","og_description":"[:en]&nbsp;  Take a bow for Esther!\u00a0This comb is the perfect accessory to enhance your hairstyle! It can remain sober in a refined hairstyle, but also keep a mischievous side in a more natural hair. Don't hesitate : it's made for you!  Entirely handmade in Belgium.  Unique model with certificate of authenticity.  &nbsp;    &nbsp;[:fr]&nbsp;  On ne peut pas passer \u00e0 c\u00f4t\u00e9 d'Esther sans y jeter un \u0153il : ce peigne est l'accessoire parfait pour rehausser votre coiffure! Il sait rester sobre dans une coiffure raffin\u00e9e, mais aussi garder un cot\u00e9 espi\u00e8gle dans une chevelure plus naturelle. N'h\u00e9sitez-plus : il est fait pour vous!  Enti\u00e8rement fait \u00e0 la main en Belgique.  Mod\u00e8le unique avec certificat d'authenticit\u00e9.  &nbsp;    &nbsp;[:]","og_url":"https:\/\/ohreallystuff.com\/product\/peigne-noeud-taupe-esther\/","og_site_name":"Hats and fashion accessories","article_publisher":"https:\/\/www.facebook.com\/ohreallystuff","article_modified_time":"2021-07-05T11:23:16+00:00","og_image":[{"width":2000,"height":2000,"url":"https:\/\/ohreallystuff.com\/wp-content\/uploads\/2021\/07\/peigne-noeud-taupe-rococo-esther-1.jpg","type":"image\/jpeg"}],"twitter_card":"summary_large_image","twitter_misc":{"Est. reading time":"1 minute"},"schema":{"@context":"https:\/\/schema.org","@graph":[{"@type":"WebPage","@id":"https:\/\/ohreallystuff.com\/product\/peigne-noeud-taupe-esther\/","url":"https:\/\/ohreallystuff.com\/product\/peigne-noeud-taupe-esther\/","name":"Esther - taupe - Hats and fashion accessories","isPartOf":{"@id":"https:\/\/ohreallystuff.com\/#website"},"primaryImageOfPage":{"@id":"https:\/\/ohreallystuff.com\/product\/peigne-noeud-taupe-esther\/#primaryimage"},"image":{"@id":"https:\/\/ohreallystuff.com\/product\/peigne-noeud-taupe-esther\/#primaryimage"},"thumbnailUrl":"https:\/\/ohreallystuff.com\/wp-content\/uploads\/2021\/07\/peigne-noeud-taupe-rococo-esther-1.jpg","datePublished":"2021-07-05T11:20:57+00:00","dateModified":"2021-07-05T11:23:16+00:00","breadcrumb":{"@id":"https:\/\/ohreallystuff.com\/product\/peigne-noeud-taupe-esther\/#breadcrumb"},"inLanguage":"en-US","potentialAction":[{"@type":"ReadAction","target":["https:\/\/ohreallystuff.com\/product\/peigne-noeud-taupe-esther\/"]}]},{"@type":"ImageObject","inLanguage":"en-US","@id":"https:\/\/ohreallystuff.com\/product\/peigne-noeud-taupe-esther\/#primaryimage","url":"https:\/\/ohreallystuff.com\/wp-content\/uploads\/2021\/07\/peigne-noeud-taupe-rococo-esther-1.jpg","contentUrl":"https:\/\/ohreallystuff.com\/wp-content\/uploads\/2021\/07\/peigne-noeud-taupe-rococo-esther-1.jpg","width":2000,"height":2000},{"@type":"BreadcrumbList","@id":"https:\/\/ohreallystuff.com\/product\/peigne-noeud-taupe-esther\/#breadcrumb","itemListElement":[{"@type":"ListItem","position":1,"name":"Home","item":"https:\/\/ohreallystuff.com\/"},{"@type":"ListItem","position":2,"name":"Boutique en ligne","item":"https:\/\/ohreallystuff.com\/boutique-en-ligne-de-chapeaux-retro\/"},{"@type":"ListItem","position":3,"name":"Esther &#8211; taupe"}]},{"@type":"WebSite","@id":"https:\/\/ohreallystuff.com\/#website","url":"https:\/\/ohreallystuff.com\/","name":"Oh... Really? par Sandra Lacroix","description":"Oh... Really? Brussels","publisher":{"@id":"https:\/\/ohreallystuff.com\/#organization"},"potentialAction":[{"@type":"SearchAction","target":{"@type":"EntryPoint","urlTemplate":"https:\/\/ohreallystuff.com\/?s={search_term_string}"},"query-input":{"@type":"PropertyValueSpecification","valueRequired":true,"valueName":"search_term_string"}}],"inLanguage":"en-US"},{"@type":"Organization","@id":"https:\/\/ohreallystuff.com\/#organization","name":"Oh Really Sandra lacroix","url":"https:\/\/ohreallystuff.com\/","logo":{"@type":"ImageObject","inLanguage":"en-US","@id":"https:\/\/ohreallystuff.com\/#\/schema\/logo\/image\/","url":"https:\/\/ohreallystuff.com\/wp-content\/uploads\/2014\/12\/logo-slider-ok.png","contentUrl":"https:\/\/ohreallystuff.com\/wp-content\/uploads\/2014\/12\/logo-slider-ok.png","width":350,"height":484,"caption":"Oh Really Sandra lacroix"},"image":{"@id":"https:\/\/ohreallystuff.com\/#\/schema\/logo\/image\/"},"sameAs":["https:\/\/www.facebook.com\/ohreallystuff","https:\/\/www.instagram.com\/ohreallystuff\/"]}]}},"_links":{"self":[{"href":"https:\/\/ohreallystuff.com\/en\/wp-json\/wp\/v2\/product\/62841","targetHints":{"allow":["GET"]}}],"collection":[{"href":"https:\/\/ohreallystuff.com\/en\/wp-json\/wp\/v2\/product"}],"about":[{"href":"https:\/\/ohreallystuff.com\/en\/wp-json\/wp\/v2\/types\/product"}],"wp:featuredmedia":[{"embeddable":true,"href":"https:\/\/ohreallystuff.com\/en\/wp-json\/wp\/v2\/media\/62756"}],"wp:attachment":[{"href":"https:\/\/ohreallystuff.com\/en\/wp-json\/wp\/v2\/media?parent=62841"}],"wp:term":[{"taxonomy":"product_brand","embeddable":true,"href":"https:\/\/ohreallystuff.com\/en\/wp-json\/wp\/v2\/product_brand?post=62841"},{"taxonomy":"product_cat","embeddable":true,"href":"https:\/\/ohreallystuff.com\/en\/wp-json\/wp\/v2\/product_cat?post=62841"},{"taxonomy":"product_tag","embeddable":true,"href":"https:\/\/ohreallystuff.com\/en\/wp-json\/wp\/v2\/product_tag?post=62841"}],"curies":[{"name":"wp","href":"https:\/\/api.w.org\/{rel}","templated":true}]}}