{"id":61171,"date":"2021-06-24T17:34:30","date_gmt":"2021-06-24T15:34:30","guid":{"rendered":"https:\/\/ohreallystuff.com\/?post_type=product&#038;p=61171"},"modified":"2021-06-24T17:37:02","modified_gmt":"2021-06-24T15:37:02","slug":"chapeau-noeud-gris-mae","status":"publish","type":"product","link":"https:\/\/ohreallystuff.com\/en\/product\/chapeau-noeud-gris-mae\/","title":{"rendered":"Mae &#8211; grey"},"content":{"rendered":"<p>&nbsp;<\/p>\n<ul>\n<li><span style=\"color: #333333;\">Entirely made in Belgium.<\/span><\/li>\n<li><span style=\"color: #333333;\">Hat base : grey\u00a0100% wool felt, hand moulded.<\/span><\/li>\n<li><span style=\"color: #333333;\">Decorative bows : grey wild silk and hand printed cotton.<\/span><\/li>\n<li><span style=\"color: #333333;\">Elastic provided to fix the hat.<\/span><\/li>\n<li><span style=\"color: #333333;\">Size: approx. 16 x 13 cm \/ 6.3 x 5.1 in (28 x 20 cm \/ 11 x 7.9 in with the bow).<\/span><\/li>\n<li><span style=\"color: #333333;\">Certificate of authenticity provided.<\/span><\/li>\n<\/ul>\n<p>&nbsp;<\/p>\n<p><span style=\"color: #333333;\">The hat is named after the American actress, screenwriter and singer Mae West (1893-1980). A true movie icon, she made her first film at the age of 40, wrote most of her own scripts and dialogues, invented her own style and led burlesque revues. Even today she remains a symbol of a strong and emancipated woman.<\/span><\/p>","protected":false},"excerpt":{"rendered":"<p>&nbsp;<\/p>\n<p><span style=\"color: #333333;\">It&#8217;s time to shine : this hat is an eye-catcher. Both refined and exuberant, it will be the perfect accessory to attract all eyes: the star is YOU! In a solid colour, it has the advantage of matching with many outfits. Awaken the Mae West in you!<\/span><\/p>\n<p><span style=\"color: #333333;\">Handmade in Brussels.<\/span><\/p>\n<p><span style=\"color: #333333;\">Unique model with certificate of authenticity.<\/span><\/p>\n<p>&nbsp;<\/p>\n<p><img loading=\"lazy\" decoding=\"async\" class=\"alignnone size-full wp-image-53230\" src=\"https:\/\/ohreallystuff.com\/wp-content\/uploads\/2021\/02\/anglais-chapeaux-accessoires-sandra-lacroix-bruxelles-s.jpg\" alt=\"\" width=\"439\" height=\"142\" srcset=\"https:\/\/ohreallystuff.com\/wp-content\/uploads\/2021\/02\/anglais-chapeaux-accessoires-sandra-lacroix-bruxelles-s.jpg 439w, https:\/\/ohreallystuff.com\/wp-content\/uploads\/2021\/02\/anglais-chapeaux-accessoires-sandra-lacroix-bruxelles-s-300x97.jpg 300w\" sizes=\"auto, (max-width: 439px) 100vw, 439px\" \/><\/p>\n<p>&nbsp;<\/p>\n","protected":false},"featured_media":61147,"template":"","meta":[],"product_brand":[],"product_cat":[144,177],"product_tag":[],"class_list":{"0":"post-61171","1":"product","2":"type-product","3":"status-publish","4":"has-post-thumbnail","6":"product_cat-chapeaux-et-coiffes","7":"product_cat-hats","9":"first","10":"instock","11":"sold-individually","12":"taxable","13":"shipping-taxable","14":"purchasable","15":"product-type-simple"},"yoast_head":"<!-- This site is optimized with the Yoast SEO plugin v25.8 - https:\/\/yoast.com\/wordpress\/plugins\/seo\/ -->\n<title>Mae - grey - Hats and fashion accessories<\/title>\n<meta name=\"robots\" content=\"index, follow, max-snippet:-1, max-image-preview:large, max-video-preview:-1\" \/>\n<link rel=\"canonical\" href=\"https:\/\/ohreallystuff.com\/product\/chapeau-noeud-gris-mae\/\" \/>\n<meta property=\"og:locale\" content=\"en_US\" \/>\n<meta property=\"og:type\" content=\"article\" \/>\n<meta property=\"og:title\" content=\"[:en]Mae - grey[:fr]Mae - gris[:] - Hats and fashion accessories\" \/>\n<meta property=\"og:description\" content=\"[:en]&nbsp;  It&#039;s time to shine : this hat is an eye-catcher. Both refined and exuberant, it will be the perfect accessory to attract all eyes: the star is YOU! In a solid colour, it has the advantage of matching with many outfits. Awaken the Mae West in you!  Handmade in Brussels.  Unique model with certificate of authenticity.  &nbsp;    &nbsp;[:fr]&nbsp;  C&#039;est le moment de flamboyer : ce chapeau attire tous les regards. A la fois raffin\u00e9 et exub\u00e9rant, il sera le parfait accessoire pour attirer tous les regards : la star, c&#039;est vous! De couleur unie, il a l&#039;avantage de s&#039;accorder avec de nombreuses tenues. R\u00e9veillez la Mae West qui est en vous!  R\u00e9alis\u00e9 \u00e0 la main \u00e0 Bruxelles.  Mod\u00e8le unique avec certificat d&#039;authenticit\u00e9.  &nbsp;    &nbsp;[:]\" \/>\n<meta property=\"og:url\" content=\"https:\/\/ohreallystuff.com\/product\/chapeau-noeud-gris-mae\/\" \/>\n<meta property=\"og:site_name\" content=\"Hats and fashion accessories\" \/>\n<meta property=\"article:publisher\" content=\"https:\/\/www.facebook.com\/ohreallystuff\" \/>\n<meta property=\"article:modified_time\" content=\"2021-06-24T15:37:02+00:00\" \/>\n<meta property=\"og:image\" content=\"https:\/\/ohreallystuff.com\/wp-content\/uploads\/2021\/06\/chapeau-bibi-noeud-gris-mae-2.jpg\" \/>\n\t<meta property=\"og:image:width\" content=\"2000\" \/>\n\t<meta property=\"og:image:height\" content=\"2000\" \/>\n\t<meta property=\"og:image:type\" content=\"image\/jpeg\" \/>\n<meta name=\"twitter:card\" content=\"summary_large_image\" \/>\n<meta name=\"twitter:label1\" content=\"Est. reading time\" \/>\n\t<meta name=\"twitter:data1\" content=\"1 minute\" \/>\n<script type=\"application\/ld+json\" class=\"yoast-schema-graph\">{\"@context\":\"https:\/\/schema.org\",\"@graph\":[{\"@type\":\"WebPage\",\"@id\":\"https:\/\/ohreallystuff.com\/product\/chapeau-noeud-gris-mae\/\",\"url\":\"https:\/\/ohreallystuff.com\/product\/chapeau-noeud-gris-mae\/\",\"name\":\"[:en]Mae - grey[:fr]Mae - gris[:] - Hats and fashion accessories\",\"isPartOf\":{\"@id\":\"https:\/\/ohreallystuff.com\/#website\"},\"primaryImageOfPage\":{\"@id\":\"https:\/\/ohreallystuff.com\/product\/chapeau-noeud-gris-mae\/#primaryimage\"},\"image\":{\"@id\":\"https:\/\/ohreallystuff.com\/product\/chapeau-noeud-gris-mae\/#primaryimage\"},\"thumbnailUrl\":\"https:\/\/ohreallystuff.com\/wp-content\/uploads\/2021\/06\/chapeau-bibi-noeud-gris-mae-2.jpg\",\"datePublished\":\"2021-06-24T15:34:30+00:00\",\"dateModified\":\"2021-06-24T15:37:02+00:00\",\"breadcrumb\":{\"@id\":\"https:\/\/ohreallystuff.com\/product\/chapeau-noeud-gris-mae\/#breadcrumb\"},\"inLanguage\":\"en-US\",\"potentialAction\":[{\"@type\":\"ReadAction\",\"target\":[\"https:\/\/ohreallystuff.com\/product\/chapeau-noeud-gris-mae\/\"]}]},{\"@type\":\"ImageObject\",\"inLanguage\":\"en-US\",\"@id\":\"https:\/\/ohreallystuff.com\/product\/chapeau-noeud-gris-mae\/#primaryimage\",\"url\":\"https:\/\/ohreallystuff.com\/wp-content\/uploads\/2021\/06\/chapeau-bibi-noeud-gris-mae-2.jpg\",\"contentUrl\":\"https:\/\/ohreallystuff.com\/wp-content\/uploads\/2021\/06\/chapeau-bibi-noeud-gris-mae-2.jpg\",\"width\":2000,\"height\":2000},{\"@type\":\"BreadcrumbList\",\"@id\":\"https:\/\/ohreallystuff.com\/product\/chapeau-noeud-gris-mae\/#breadcrumb\",\"itemListElement\":[{\"@type\":\"ListItem\",\"position\":1,\"name\":\"Home\",\"item\":\"https:\/\/ohreallystuff.com\/\"},{\"@type\":\"ListItem\",\"position\":2,\"name\":\"Boutique en ligne\",\"item\":\"https:\/\/ohreallystuff.com\/boutique-en-ligne-de-chapeaux-retro\/\"},{\"@type\":\"ListItem\",\"position\":3,\"name\":\"Mae &#8211; gris\"}]},{\"@type\":\"WebSite\",\"@id\":\"https:\/\/ohreallystuff.com\/#website\",\"url\":\"https:\/\/ohreallystuff.com\/\",\"name\":\"Oh... Really? par Sandra Lacroix\",\"description\":\"Oh... Really? Brussels\",\"publisher\":{\"@id\":\"https:\/\/ohreallystuff.com\/#organization\"},\"potentialAction\":[{\"@type\":\"SearchAction\",\"target\":{\"@type\":\"EntryPoint\",\"urlTemplate\":\"https:\/\/ohreallystuff.com\/?s={search_term_string}\"},\"query-input\":{\"@type\":\"PropertyValueSpecification\",\"valueRequired\":true,\"valueName\":\"search_term_string\"}}],\"inLanguage\":\"en-US\"},{\"@type\":\"Organization\",\"@id\":\"https:\/\/ohreallystuff.com\/#organization\",\"name\":\"Oh Really Sandra lacroix\",\"url\":\"https:\/\/ohreallystuff.com\/\",\"logo\":{\"@type\":\"ImageObject\",\"inLanguage\":\"en-US\",\"@id\":\"https:\/\/ohreallystuff.com\/#\/schema\/logo\/image\/\",\"url\":\"https:\/\/ohreallystuff.com\/wp-content\/uploads\/2014\/12\/logo-slider-ok.png\",\"contentUrl\":\"https:\/\/ohreallystuff.com\/wp-content\/uploads\/2014\/12\/logo-slider-ok.png\",\"width\":350,\"height\":484,\"caption\":\"Oh Really Sandra lacroix\"},\"image\":{\"@id\":\"https:\/\/ohreallystuff.com\/#\/schema\/logo\/image\/\"},\"sameAs\":[\"https:\/\/www.facebook.com\/ohreallystuff\",\"https:\/\/www.instagram.com\/ohreallystuff\/\"]}]}<\/script>\n<!-- \/ Yoast SEO plugin. -->","yoast_head_json":{"title":"[:en]Mae - grey[:fr]Mae - gris[:] - Hats and fashion accessories","robots":{"index":"index","follow":"follow","max-snippet":"max-snippet:-1","max-image-preview":"max-image-preview:large","max-video-preview":"max-video-preview:-1"},"canonical":"https:\/\/ohreallystuff.com\/product\/chapeau-noeud-gris-mae\/","og_locale":"en_US","og_type":"article","og_title":"[:en]Mae - grey[:fr]Mae - gris[:] - Hats and fashion accessories","og_description":"[:en]&nbsp;  It's time to shine : this hat is an eye-catcher. Both refined and exuberant, it will be the perfect accessory to attract all eyes: the star is YOU! In a solid colour, it has the advantage of matching with many outfits. Awaken the Mae West in you!  Handmade in Brussels.  Unique model with certificate of authenticity.  &nbsp;    &nbsp;[:fr]&nbsp;  C'est le moment de flamboyer : ce chapeau attire tous les regards. A la fois raffin\u00e9 et exub\u00e9rant, il sera le parfait accessoire pour attirer tous les regards : la star, c'est vous! De couleur unie, il a l'avantage de s'accorder avec de nombreuses tenues. R\u00e9veillez la Mae West qui est en vous!  R\u00e9alis\u00e9 \u00e0 la main \u00e0 Bruxelles.  Mod\u00e8le unique avec certificat d'authenticit\u00e9.  &nbsp;    &nbsp;[:]","og_url":"https:\/\/ohreallystuff.com\/product\/chapeau-noeud-gris-mae\/","og_site_name":"Hats and fashion accessories","article_publisher":"https:\/\/www.facebook.com\/ohreallystuff","article_modified_time":"2021-06-24T15:37:02+00:00","og_image":[{"width":2000,"height":2000,"url":"https:\/\/ohreallystuff.com\/wp-content\/uploads\/2021\/06\/chapeau-bibi-noeud-gris-mae-2.jpg","type":"image\/jpeg"}],"twitter_card":"summary_large_image","twitter_misc":{"Est. reading time":"1 minute"},"schema":{"@context":"https:\/\/schema.org","@graph":[{"@type":"WebPage","@id":"https:\/\/ohreallystuff.com\/product\/chapeau-noeud-gris-mae\/","url":"https:\/\/ohreallystuff.com\/product\/chapeau-noeud-gris-mae\/","name":"[:en]Mae - grey[:fr]Mae - gris[:] - Hats and fashion accessories","isPartOf":{"@id":"https:\/\/ohreallystuff.com\/#website"},"primaryImageOfPage":{"@id":"https:\/\/ohreallystuff.com\/product\/chapeau-noeud-gris-mae\/#primaryimage"},"image":{"@id":"https:\/\/ohreallystuff.com\/product\/chapeau-noeud-gris-mae\/#primaryimage"},"thumbnailUrl":"https:\/\/ohreallystuff.com\/wp-content\/uploads\/2021\/06\/chapeau-bibi-noeud-gris-mae-2.jpg","datePublished":"2021-06-24T15:34:30+00:00","dateModified":"2021-06-24T15:37:02+00:00","breadcrumb":{"@id":"https:\/\/ohreallystuff.com\/product\/chapeau-noeud-gris-mae\/#breadcrumb"},"inLanguage":"en-US","potentialAction":[{"@type":"ReadAction","target":["https:\/\/ohreallystuff.com\/product\/chapeau-noeud-gris-mae\/"]}]},{"@type":"ImageObject","inLanguage":"en-US","@id":"https:\/\/ohreallystuff.com\/product\/chapeau-noeud-gris-mae\/#primaryimage","url":"https:\/\/ohreallystuff.com\/wp-content\/uploads\/2021\/06\/chapeau-bibi-noeud-gris-mae-2.jpg","contentUrl":"https:\/\/ohreallystuff.com\/wp-content\/uploads\/2021\/06\/chapeau-bibi-noeud-gris-mae-2.jpg","width":2000,"height":2000},{"@type":"BreadcrumbList","@id":"https:\/\/ohreallystuff.com\/product\/chapeau-noeud-gris-mae\/#breadcrumb","itemListElement":[{"@type":"ListItem","position":1,"name":"Home","item":"https:\/\/ohreallystuff.com\/"},{"@type":"ListItem","position":2,"name":"Boutique en ligne","item":"https:\/\/ohreallystuff.com\/boutique-en-ligne-de-chapeaux-retro\/"},{"@type":"ListItem","position":3,"name":"Mae &#8211; gris"}]},{"@type":"WebSite","@id":"https:\/\/ohreallystuff.com\/#website","url":"https:\/\/ohreallystuff.com\/","name":"Oh... Really? par Sandra Lacroix","description":"Oh... Really? Brussels","publisher":{"@id":"https:\/\/ohreallystuff.com\/#organization"},"potentialAction":[{"@type":"SearchAction","target":{"@type":"EntryPoint","urlTemplate":"https:\/\/ohreallystuff.com\/?s={search_term_string}"},"query-input":{"@type":"PropertyValueSpecification","valueRequired":true,"valueName":"search_term_string"}}],"inLanguage":"en-US"},{"@type":"Organization","@id":"https:\/\/ohreallystuff.com\/#organization","name":"Oh Really Sandra lacroix","url":"https:\/\/ohreallystuff.com\/","logo":{"@type":"ImageObject","inLanguage":"en-US","@id":"https:\/\/ohreallystuff.com\/#\/schema\/logo\/image\/","url":"https:\/\/ohreallystuff.com\/wp-content\/uploads\/2014\/12\/logo-slider-ok.png","contentUrl":"https:\/\/ohreallystuff.com\/wp-content\/uploads\/2014\/12\/logo-slider-ok.png","width":350,"height":484,"caption":"Oh Really Sandra lacroix"},"image":{"@id":"https:\/\/ohreallystuff.com\/#\/schema\/logo\/image\/"},"sameAs":["https:\/\/www.facebook.com\/ohreallystuff","https:\/\/www.instagram.com\/ohreallystuff\/"]}]}},"_links":{"self":[{"href":"https:\/\/ohreallystuff.com\/en\/wp-json\/wp\/v2\/product\/61171","targetHints":{"allow":["GET"]}}],"collection":[{"href":"https:\/\/ohreallystuff.com\/en\/wp-json\/wp\/v2\/product"}],"about":[{"href":"https:\/\/ohreallystuff.com\/en\/wp-json\/wp\/v2\/types\/product"}],"wp:featuredmedia":[{"embeddable":true,"href":"https:\/\/ohreallystuff.com\/en\/wp-json\/wp\/v2\/media\/61147"}],"wp:attachment":[{"href":"https:\/\/ohreallystuff.com\/en\/wp-json\/wp\/v2\/media?parent=61171"}],"wp:term":[{"taxonomy":"product_brand","embeddable":true,"href":"https:\/\/ohreallystuff.com\/en\/wp-json\/wp\/v2\/product_brand?post=61171"},{"taxonomy":"product_cat","embeddable":true,"href":"https:\/\/ohreallystuff.com\/en\/wp-json\/wp\/v2\/product_cat?post=61171"},{"taxonomy":"product_tag","embeddable":true,"href":"https:\/\/ohreallystuff.com\/en\/wp-json\/wp\/v2\/product_tag?post=61171"}],"curies":[{"name":"wp","href":"https:\/\/api.w.org\/{rel}","templated":true}]}}