{"id":61132,"date":"2021-06-24T16:13:45","date_gmt":"2021-06-24T14:13:45","guid":{"rendered":"https:\/\/ohreallystuff.com\/?post_type=product&#038;p=61132"},"modified":"2021-06-24T16:15:22","modified_gmt":"2021-06-24T14:15:22","slug":"broche-poisson-noir-bruce","status":"publish","type":"product","link":"https:\/\/ohreallystuff.com\/en\/product\/broche-poisson-noir-bruce\/","title":{"rendered":"Bruce &#8211; black"},"content":{"rendered":"<p><\/p>\n<ul>\n<li><span style=\"color: #333333;\">Entirely handmade in my workshop in Brussels.<\/span><\/li>\n<li><span style=\"color: #333333;\">Upcycled fabric scraps from my millinery activity.<\/span><\/li>\n<li><span style=\"color: #333333;\">Blck faux suede with elephant skin effect.<\/span><\/li>\n<li><span style=\"color: #333333;\">4 layers for strength, volume and rigidity.<\/span><\/li>\n<li><span style=\"color: #333333;\">Size: approximately 7cm x 4.5cm (2.75 in x 1.8 in).<\/span><\/li>\n<li><span style=\"color: #333333;\">2.5cm (1 in) silvery brooch with secure clasp.<\/span><\/li>\n<li><span style=\"color: #333333;\">Certificate of authenticity provided.<\/span><\/li>\n<\/ul>\n<p>&nbsp;<\/p>\n<p><span style=\"color: #333333;\">The brooch was named after the shark Bruce from Steven Spielberg&#8217;s first <em>Jaws<\/em> film (1975). In Peter Benchley&#8217;s original novel, the shark has no name. On the set of the film, crews members called him &#8220;Bruce&#8221; &#8211; a name that some fans use even though it has never been official.<\/span><\/p>","protected":false},"excerpt":{"rendered":"<p>&nbsp;<\/p>\n<p>Be the most radiant mermaid with Bruce! Even if he can be discreet, he knows how to surprise and his cuteness is always a hit! You can&#8217;t resist his charming smile. And, on top of that, he&#8217;s made of upcycled materials!<\/p>\n<p><span style=\"color: #333333;\">Handmade in Belgium.<\/span><\/p>\n<p><span style=\"color: #333333;\">Unique model with certificate of authenticity.<\/span><\/p>\n<p>&nbsp;<\/p>\n<p><img loading=\"lazy\" decoding=\"async\" class=\"alignnone size-full wp-image-53230\" src=\"https:\/\/ohreallystuff.com\/wp-content\/uploads\/2021\/02\/anglais-chapeaux-accessoires-sandra-lacroix-bruxelles-s.jpg\" alt=\"\" width=\"439\" height=\"142\" srcset=\"https:\/\/ohreallystuff.com\/wp-content\/uploads\/2021\/02\/anglais-chapeaux-accessoires-sandra-lacroix-bruxelles-s.jpg 439w, https:\/\/ohreallystuff.com\/wp-content\/uploads\/2021\/02\/anglais-chapeaux-accessoires-sandra-lacroix-bruxelles-s-300x97.jpg 300w\" sizes=\"auto, (max-width: 439px) 100vw, 439px\" \/><\/p>\n<p>&nbsp;<\/p>\n","protected":false},"featured_media":61101,"template":"","meta":[],"product_brand":[],"product_cat":[143,183],"product_tag":[],"class_list":{"0":"post-61132","1":"product","2":"type-product","3":"status-publish","4":"has-post-thumbnail","6":"product_cat-uncategorized","7":"product_cat--brooches","9":"first","10":"instock","11":"sold-individually","12":"taxable","13":"shipping-taxable","14":"purchasable","15":"product-type-simple"},"yoast_head":"<!-- This site is optimized with the Yoast SEO plugin v25.8 - https:\/\/yoast.com\/wordpress\/plugins\/seo\/ -->\n<title>Bruce - black - Hats and fashion accessories<\/title>\n<meta name=\"robots\" content=\"index, follow, max-snippet:-1, max-image-preview:large, max-video-preview:-1\" \/>\n<link rel=\"canonical\" href=\"https:\/\/ohreallystuff.com\/product\/broche-poisson-noir-bruce\/\" \/>\n<meta property=\"og:locale\" content=\"en_US\" \/>\n<meta property=\"og:type\" content=\"article\" \/>\n<meta property=\"og:title\" content=\"[:en]Bruce - black[:fr]Bruce - noir[:] - Hats and fashion accessories\" \/>\n<meta property=\"og:description\" content=\"[:en]&nbsp;  Be the most radiant mermaid with Bruce! Even if he can be discreet, he knows how to surprise and his cuteness is always a hit! You can&#039;t resist his charming smile. And, on top of that, he&#039;s made of upcycled materials!  Handmade in Belgium.  Unique model with certificate of authenticity.  &nbsp;    &nbsp;[:fr]&nbsp;  Soyez la plus rayonnante des sir\u00e8nes avec Bruce! M\u00eame s&#039;il peut se faire discret, il sait surprendre et son charme fait mouche \u00e0 chaque fois! On ne r\u00e9siste pas \u00e0 son sourire enj\u00f4leur. Et, en plus de \u00e7a, il est fait en mati\u00e8res upcycl\u00e9es!  R\u00e9alis\u00e9 \u00e0 la main en Belgique.  Mod\u00e8le unique avec certificat d&#039;authenticit\u00e9.  &nbsp;    &nbsp;[:]\" \/>\n<meta property=\"og:url\" content=\"https:\/\/ohreallystuff.com\/product\/broche-poisson-noir-bruce\/\" \/>\n<meta property=\"og:site_name\" content=\"Hats and fashion accessories\" \/>\n<meta property=\"article:publisher\" content=\"https:\/\/www.facebook.com\/ohreallystuff\" \/>\n<meta property=\"article:modified_time\" content=\"2021-06-24T14:15:22+00:00\" \/>\n<meta property=\"og:image\" content=\"https:\/\/ohreallystuff.com\/wp-content\/uploads\/2021\/06\/broche-poisson-noir-bruce-1.jpg\" \/>\n\t<meta property=\"og:image:width\" content=\"2000\" \/>\n\t<meta property=\"og:image:height\" content=\"2000\" \/>\n\t<meta property=\"og:image:type\" content=\"image\/jpeg\" \/>\n<meta name=\"twitter:card\" content=\"summary_large_image\" \/>\n<meta name=\"twitter:label1\" content=\"Est. reading time\" \/>\n\t<meta name=\"twitter:data1\" content=\"1 minute\" \/>\n<script type=\"application\/ld+json\" class=\"yoast-schema-graph\">{\"@context\":\"https:\/\/schema.org\",\"@graph\":[{\"@type\":\"WebPage\",\"@id\":\"https:\/\/ohreallystuff.com\/product\/broche-poisson-noir-bruce\/\",\"url\":\"https:\/\/ohreallystuff.com\/product\/broche-poisson-noir-bruce\/\",\"name\":\"[:en]Bruce - black[:fr]Bruce - noir[:] - Hats and fashion accessories\",\"isPartOf\":{\"@id\":\"https:\/\/ohreallystuff.com\/#website\"},\"primaryImageOfPage\":{\"@id\":\"https:\/\/ohreallystuff.com\/product\/broche-poisson-noir-bruce\/#primaryimage\"},\"image\":{\"@id\":\"https:\/\/ohreallystuff.com\/product\/broche-poisson-noir-bruce\/#primaryimage\"},\"thumbnailUrl\":\"https:\/\/ohreallystuff.com\/wp-content\/uploads\/2021\/06\/broche-poisson-noir-bruce-1.jpg\",\"datePublished\":\"2021-06-24T14:13:45+00:00\",\"dateModified\":\"2021-06-24T14:15:22+00:00\",\"breadcrumb\":{\"@id\":\"https:\/\/ohreallystuff.com\/product\/broche-poisson-noir-bruce\/#breadcrumb\"},\"inLanguage\":\"en-US\",\"potentialAction\":[{\"@type\":\"ReadAction\",\"target\":[\"https:\/\/ohreallystuff.com\/product\/broche-poisson-noir-bruce\/\"]}]},{\"@type\":\"ImageObject\",\"inLanguage\":\"en-US\",\"@id\":\"https:\/\/ohreallystuff.com\/product\/broche-poisson-noir-bruce\/#primaryimage\",\"url\":\"https:\/\/ohreallystuff.com\/wp-content\/uploads\/2021\/06\/broche-poisson-noir-bruce-1.jpg\",\"contentUrl\":\"https:\/\/ohreallystuff.com\/wp-content\/uploads\/2021\/06\/broche-poisson-noir-bruce-1.jpg\",\"width\":2000,\"height\":2000},{\"@type\":\"BreadcrumbList\",\"@id\":\"https:\/\/ohreallystuff.com\/product\/broche-poisson-noir-bruce\/#breadcrumb\",\"itemListElement\":[{\"@type\":\"ListItem\",\"position\":1,\"name\":\"Home\",\"item\":\"https:\/\/ohreallystuff.com\/\"},{\"@type\":\"ListItem\",\"position\":2,\"name\":\"Boutique en ligne\",\"item\":\"https:\/\/ohreallystuff.com\/boutique-en-ligne-de-chapeaux-retro\/\"},{\"@type\":\"ListItem\",\"position\":3,\"name\":\"Bruce &#8211; noir\"}]},{\"@type\":\"WebSite\",\"@id\":\"https:\/\/ohreallystuff.com\/#website\",\"url\":\"https:\/\/ohreallystuff.com\/\",\"name\":\"Oh... Really? par Sandra Lacroix\",\"description\":\"Oh... Really? Brussels\",\"publisher\":{\"@id\":\"https:\/\/ohreallystuff.com\/#organization\"},\"potentialAction\":[{\"@type\":\"SearchAction\",\"target\":{\"@type\":\"EntryPoint\",\"urlTemplate\":\"https:\/\/ohreallystuff.com\/?s={search_term_string}\"},\"query-input\":{\"@type\":\"PropertyValueSpecification\",\"valueRequired\":true,\"valueName\":\"search_term_string\"}}],\"inLanguage\":\"en-US\"},{\"@type\":\"Organization\",\"@id\":\"https:\/\/ohreallystuff.com\/#organization\",\"name\":\"Oh Really Sandra lacroix\",\"url\":\"https:\/\/ohreallystuff.com\/\",\"logo\":{\"@type\":\"ImageObject\",\"inLanguage\":\"en-US\",\"@id\":\"https:\/\/ohreallystuff.com\/#\/schema\/logo\/image\/\",\"url\":\"https:\/\/ohreallystuff.com\/wp-content\/uploads\/2014\/12\/logo-slider-ok.png\",\"contentUrl\":\"https:\/\/ohreallystuff.com\/wp-content\/uploads\/2014\/12\/logo-slider-ok.png\",\"width\":350,\"height\":484,\"caption\":\"Oh Really Sandra lacroix\"},\"image\":{\"@id\":\"https:\/\/ohreallystuff.com\/#\/schema\/logo\/image\/\"},\"sameAs\":[\"https:\/\/www.facebook.com\/ohreallystuff\",\"https:\/\/www.instagram.com\/ohreallystuff\/\"]}]}<\/script>\n<!-- \/ Yoast SEO plugin. -->","yoast_head_json":{"title":"[:en]Bruce - black[:fr]Bruce - noir[:] - Hats and fashion accessories","robots":{"index":"index","follow":"follow","max-snippet":"max-snippet:-1","max-image-preview":"max-image-preview:large","max-video-preview":"max-video-preview:-1"},"canonical":"https:\/\/ohreallystuff.com\/product\/broche-poisson-noir-bruce\/","og_locale":"en_US","og_type":"article","og_title":"[:en]Bruce - black[:fr]Bruce - noir[:] - Hats and fashion accessories","og_description":"[:en]&nbsp;  Be the most radiant mermaid with Bruce! Even if he can be discreet, he knows how to surprise and his cuteness is always a hit! You can't resist his charming smile. And, on top of that, he's made of upcycled materials!  Handmade in Belgium.  Unique model with certificate of authenticity.  &nbsp;    &nbsp;[:fr]&nbsp;  Soyez la plus rayonnante des sir\u00e8nes avec Bruce! M\u00eame s'il peut se faire discret, il sait surprendre et son charme fait mouche \u00e0 chaque fois! On ne r\u00e9siste pas \u00e0 son sourire enj\u00f4leur. Et, en plus de \u00e7a, il est fait en mati\u00e8res upcycl\u00e9es!  R\u00e9alis\u00e9 \u00e0 la main en Belgique.  Mod\u00e8le unique avec certificat d'authenticit\u00e9.  &nbsp;    &nbsp;[:]","og_url":"https:\/\/ohreallystuff.com\/product\/broche-poisson-noir-bruce\/","og_site_name":"Hats and fashion accessories","article_publisher":"https:\/\/www.facebook.com\/ohreallystuff","article_modified_time":"2021-06-24T14:15:22+00:00","og_image":[{"width":2000,"height":2000,"url":"https:\/\/ohreallystuff.com\/wp-content\/uploads\/2021\/06\/broche-poisson-noir-bruce-1.jpg","type":"image\/jpeg"}],"twitter_card":"summary_large_image","twitter_misc":{"Est. reading time":"1 minute"},"schema":{"@context":"https:\/\/schema.org","@graph":[{"@type":"WebPage","@id":"https:\/\/ohreallystuff.com\/product\/broche-poisson-noir-bruce\/","url":"https:\/\/ohreallystuff.com\/product\/broche-poisson-noir-bruce\/","name":"[:en]Bruce - black[:fr]Bruce - noir[:] - Hats and fashion accessories","isPartOf":{"@id":"https:\/\/ohreallystuff.com\/#website"},"primaryImageOfPage":{"@id":"https:\/\/ohreallystuff.com\/product\/broche-poisson-noir-bruce\/#primaryimage"},"image":{"@id":"https:\/\/ohreallystuff.com\/product\/broche-poisson-noir-bruce\/#primaryimage"},"thumbnailUrl":"https:\/\/ohreallystuff.com\/wp-content\/uploads\/2021\/06\/broche-poisson-noir-bruce-1.jpg","datePublished":"2021-06-24T14:13:45+00:00","dateModified":"2021-06-24T14:15:22+00:00","breadcrumb":{"@id":"https:\/\/ohreallystuff.com\/product\/broche-poisson-noir-bruce\/#breadcrumb"},"inLanguage":"en-US","potentialAction":[{"@type":"ReadAction","target":["https:\/\/ohreallystuff.com\/product\/broche-poisson-noir-bruce\/"]}]},{"@type":"ImageObject","inLanguage":"en-US","@id":"https:\/\/ohreallystuff.com\/product\/broche-poisson-noir-bruce\/#primaryimage","url":"https:\/\/ohreallystuff.com\/wp-content\/uploads\/2021\/06\/broche-poisson-noir-bruce-1.jpg","contentUrl":"https:\/\/ohreallystuff.com\/wp-content\/uploads\/2021\/06\/broche-poisson-noir-bruce-1.jpg","width":2000,"height":2000},{"@type":"BreadcrumbList","@id":"https:\/\/ohreallystuff.com\/product\/broche-poisson-noir-bruce\/#breadcrumb","itemListElement":[{"@type":"ListItem","position":1,"name":"Home","item":"https:\/\/ohreallystuff.com\/"},{"@type":"ListItem","position":2,"name":"Boutique en ligne","item":"https:\/\/ohreallystuff.com\/boutique-en-ligne-de-chapeaux-retro\/"},{"@type":"ListItem","position":3,"name":"Bruce &#8211; noir"}]},{"@type":"WebSite","@id":"https:\/\/ohreallystuff.com\/#website","url":"https:\/\/ohreallystuff.com\/","name":"Oh... Really? par Sandra Lacroix","description":"Oh... Really? Brussels","publisher":{"@id":"https:\/\/ohreallystuff.com\/#organization"},"potentialAction":[{"@type":"SearchAction","target":{"@type":"EntryPoint","urlTemplate":"https:\/\/ohreallystuff.com\/?s={search_term_string}"},"query-input":{"@type":"PropertyValueSpecification","valueRequired":true,"valueName":"search_term_string"}}],"inLanguage":"en-US"},{"@type":"Organization","@id":"https:\/\/ohreallystuff.com\/#organization","name":"Oh Really Sandra lacroix","url":"https:\/\/ohreallystuff.com\/","logo":{"@type":"ImageObject","inLanguage":"en-US","@id":"https:\/\/ohreallystuff.com\/#\/schema\/logo\/image\/","url":"https:\/\/ohreallystuff.com\/wp-content\/uploads\/2014\/12\/logo-slider-ok.png","contentUrl":"https:\/\/ohreallystuff.com\/wp-content\/uploads\/2014\/12\/logo-slider-ok.png","width":350,"height":484,"caption":"Oh Really Sandra lacroix"},"image":{"@id":"https:\/\/ohreallystuff.com\/#\/schema\/logo\/image\/"},"sameAs":["https:\/\/www.facebook.com\/ohreallystuff","https:\/\/www.instagram.com\/ohreallystuff\/"]}]}},"_links":{"self":[{"href":"https:\/\/ohreallystuff.com\/en\/wp-json\/wp\/v2\/product\/61132","targetHints":{"allow":["GET"]}}],"collection":[{"href":"https:\/\/ohreallystuff.com\/en\/wp-json\/wp\/v2\/product"}],"about":[{"href":"https:\/\/ohreallystuff.com\/en\/wp-json\/wp\/v2\/types\/product"}],"wp:featuredmedia":[{"embeddable":true,"href":"https:\/\/ohreallystuff.com\/en\/wp-json\/wp\/v2\/media\/61101"}],"wp:attachment":[{"href":"https:\/\/ohreallystuff.com\/en\/wp-json\/wp\/v2\/media?parent=61132"}],"wp:term":[{"taxonomy":"product_brand","embeddable":true,"href":"https:\/\/ohreallystuff.com\/en\/wp-json\/wp\/v2\/product_brand?post=61132"},{"taxonomy":"product_cat","embeddable":true,"href":"https:\/\/ohreallystuff.com\/en\/wp-json\/wp\/v2\/product_cat?post=61132"},{"taxonomy":"product_tag","embeddable":true,"href":"https:\/\/ohreallystuff.com\/en\/wp-json\/wp\/v2\/product_tag?post=61132"}],"curies":[{"name":"wp","href":"https:\/\/api.w.org\/{rel}","templated":true}]}}