{"id":53577,"date":"2021-05-01T15:15:03","date_gmt":"2021-05-01T13:15:03","guid":{"rendered":"https:\/\/ohreallystuff.com\/?post_type=product&#038;p=53577"},"modified":"2021-05-10T17:26:45","modified_gmt":"2021-05-10T15:26:45","slug":"accessoire-cheveux-fleurs-mauve-kigiku","status":"publish","type":"product","link":"https:\/\/ohreallystuff.com\/en\/product\/accessoire-cheveux-fleurs-mauve-kigiku\/","title":{"rendered":"Kigiku &#8211; purple"},"content":{"rendered":"<p><\/p>\n<ul>\n<li>Entirely handmade in Belgium.<\/li>\n<li>Flowers: white wild silk.<\/li>\n<li>Leaves: purple wild silk, purple Japanese\u00a0Kokka\u00ae fabric with flowers, cotton.<\/li>\n<li>Average flower size: 3.5 cm\/1.4in diameter ; maximum 6 to 7 cm (2.4 to 2.8 in) with leaves.<\/li>\n<li>Metal pin : 6.5 cm \/ 2.6 in.<\/li>\n<li>Certificate of authenticity provided.<\/li>\n<\/ul>\n<p><\/p>","protected":false},"excerpt":{"rendered":"<p>&nbsp;<\/p>\n<p><span style=\"color: #333333;\">Brighten up your day by adorning yourself with Kijiku. Made of precious materials in intense colours, these three fabric roses are the perfect touch to make your hairstyle the most refined of the bunch!\u00a0Wear them alone or all three at once, for special occasions or everyday wear.<\/span><\/p>\n<p><span style=\"color: #333333;\">Set of 3 flowers.<\/span><\/p>\n<p>Entirely handmade in my Brussels workshop.<\/p>\n<p>Unique model with certificate of authenticity.<\/p>\n<p>&nbsp;<\/p>\n<p><img loading=\"lazy\" decoding=\"async\" class=\"alignnone size-full wp-image-53230\" src=\"https:\/\/ohreallystuff.com\/wp-content\/uploads\/2021\/02\/anglais-chapeaux-accessoires-sandra-lacroix-bruxelles-s.jpg\" alt=\"\" width=\"439\" height=\"142\" srcset=\"https:\/\/ohreallystuff.com\/wp-content\/uploads\/2021\/02\/anglais-chapeaux-accessoires-sandra-lacroix-bruxelles-s.jpg 439w, https:\/\/ohreallystuff.com\/wp-content\/uploads\/2021\/02\/anglais-chapeaux-accessoires-sandra-lacroix-bruxelles-s-300x97.jpg 300w\" sizes=\"auto, (max-width: 439px) 100vw, 439px\" \/><\/p>\n<p>&nbsp;<\/p>\n","protected":false},"featured_media":53575,"template":"","meta":[],"product_brand":[],"product_cat":[145,181],"product_tag":[],"class_list":{"0":"post-53577","1":"product","2":"type-product","3":"status-publish","4":"has-post-thumbnail","6":"product_cat-accessoires","7":"product_cat-hair-sticks","9":"first","10":"instock","11":"sold-individually","12":"taxable","13":"shipping-taxable","14":"purchasable","15":"product-type-simple"},"yoast_head":"<!-- This site is optimized with the Yoast SEO plugin v25.8 - https:\/\/yoast.com\/wordpress\/plugins\/seo\/ -->\n<title>Kigiku - purple - Hats and fashion accessories<\/title>\n<meta name=\"robots\" content=\"index, follow, max-snippet:-1, max-image-preview:large, max-video-preview:-1\" \/>\n<link rel=\"canonical\" href=\"https:\/\/ohreallystuff.com\/product\/accessoire-cheveux-fleurs-mauve-kigiku\/\" \/>\n<meta property=\"og:locale\" content=\"en_US\" \/>\n<meta property=\"og:type\" content=\"article\" \/>\n<meta property=\"og:title\" content=\"[:en]Kigiku - purple[:fr]Kigiku - mauve[:] - Hats and fashion accessories\" \/>\n<meta property=\"og:description\" content=\"[:en]&nbsp;  Brighten up your day by adorning yourself with Kijiku. Made of precious materials in intense colours, these three fabric roses are the perfect touch to make your hairstyle the most refined of the bunch!\u00a0Wear them alone or all three at once, for special occasions or everyday wear.  Set of 3 flowers.  Entirely handmade in my Brussels workshop.  Unique model with certificate of authenticity.  &nbsp;    &nbsp;[:fr]&nbsp;  Fleurissez votre journ\u00e9e en vous parant de Kijiku. Faites de mati\u00e8res pr\u00e9cieuses aux couleurs intenses, ces trois roses en tissu sont la touche parfaite pour faire de votre coiffure la plus raffin\u00e9e de l&#039;assembl\u00e9e!\u00a0\u00c0 porter seules ou les trois \u00e0 la fois, pour les grandes occasions ou au quotidien.  Set de 3 fleurs.  Enti\u00e8rement fait \u00e0 la main dans mon atelier bruxellois.  Mod\u00e8le unique avec certificat d&#039;authenticit\u00e9.  &nbsp;    &nbsp;[:]\" \/>\n<meta property=\"og:url\" content=\"https:\/\/ohreallystuff.com\/product\/accessoire-cheveux-fleurs-mauve-kigiku\/\" \/>\n<meta property=\"og:site_name\" content=\"Hats and fashion accessories\" \/>\n<meta property=\"article:publisher\" content=\"https:\/\/www.facebook.com\/ohreallystuff\" \/>\n<meta property=\"article:modified_time\" content=\"2021-05-10T15:26:45+00:00\" \/>\n<meta property=\"og:image\" content=\"https:\/\/ohreallystuff.com\/wp-content\/uploads\/2021\/05\/pic-cheveux-fleurs-violet-kijiku-4.jpg\" \/>\n\t<meta property=\"og:image:width\" content=\"2448\" \/>\n\t<meta property=\"og:image:height\" content=\"2448\" \/>\n\t<meta property=\"og:image:type\" content=\"image\/jpeg\" \/>\n<meta name=\"twitter:card\" content=\"summary_large_image\" \/>\n<script type=\"application\/ld+json\" class=\"yoast-schema-graph\">{\"@context\":\"https:\/\/schema.org\",\"@graph\":[{\"@type\":\"WebPage\",\"@id\":\"https:\/\/ohreallystuff.com\/product\/accessoire-cheveux-fleurs-mauve-kigiku\/\",\"url\":\"https:\/\/ohreallystuff.com\/product\/accessoire-cheveux-fleurs-mauve-kigiku\/\",\"name\":\"[:en]Kigiku - purple[:fr]Kigiku - mauve[:] - Hats and fashion accessories\",\"isPartOf\":{\"@id\":\"https:\/\/ohreallystuff.com\/#website\"},\"primaryImageOfPage\":{\"@id\":\"https:\/\/ohreallystuff.com\/product\/accessoire-cheveux-fleurs-mauve-kigiku\/#primaryimage\"},\"image\":{\"@id\":\"https:\/\/ohreallystuff.com\/product\/accessoire-cheveux-fleurs-mauve-kigiku\/#primaryimage\"},\"thumbnailUrl\":\"https:\/\/ohreallystuff.com\/wp-content\/uploads\/2021\/05\/pic-cheveux-fleurs-violet-kijiku-4.jpg\",\"datePublished\":\"2021-05-01T13:15:03+00:00\",\"dateModified\":\"2021-05-10T15:26:45+00:00\",\"breadcrumb\":{\"@id\":\"https:\/\/ohreallystuff.com\/product\/accessoire-cheveux-fleurs-mauve-kigiku\/#breadcrumb\"},\"inLanguage\":\"en-US\",\"potentialAction\":[{\"@type\":\"ReadAction\",\"target\":[\"https:\/\/ohreallystuff.com\/product\/accessoire-cheveux-fleurs-mauve-kigiku\/\"]}]},{\"@type\":\"ImageObject\",\"inLanguage\":\"en-US\",\"@id\":\"https:\/\/ohreallystuff.com\/product\/accessoire-cheveux-fleurs-mauve-kigiku\/#primaryimage\",\"url\":\"https:\/\/ohreallystuff.com\/wp-content\/uploads\/2021\/05\/pic-cheveux-fleurs-violet-kijiku-4.jpg\",\"contentUrl\":\"https:\/\/ohreallystuff.com\/wp-content\/uploads\/2021\/05\/pic-cheveux-fleurs-violet-kijiku-4.jpg\",\"width\":2448,\"height\":2448},{\"@type\":\"BreadcrumbList\",\"@id\":\"https:\/\/ohreallystuff.com\/product\/accessoire-cheveux-fleurs-mauve-kigiku\/#breadcrumb\",\"itemListElement\":[{\"@type\":\"ListItem\",\"position\":1,\"name\":\"Home\",\"item\":\"https:\/\/ohreallystuff.com\/\"},{\"@type\":\"ListItem\",\"position\":2,\"name\":\"Boutique en ligne\",\"item\":\"https:\/\/ohreallystuff.com\/boutique-en-ligne-de-chapeaux-retro\/\"},{\"@type\":\"ListItem\",\"position\":3,\"name\":\"Kigiku &#8211; mauve\"}]},{\"@type\":\"WebSite\",\"@id\":\"https:\/\/ohreallystuff.com\/#website\",\"url\":\"https:\/\/ohreallystuff.com\/\",\"name\":\"Oh... Really? par Sandra Lacroix\",\"description\":\"Oh... Really? Brussels\",\"publisher\":{\"@id\":\"https:\/\/ohreallystuff.com\/#organization\"},\"potentialAction\":[{\"@type\":\"SearchAction\",\"target\":{\"@type\":\"EntryPoint\",\"urlTemplate\":\"https:\/\/ohreallystuff.com\/?s={search_term_string}\"},\"query-input\":{\"@type\":\"PropertyValueSpecification\",\"valueRequired\":true,\"valueName\":\"search_term_string\"}}],\"inLanguage\":\"en-US\"},{\"@type\":\"Organization\",\"@id\":\"https:\/\/ohreallystuff.com\/#organization\",\"name\":\"Oh Really Sandra lacroix\",\"url\":\"https:\/\/ohreallystuff.com\/\",\"logo\":{\"@type\":\"ImageObject\",\"inLanguage\":\"en-US\",\"@id\":\"https:\/\/ohreallystuff.com\/#\/schema\/logo\/image\/\",\"url\":\"https:\/\/ohreallystuff.com\/wp-content\/uploads\/2014\/12\/logo-slider-ok.png\",\"contentUrl\":\"https:\/\/ohreallystuff.com\/wp-content\/uploads\/2014\/12\/logo-slider-ok.png\",\"width\":350,\"height\":484,\"caption\":\"Oh Really Sandra lacroix\"},\"image\":{\"@id\":\"https:\/\/ohreallystuff.com\/#\/schema\/logo\/image\/\"},\"sameAs\":[\"https:\/\/www.facebook.com\/ohreallystuff\",\"https:\/\/www.instagram.com\/ohreallystuff\/\"]}]}<\/script>\n<!-- \/ Yoast SEO plugin. -->","yoast_head_json":{"title":"[:en]Kigiku - purple[:fr]Kigiku - mauve[:] - Hats and fashion accessories","robots":{"index":"index","follow":"follow","max-snippet":"max-snippet:-1","max-image-preview":"max-image-preview:large","max-video-preview":"max-video-preview:-1"},"canonical":"https:\/\/ohreallystuff.com\/product\/accessoire-cheveux-fleurs-mauve-kigiku\/","og_locale":"en_US","og_type":"article","og_title":"[:en]Kigiku - purple[:fr]Kigiku - mauve[:] - Hats and fashion accessories","og_description":"[:en]&nbsp;  Brighten up your day by adorning yourself with Kijiku. Made of precious materials in intense colours, these three fabric roses are the perfect touch to make your hairstyle the most refined of the bunch!\u00a0Wear them alone or all three at once, for special occasions or everyday wear.  Set of 3 flowers.  Entirely handmade in my Brussels workshop.  Unique model with certificate of authenticity.  &nbsp;    &nbsp;[:fr]&nbsp;  Fleurissez votre journ\u00e9e en vous parant de Kijiku. Faites de mati\u00e8res pr\u00e9cieuses aux couleurs intenses, ces trois roses en tissu sont la touche parfaite pour faire de votre coiffure la plus raffin\u00e9e de l'assembl\u00e9e!\u00a0\u00c0 porter seules ou les trois \u00e0 la fois, pour les grandes occasions ou au quotidien.  Set de 3 fleurs.  Enti\u00e8rement fait \u00e0 la main dans mon atelier bruxellois.  Mod\u00e8le unique avec certificat d'authenticit\u00e9.  &nbsp;    &nbsp;[:]","og_url":"https:\/\/ohreallystuff.com\/product\/accessoire-cheveux-fleurs-mauve-kigiku\/","og_site_name":"Hats and fashion accessories","article_publisher":"https:\/\/www.facebook.com\/ohreallystuff","article_modified_time":"2021-05-10T15:26:45+00:00","og_image":[{"width":2448,"height":2448,"url":"https:\/\/ohreallystuff.com\/wp-content\/uploads\/2021\/05\/pic-cheveux-fleurs-violet-kijiku-4.jpg","type":"image\/jpeg"}],"twitter_card":"summary_large_image","schema":{"@context":"https:\/\/schema.org","@graph":[{"@type":"WebPage","@id":"https:\/\/ohreallystuff.com\/product\/accessoire-cheveux-fleurs-mauve-kigiku\/","url":"https:\/\/ohreallystuff.com\/product\/accessoire-cheveux-fleurs-mauve-kigiku\/","name":"[:en]Kigiku - purple[:fr]Kigiku - mauve[:] - Hats and fashion accessories","isPartOf":{"@id":"https:\/\/ohreallystuff.com\/#website"},"primaryImageOfPage":{"@id":"https:\/\/ohreallystuff.com\/product\/accessoire-cheveux-fleurs-mauve-kigiku\/#primaryimage"},"image":{"@id":"https:\/\/ohreallystuff.com\/product\/accessoire-cheveux-fleurs-mauve-kigiku\/#primaryimage"},"thumbnailUrl":"https:\/\/ohreallystuff.com\/wp-content\/uploads\/2021\/05\/pic-cheveux-fleurs-violet-kijiku-4.jpg","datePublished":"2021-05-01T13:15:03+00:00","dateModified":"2021-05-10T15:26:45+00:00","breadcrumb":{"@id":"https:\/\/ohreallystuff.com\/product\/accessoire-cheveux-fleurs-mauve-kigiku\/#breadcrumb"},"inLanguage":"en-US","potentialAction":[{"@type":"ReadAction","target":["https:\/\/ohreallystuff.com\/product\/accessoire-cheveux-fleurs-mauve-kigiku\/"]}]},{"@type":"ImageObject","inLanguage":"en-US","@id":"https:\/\/ohreallystuff.com\/product\/accessoire-cheveux-fleurs-mauve-kigiku\/#primaryimage","url":"https:\/\/ohreallystuff.com\/wp-content\/uploads\/2021\/05\/pic-cheveux-fleurs-violet-kijiku-4.jpg","contentUrl":"https:\/\/ohreallystuff.com\/wp-content\/uploads\/2021\/05\/pic-cheveux-fleurs-violet-kijiku-4.jpg","width":2448,"height":2448},{"@type":"BreadcrumbList","@id":"https:\/\/ohreallystuff.com\/product\/accessoire-cheveux-fleurs-mauve-kigiku\/#breadcrumb","itemListElement":[{"@type":"ListItem","position":1,"name":"Home","item":"https:\/\/ohreallystuff.com\/"},{"@type":"ListItem","position":2,"name":"Boutique en ligne","item":"https:\/\/ohreallystuff.com\/boutique-en-ligne-de-chapeaux-retro\/"},{"@type":"ListItem","position":3,"name":"Kigiku &#8211; mauve"}]},{"@type":"WebSite","@id":"https:\/\/ohreallystuff.com\/#website","url":"https:\/\/ohreallystuff.com\/","name":"Oh... Really? par Sandra Lacroix","description":"Oh... Really? Brussels","publisher":{"@id":"https:\/\/ohreallystuff.com\/#organization"},"potentialAction":[{"@type":"SearchAction","target":{"@type":"EntryPoint","urlTemplate":"https:\/\/ohreallystuff.com\/?s={search_term_string}"},"query-input":{"@type":"PropertyValueSpecification","valueRequired":true,"valueName":"search_term_string"}}],"inLanguage":"en-US"},{"@type":"Organization","@id":"https:\/\/ohreallystuff.com\/#organization","name":"Oh Really Sandra lacroix","url":"https:\/\/ohreallystuff.com\/","logo":{"@type":"ImageObject","inLanguage":"en-US","@id":"https:\/\/ohreallystuff.com\/#\/schema\/logo\/image\/","url":"https:\/\/ohreallystuff.com\/wp-content\/uploads\/2014\/12\/logo-slider-ok.png","contentUrl":"https:\/\/ohreallystuff.com\/wp-content\/uploads\/2014\/12\/logo-slider-ok.png","width":350,"height":484,"caption":"Oh Really Sandra lacroix"},"image":{"@id":"https:\/\/ohreallystuff.com\/#\/schema\/logo\/image\/"},"sameAs":["https:\/\/www.facebook.com\/ohreallystuff","https:\/\/www.instagram.com\/ohreallystuff\/"]}]}},"_links":{"self":[{"href":"https:\/\/ohreallystuff.com\/en\/wp-json\/wp\/v2\/product\/53577","targetHints":{"allow":["GET"]}}],"collection":[{"href":"https:\/\/ohreallystuff.com\/en\/wp-json\/wp\/v2\/product"}],"about":[{"href":"https:\/\/ohreallystuff.com\/en\/wp-json\/wp\/v2\/types\/product"}],"wp:featuredmedia":[{"embeddable":true,"href":"https:\/\/ohreallystuff.com\/en\/wp-json\/wp\/v2\/media\/53575"}],"wp:attachment":[{"href":"https:\/\/ohreallystuff.com\/en\/wp-json\/wp\/v2\/media?parent=53577"}],"wp:term":[{"taxonomy":"product_brand","embeddable":true,"href":"https:\/\/ohreallystuff.com\/en\/wp-json\/wp\/v2\/product_brand?post=53577"},{"taxonomy":"product_cat","embeddable":true,"href":"https:\/\/ohreallystuff.com\/en\/wp-json\/wp\/v2\/product_cat?post=53577"},{"taxonomy":"product_tag","embeddable":true,"href":"https:\/\/ohreallystuff.com\/en\/wp-json\/wp\/v2\/product_tag?post=53577"}],"curies":[{"name":"wp","href":"https:\/\/api.w.org\/{rel}","templated":true}]}}