{"id":53553,"date":"2021-04-24T00:01:17","date_gmt":"2021-04-23T22:01:17","guid":{"rendered":"https:\/\/ohreallystuff.com\/?post_type=product&#038;p=53553"},"modified":"2021-04-24T00:03:20","modified_gmt":"2021-04-23T22:03:20","slug":"broche-dent-blanc-nacre-orlok","status":"publish","type":"product","link":"https:\/\/ohreallystuff.com\/en\/product\/broche-dent-blanc-nacre-orlok\/","title":{"rendered":"Orlok &#8211; pearly"},"content":{"rendered":"<p><\/p>\n<ul>\n<li><span style=\"color: #333333;\">Entirely handmade in my workshop in Brussels.<\/span><\/li>\n<li><span style=\"color: #333333;\">Upcycled fabric scraps from my millinery activity.<\/span><\/li>\n<li><span style=\"color: #333333;\">Pearly white faux leather.<\/span><\/li>\n<li><span style=\"color: #333333;\">4 layers for strength, volume and rigidity.<\/span><\/li>\n<li><span style=\"color: #333333;\">Size: approximately 8cm x 4.5cm (3.1 in x 1.8 in).<\/span><\/li>\n<li><span style=\"color: #333333;\">2.5cm (1 in) golden brooch with secure clasp.<\/span><\/li>\n<li><span style=\"color: #333333;\">Certificate of authenticity provided.<\/span><\/li>\n<\/ul>\n<p>&nbsp;<\/p>\n<p><span style=\"color: #333333;\">The name of the brooch refers to Count Orlok, who is actually the vampire Nosferatu in Friedriech Whilhelm Murnau&#8217;s German film <em>Nosferatu\u00a0 : a symphony of horror<\/em> (1922).<\/span><\/p>","protected":false},"excerpt":{"rendered":"<p>&nbsp;<\/p>\n<p><span style=\"color: #333333;\">An accessory with bite! At your next social event, Orlok will help you catch the eye of the guests. Whether you use it to decorate your blouse, your bag or your belt, it will make you the idol of the evening.\u00a0And &#8211; on top of that &#8211; it&#8217;s made of upcycled materials!<\/span><\/p>\n<p><span style=\"color: #333333;\">Handmade in Belgium.<\/span><\/p>\n<p><span style=\"color: #333333;\">Unique model with certificate of authenticity.<\/span><\/p>\n<p>&nbsp;<\/p>\n<p><img loading=\"lazy\" decoding=\"async\" class=\"alignnone size-full wp-image-53230\" src=\"https:\/\/ohreallystuff.com\/wp-content\/uploads\/2021\/02\/anglais-chapeaux-accessoires-sandra-lacroix-bruxelles-s.jpg\" alt=\"\" width=\"439\" height=\"142\" srcset=\"https:\/\/ohreallystuff.com\/wp-content\/uploads\/2021\/02\/anglais-chapeaux-accessoires-sandra-lacroix-bruxelles-s.jpg 439w, https:\/\/ohreallystuff.com\/wp-content\/uploads\/2021\/02\/anglais-chapeaux-accessoires-sandra-lacroix-bruxelles-s-300x97.jpg 300w\" sizes=\"auto, (max-width: 439px) 100vw, 439px\" \/><\/p>\n<p>&nbsp;<\/p>\n","protected":false},"featured_media":53521,"template":"","meta":[],"product_brand":[],"product_cat":[143,183],"product_tag":[],"class_list":{"0":"post-53553","1":"product","2":"type-product","3":"status-publish","4":"has-post-thumbnail","6":"product_cat-uncategorized","7":"product_cat--brooches","9":"first","10":"instock","11":"sold-individually","12":"taxable","13":"shipping-taxable","14":"purchasable","15":"product-type-simple"},"yoast_head":"<!-- This site is optimized with the Yoast SEO plugin v25.8 - https:\/\/yoast.com\/wordpress\/plugins\/seo\/ -->\n<title>Orlok - pearly - Hats and fashion accessories<\/title>\n<meta name=\"robots\" content=\"index, follow, max-snippet:-1, max-image-preview:large, max-video-preview:-1\" \/>\n<link rel=\"canonical\" href=\"https:\/\/ohreallystuff.com\/product\/broche-dent-blanc-nacre-orlok\/\" \/>\n<meta property=\"og:locale\" content=\"en_US\" \/>\n<meta property=\"og:type\" content=\"article\" \/>\n<meta property=\"og:title\" content=\"[:en]Orlok - pearly[:fr]Orlok - nacr\u00e9[:] - Hats and fashion accessories\" \/>\n<meta property=\"og:description\" content=\"[:en]&nbsp;  An accessory with bite! At your next social event, Orlok will help you catch the eye of the guests. Whether you use it to decorate your blouse, your bag or your belt, it will make you the idol of the evening.\u00a0And - on top of that - it&#039;s made of upcycled materials!  Handmade in Belgium.  Unique model with certificate of authenticity.  &nbsp;    &nbsp;[:fr]&nbsp;  Un accessoire qui a du mordant! Lors de votre prochaine apparition mondaine, Orlok vous aidera \u00e0 vampiriser le regard des invit\u00e9s. Qu&#039;il serve \u00e0 d\u00e9corer votre chemisier, votre sac ou votre ceinture, il fera de vous l\u2019idole de la soir\u00e9e. Et, en plus de \u00e7a, il est fait en mati\u00e8res upcycl\u00e9es!  R\u00e9alis\u00e9 \u00e0 la main en Belgique.  Mod\u00e8le unique avec certificat d&#039;authenticit\u00e9.  &nbsp;    &nbsp;[:]\" \/>\n<meta property=\"og:url\" content=\"https:\/\/ohreallystuff.com\/product\/broche-dent-blanc-nacre-orlok\/\" \/>\n<meta property=\"og:site_name\" content=\"Hats and fashion accessories\" \/>\n<meta property=\"article:publisher\" content=\"https:\/\/www.facebook.com\/ohreallystuff\" \/>\n<meta property=\"article:modified_time\" content=\"2021-04-23T22:03:20+00:00\" \/>\n<meta property=\"og:image\" content=\"https:\/\/ohreallystuff.com\/wp-content\/uploads\/2021\/04\/broche-dent-blanc-grains-orlok-1.jpg\" \/>\n\t<meta property=\"og:image:width\" content=\"2000\" \/>\n\t<meta property=\"og:image:height\" content=\"2000\" \/>\n\t<meta property=\"og:image:type\" content=\"image\/jpeg\" \/>\n<meta name=\"twitter:card\" content=\"summary_large_image\" \/>\n<meta name=\"twitter:label1\" content=\"Est. reading time\" \/>\n\t<meta name=\"twitter:data1\" content=\"1 minute\" \/>\n<script type=\"application\/ld+json\" class=\"yoast-schema-graph\">{\"@context\":\"https:\/\/schema.org\",\"@graph\":[{\"@type\":\"WebPage\",\"@id\":\"https:\/\/ohreallystuff.com\/product\/broche-dent-blanc-nacre-orlok\/\",\"url\":\"https:\/\/ohreallystuff.com\/product\/broche-dent-blanc-nacre-orlok\/\",\"name\":\"[:en]Orlok - pearly[:fr]Orlok - nacr\u00e9[:] - Hats and fashion accessories\",\"isPartOf\":{\"@id\":\"https:\/\/ohreallystuff.com\/#website\"},\"primaryImageOfPage\":{\"@id\":\"https:\/\/ohreallystuff.com\/product\/broche-dent-blanc-nacre-orlok\/#primaryimage\"},\"image\":{\"@id\":\"https:\/\/ohreallystuff.com\/product\/broche-dent-blanc-nacre-orlok\/#primaryimage\"},\"thumbnailUrl\":\"https:\/\/ohreallystuff.com\/wp-content\/uploads\/2021\/04\/broche-dent-blanc-grains-orlok-1.jpg\",\"datePublished\":\"2021-04-23T22:01:17+00:00\",\"dateModified\":\"2021-04-23T22:03:20+00:00\",\"breadcrumb\":{\"@id\":\"https:\/\/ohreallystuff.com\/product\/broche-dent-blanc-nacre-orlok\/#breadcrumb\"},\"inLanguage\":\"en-US\",\"potentialAction\":[{\"@type\":\"ReadAction\",\"target\":[\"https:\/\/ohreallystuff.com\/product\/broche-dent-blanc-nacre-orlok\/\"]}]},{\"@type\":\"ImageObject\",\"inLanguage\":\"en-US\",\"@id\":\"https:\/\/ohreallystuff.com\/product\/broche-dent-blanc-nacre-orlok\/#primaryimage\",\"url\":\"https:\/\/ohreallystuff.com\/wp-content\/uploads\/2021\/04\/broche-dent-blanc-grains-orlok-1.jpg\",\"contentUrl\":\"https:\/\/ohreallystuff.com\/wp-content\/uploads\/2021\/04\/broche-dent-blanc-grains-orlok-1.jpg\",\"width\":2000,\"height\":2000},{\"@type\":\"BreadcrumbList\",\"@id\":\"https:\/\/ohreallystuff.com\/product\/broche-dent-blanc-nacre-orlok\/#breadcrumb\",\"itemListElement\":[{\"@type\":\"ListItem\",\"position\":1,\"name\":\"Home\",\"item\":\"https:\/\/ohreallystuff.com\/\"},{\"@type\":\"ListItem\",\"position\":2,\"name\":\"Boutique en ligne\",\"item\":\"https:\/\/ohreallystuff.com\/boutique-en-ligne-de-chapeaux-retro\/\"},{\"@type\":\"ListItem\",\"position\":3,\"name\":\"Orlok &#8211; nacr\u00e9\"}]},{\"@type\":\"WebSite\",\"@id\":\"https:\/\/ohreallystuff.com\/#website\",\"url\":\"https:\/\/ohreallystuff.com\/\",\"name\":\"Oh... Really? par Sandra Lacroix\",\"description\":\"Oh... Really? Brussels\",\"publisher\":{\"@id\":\"https:\/\/ohreallystuff.com\/#organization\"},\"potentialAction\":[{\"@type\":\"SearchAction\",\"target\":{\"@type\":\"EntryPoint\",\"urlTemplate\":\"https:\/\/ohreallystuff.com\/?s={search_term_string}\"},\"query-input\":{\"@type\":\"PropertyValueSpecification\",\"valueRequired\":true,\"valueName\":\"search_term_string\"}}],\"inLanguage\":\"en-US\"},{\"@type\":\"Organization\",\"@id\":\"https:\/\/ohreallystuff.com\/#organization\",\"name\":\"Oh Really Sandra lacroix\",\"url\":\"https:\/\/ohreallystuff.com\/\",\"logo\":{\"@type\":\"ImageObject\",\"inLanguage\":\"en-US\",\"@id\":\"https:\/\/ohreallystuff.com\/#\/schema\/logo\/image\/\",\"url\":\"https:\/\/ohreallystuff.com\/wp-content\/uploads\/2014\/12\/logo-slider-ok.png\",\"contentUrl\":\"https:\/\/ohreallystuff.com\/wp-content\/uploads\/2014\/12\/logo-slider-ok.png\",\"width\":350,\"height\":484,\"caption\":\"Oh Really Sandra lacroix\"},\"image\":{\"@id\":\"https:\/\/ohreallystuff.com\/#\/schema\/logo\/image\/\"},\"sameAs\":[\"https:\/\/www.facebook.com\/ohreallystuff\",\"https:\/\/www.instagram.com\/ohreallystuff\/\"]}]}<\/script>\n<!-- \/ Yoast SEO plugin. -->","yoast_head_json":{"title":"[:en]Orlok - pearly[:fr]Orlok - nacr\u00e9[:] - Hats and fashion accessories","robots":{"index":"index","follow":"follow","max-snippet":"max-snippet:-1","max-image-preview":"max-image-preview:large","max-video-preview":"max-video-preview:-1"},"canonical":"https:\/\/ohreallystuff.com\/product\/broche-dent-blanc-nacre-orlok\/","og_locale":"en_US","og_type":"article","og_title":"[:en]Orlok - pearly[:fr]Orlok - nacr\u00e9[:] - Hats and fashion accessories","og_description":"[:en]&nbsp;  An accessory with bite! At your next social event, Orlok will help you catch the eye of the guests. Whether you use it to decorate your blouse, your bag or your belt, it will make you the idol of the evening.\u00a0And - on top of that - it's made of upcycled materials!  Handmade in Belgium.  Unique model with certificate of authenticity.  &nbsp;    &nbsp;[:fr]&nbsp;  Un accessoire qui a du mordant! Lors de votre prochaine apparition mondaine, Orlok vous aidera \u00e0 vampiriser le regard des invit\u00e9s. Qu'il serve \u00e0 d\u00e9corer votre chemisier, votre sac ou votre ceinture, il fera de vous l\u2019idole de la soir\u00e9e. Et, en plus de \u00e7a, il est fait en mati\u00e8res upcycl\u00e9es!  R\u00e9alis\u00e9 \u00e0 la main en Belgique.  Mod\u00e8le unique avec certificat d'authenticit\u00e9.  &nbsp;    &nbsp;[:]","og_url":"https:\/\/ohreallystuff.com\/product\/broche-dent-blanc-nacre-orlok\/","og_site_name":"Hats and fashion accessories","article_publisher":"https:\/\/www.facebook.com\/ohreallystuff","article_modified_time":"2021-04-23T22:03:20+00:00","og_image":[{"width":2000,"height":2000,"url":"https:\/\/ohreallystuff.com\/wp-content\/uploads\/2021\/04\/broche-dent-blanc-grains-orlok-1.jpg","type":"image\/jpeg"}],"twitter_card":"summary_large_image","twitter_misc":{"Est. reading time":"1 minute"},"schema":{"@context":"https:\/\/schema.org","@graph":[{"@type":"WebPage","@id":"https:\/\/ohreallystuff.com\/product\/broche-dent-blanc-nacre-orlok\/","url":"https:\/\/ohreallystuff.com\/product\/broche-dent-blanc-nacre-orlok\/","name":"[:en]Orlok - pearly[:fr]Orlok - nacr\u00e9[:] - Hats and fashion accessories","isPartOf":{"@id":"https:\/\/ohreallystuff.com\/#website"},"primaryImageOfPage":{"@id":"https:\/\/ohreallystuff.com\/product\/broche-dent-blanc-nacre-orlok\/#primaryimage"},"image":{"@id":"https:\/\/ohreallystuff.com\/product\/broche-dent-blanc-nacre-orlok\/#primaryimage"},"thumbnailUrl":"https:\/\/ohreallystuff.com\/wp-content\/uploads\/2021\/04\/broche-dent-blanc-grains-orlok-1.jpg","datePublished":"2021-04-23T22:01:17+00:00","dateModified":"2021-04-23T22:03:20+00:00","breadcrumb":{"@id":"https:\/\/ohreallystuff.com\/product\/broche-dent-blanc-nacre-orlok\/#breadcrumb"},"inLanguage":"en-US","potentialAction":[{"@type":"ReadAction","target":["https:\/\/ohreallystuff.com\/product\/broche-dent-blanc-nacre-orlok\/"]}]},{"@type":"ImageObject","inLanguage":"en-US","@id":"https:\/\/ohreallystuff.com\/product\/broche-dent-blanc-nacre-orlok\/#primaryimage","url":"https:\/\/ohreallystuff.com\/wp-content\/uploads\/2021\/04\/broche-dent-blanc-grains-orlok-1.jpg","contentUrl":"https:\/\/ohreallystuff.com\/wp-content\/uploads\/2021\/04\/broche-dent-blanc-grains-orlok-1.jpg","width":2000,"height":2000},{"@type":"BreadcrumbList","@id":"https:\/\/ohreallystuff.com\/product\/broche-dent-blanc-nacre-orlok\/#breadcrumb","itemListElement":[{"@type":"ListItem","position":1,"name":"Home","item":"https:\/\/ohreallystuff.com\/"},{"@type":"ListItem","position":2,"name":"Boutique en ligne","item":"https:\/\/ohreallystuff.com\/boutique-en-ligne-de-chapeaux-retro\/"},{"@type":"ListItem","position":3,"name":"Orlok &#8211; nacr\u00e9"}]},{"@type":"WebSite","@id":"https:\/\/ohreallystuff.com\/#website","url":"https:\/\/ohreallystuff.com\/","name":"Oh... Really? par Sandra Lacroix","description":"Oh... Really? Brussels","publisher":{"@id":"https:\/\/ohreallystuff.com\/#organization"},"potentialAction":[{"@type":"SearchAction","target":{"@type":"EntryPoint","urlTemplate":"https:\/\/ohreallystuff.com\/?s={search_term_string}"},"query-input":{"@type":"PropertyValueSpecification","valueRequired":true,"valueName":"search_term_string"}}],"inLanguage":"en-US"},{"@type":"Organization","@id":"https:\/\/ohreallystuff.com\/#organization","name":"Oh Really Sandra lacroix","url":"https:\/\/ohreallystuff.com\/","logo":{"@type":"ImageObject","inLanguage":"en-US","@id":"https:\/\/ohreallystuff.com\/#\/schema\/logo\/image\/","url":"https:\/\/ohreallystuff.com\/wp-content\/uploads\/2014\/12\/logo-slider-ok.png","contentUrl":"https:\/\/ohreallystuff.com\/wp-content\/uploads\/2014\/12\/logo-slider-ok.png","width":350,"height":484,"caption":"Oh Really Sandra lacroix"},"image":{"@id":"https:\/\/ohreallystuff.com\/#\/schema\/logo\/image\/"},"sameAs":["https:\/\/www.facebook.com\/ohreallystuff","https:\/\/www.instagram.com\/ohreallystuff\/"]}]}},"_links":{"self":[{"href":"https:\/\/ohreallystuff.com\/en\/wp-json\/wp\/v2\/product\/53553","targetHints":{"allow":["GET"]}}],"collection":[{"href":"https:\/\/ohreallystuff.com\/en\/wp-json\/wp\/v2\/product"}],"about":[{"href":"https:\/\/ohreallystuff.com\/en\/wp-json\/wp\/v2\/types\/product"}],"wp:featuredmedia":[{"embeddable":true,"href":"https:\/\/ohreallystuff.com\/en\/wp-json\/wp\/v2\/media\/53521"}],"wp:attachment":[{"href":"https:\/\/ohreallystuff.com\/en\/wp-json\/wp\/v2\/media?parent=53553"}],"wp:term":[{"taxonomy":"product_brand","embeddable":true,"href":"https:\/\/ohreallystuff.com\/en\/wp-json\/wp\/v2\/product_brand?post=53553"},{"taxonomy":"product_cat","embeddable":true,"href":"https:\/\/ohreallystuff.com\/en\/wp-json\/wp\/v2\/product_cat?post=53553"},{"taxonomy":"product_tag","embeddable":true,"href":"https:\/\/ohreallystuff.com\/en\/wp-json\/wp\/v2\/product_tag?post=53553"}],"curies":[{"name":"wp","href":"https:\/\/api.w.org\/{rel}","templated":true}]}}