{"id":53499,"date":"2021-04-21T13:26:20","date_gmt":"2021-04-21T11:26:20","guid":{"rendered":"https:\/\/ohreallystuff.com\/?post_type=product&#038;p=53499"},"modified":"2021-04-22T00:21:22","modified_gmt":"2021-04-21T22:21:22","slug":"broche-tete-de-mort-crane-rose-yorick","status":"publish","type":"product","link":"https:\/\/ohreallystuff.com\/en\/product\/broche-tete-de-mort-crane-rose-yorick\/","title":{"rendered":"Yorick &#8211; fuchsia"},"content":{"rendered":"<p><\/p>\n<ul>\n<li><span style=\"color: #333333;\">Entirely handmade in Belgium.<\/span><\/li>\n<li><span style=\"color: #333333;\">Upcycled fabric scraps and haberdashery surplus from my millinery activity.<\/span><\/li>\n<li><span style=\"color: #333333;\">Skull in fuchsia pink suede with croco effect ; burgundy nose and black teeth in real leather.<\/span><\/li>\n<li><span style=\"color: #333333;\">Eyes in black plastic and grey wood buttons.<\/span><\/li>\n<li><span style=\"color: #333333;\">4 layers for strength, volume and rigidity.<\/span><\/li>\n<li><span style=\"color: #333333;\">Size : approximately 5 cm x 4 cm (2 in x 1.6 in).<\/span><\/li>\n<li><span style=\"color: #333333;\">2.5 cm (1 in) silvery brooch with secure clasp.<\/span><\/li>\n<li><span style=\"color: #333333;\">Certificate of authenticity provided.<\/span><\/li>\n<\/ul>\n<p>&nbsp;<\/p>\n<p><span style=\"color: #333333;\">It is named after the skull of the character Yorick, former jester to the King of Denmark, who is exhumed in Act V of William Shakespeare&#8217;s play <em>Hamlet<\/em> (1603).<\/span><\/p>","protected":false},"excerpt":{"rendered":"<p>&nbsp;<\/p>\n<p><span style=\"color: #333333;\">Here is the last accessory that was missing from your outfit! Give your jacket, your belt or your bag a &#8220;Boo!&#8221; effect with the charming Yorick &#8211; it will make many jealous! Its little extra that will make you fall in love with it?\u00a0It is entirely made of upcycled materials!<\/span><\/p>\n<p><span style=\"color: #333333;\">Handmade in my Brussels workshop.<\/span><\/p>\n<p><span style=\"color: #333333;\">Unique model with certificate of authenticity.<\/span><\/p>\n<p>&nbsp;<\/p>\n<p><img loading=\"lazy\" decoding=\"async\" class=\"alignnone size-full wp-image-53230\" src=\"https:\/\/ohreallystuff.com\/wp-content\/uploads\/2021\/02\/anglais-chapeaux-accessoires-sandra-lacroix-bruxelles-s.jpg\" alt=\"\" width=\"439\" height=\"142\" srcset=\"https:\/\/ohreallystuff.com\/wp-content\/uploads\/2021\/02\/anglais-chapeaux-accessoires-sandra-lacroix-bruxelles-s.jpg 439w, https:\/\/ohreallystuff.com\/wp-content\/uploads\/2021\/02\/anglais-chapeaux-accessoires-sandra-lacroix-bruxelles-s-300x97.jpg 300w\" sizes=\"auto, (max-width: 439px) 100vw, 439px\" \/><\/p>\n<p>&nbsp;<\/p>\n","protected":false},"featured_media":53497,"template":"","meta":[],"product_brand":[],"product_cat":[143,183],"product_tag":[],"class_list":{"0":"post-53499","1":"product","2":"type-product","3":"status-publish","4":"has-post-thumbnail","6":"product_cat-uncategorized","7":"product_cat--brooches","9":"first","10":"instock","11":"sold-individually","12":"taxable","13":"shipping-taxable","14":"purchasable","15":"product-type-simple"},"yoast_head":"<!-- This site is optimized with the Yoast SEO plugin v25.8 - https:\/\/yoast.com\/wordpress\/plugins\/seo\/ -->\n<title>Yorick - fuchsia - Hats and fashion accessories<\/title>\n<meta name=\"robots\" content=\"index, follow, max-snippet:-1, max-image-preview:large, max-video-preview:-1\" \/>\n<link rel=\"canonical\" href=\"https:\/\/ohreallystuff.com\/product\/broche-tete-de-mort-crane-rose-yorick\/\" \/>\n<meta property=\"og:locale\" content=\"en_US\" \/>\n<meta property=\"og:type\" content=\"article\" \/>\n<meta property=\"og:title\" content=\"Yorick - fuchsia - Hats and fashion accessories\" \/>\n<meta property=\"og:description\" content=\"[:en]&nbsp;  Here is the last accessory that was missing from your outfit! Give your jacket, your belt or your bag a &quot;Boo!&quot; effect with the charming Yorick - it will make many jealous! Its little extra that will make you fall in love with it?\u00a0It is entirely made of upcycled materials!  Handmade in my Brussels workshop.  Unique model with certificate of authenticity.  &nbsp;    &nbsp;[:fr]&nbsp;  Voici le dernier accessoire qui manquait \u00e0 votre tenue! Donnez un effet &quot;Bouuuh!&quot; \u00e0 votre veste, votre ceinture ou votre sac avec le charmant Yorick qui en fera p\u00e2lir de jalousie plus d&#039;un! Son petit plus qui vous fera craquer : il est enti\u00e8rement en mati\u00e8res upcycl\u00e9es!  Fait \u00e0 la main dans mon atelier bruxellois.  Mod\u00e8le unique avec certificat d&#039;authenticit\u00e9.  &nbsp;    &nbsp;[:]\" \/>\n<meta property=\"og:url\" content=\"https:\/\/ohreallystuff.com\/product\/broche-tete-de-mort-crane-rose-yorick\/\" \/>\n<meta property=\"og:site_name\" content=\"Hats and fashion accessories\" \/>\n<meta property=\"article:publisher\" content=\"https:\/\/www.facebook.com\/ohreallystuff\" \/>\n<meta property=\"article:modified_time\" content=\"2021-04-21T22:21:22+00:00\" \/>\n<meta property=\"og:image\" content=\"https:\/\/ohreallystuff.com\/wp-content\/uploads\/2021\/04\/broche-tete-de-mort-crane-rose-yorick-1.jpg\" \/>\n\t<meta property=\"og:image:width\" content=\"2000\" \/>\n\t<meta property=\"og:image:height\" content=\"2000\" \/>\n\t<meta property=\"og:image:type\" content=\"image\/jpeg\" \/>\n<meta name=\"twitter:card\" content=\"summary_large_image\" \/>\n<meta name=\"twitter:label1\" content=\"Est. reading time\" \/>\n\t<meta name=\"twitter:data1\" content=\"1 minute\" \/>\n<script type=\"application\/ld+json\" class=\"yoast-schema-graph\">{\"@context\":\"https:\/\/schema.org\",\"@graph\":[{\"@type\":\"WebPage\",\"@id\":\"https:\/\/ohreallystuff.com\/product\/broche-tete-de-mort-crane-rose-yorick\/\",\"url\":\"https:\/\/ohreallystuff.com\/product\/broche-tete-de-mort-crane-rose-yorick\/\",\"name\":\"Yorick - fuchsia - Hats and fashion accessories\",\"isPartOf\":{\"@id\":\"https:\/\/ohreallystuff.com\/#website\"},\"primaryImageOfPage\":{\"@id\":\"https:\/\/ohreallystuff.com\/product\/broche-tete-de-mort-crane-rose-yorick\/#primaryimage\"},\"image\":{\"@id\":\"https:\/\/ohreallystuff.com\/product\/broche-tete-de-mort-crane-rose-yorick\/#primaryimage\"},\"thumbnailUrl\":\"https:\/\/ohreallystuff.com\/wp-content\/uploads\/2021\/04\/broche-tete-de-mort-crane-rose-yorick-1.jpg\",\"datePublished\":\"2021-04-21T11:26:20+00:00\",\"dateModified\":\"2021-04-21T22:21:22+00:00\",\"breadcrumb\":{\"@id\":\"https:\/\/ohreallystuff.com\/product\/broche-tete-de-mort-crane-rose-yorick\/#breadcrumb\"},\"inLanguage\":\"en-US\",\"potentialAction\":[{\"@type\":\"ReadAction\",\"target\":[\"https:\/\/ohreallystuff.com\/product\/broche-tete-de-mort-crane-rose-yorick\/\"]}]},{\"@type\":\"ImageObject\",\"inLanguage\":\"en-US\",\"@id\":\"https:\/\/ohreallystuff.com\/product\/broche-tete-de-mort-crane-rose-yorick\/#primaryimage\",\"url\":\"https:\/\/ohreallystuff.com\/wp-content\/uploads\/2021\/04\/broche-tete-de-mort-crane-rose-yorick-1.jpg\",\"contentUrl\":\"https:\/\/ohreallystuff.com\/wp-content\/uploads\/2021\/04\/broche-tete-de-mort-crane-rose-yorick-1.jpg\",\"width\":2000,\"height\":2000},{\"@type\":\"BreadcrumbList\",\"@id\":\"https:\/\/ohreallystuff.com\/product\/broche-tete-de-mort-crane-rose-yorick\/#breadcrumb\",\"itemListElement\":[{\"@type\":\"ListItem\",\"position\":1,\"name\":\"Home\",\"item\":\"https:\/\/ohreallystuff.com\/\"},{\"@type\":\"ListItem\",\"position\":2,\"name\":\"Boutique en ligne\",\"item\":\"https:\/\/ohreallystuff.com\/boutique-en-ligne-de-chapeaux-retro\/\"},{\"@type\":\"ListItem\",\"position\":3,\"name\":\"Yorick &#8211; fuchsia\"}]},{\"@type\":\"WebSite\",\"@id\":\"https:\/\/ohreallystuff.com\/#website\",\"url\":\"https:\/\/ohreallystuff.com\/\",\"name\":\"Oh... Really? par Sandra Lacroix\",\"description\":\"Oh... Really? Brussels\",\"publisher\":{\"@id\":\"https:\/\/ohreallystuff.com\/#organization\"},\"potentialAction\":[{\"@type\":\"SearchAction\",\"target\":{\"@type\":\"EntryPoint\",\"urlTemplate\":\"https:\/\/ohreallystuff.com\/?s={search_term_string}\"},\"query-input\":{\"@type\":\"PropertyValueSpecification\",\"valueRequired\":true,\"valueName\":\"search_term_string\"}}],\"inLanguage\":\"en-US\"},{\"@type\":\"Organization\",\"@id\":\"https:\/\/ohreallystuff.com\/#organization\",\"name\":\"Oh Really Sandra lacroix\",\"url\":\"https:\/\/ohreallystuff.com\/\",\"logo\":{\"@type\":\"ImageObject\",\"inLanguage\":\"en-US\",\"@id\":\"https:\/\/ohreallystuff.com\/#\/schema\/logo\/image\/\",\"url\":\"https:\/\/ohreallystuff.com\/wp-content\/uploads\/2014\/12\/logo-slider-ok.png\",\"contentUrl\":\"https:\/\/ohreallystuff.com\/wp-content\/uploads\/2014\/12\/logo-slider-ok.png\",\"width\":350,\"height\":484,\"caption\":\"Oh Really Sandra lacroix\"},\"image\":{\"@id\":\"https:\/\/ohreallystuff.com\/#\/schema\/logo\/image\/\"},\"sameAs\":[\"https:\/\/www.facebook.com\/ohreallystuff\",\"https:\/\/www.instagram.com\/ohreallystuff\/\"]}]}<\/script>\n<!-- \/ Yoast SEO plugin. -->","yoast_head_json":{"title":"Yorick - fuchsia - Hats and fashion accessories","robots":{"index":"index","follow":"follow","max-snippet":"max-snippet:-1","max-image-preview":"max-image-preview:large","max-video-preview":"max-video-preview:-1"},"canonical":"https:\/\/ohreallystuff.com\/product\/broche-tete-de-mort-crane-rose-yorick\/","og_locale":"en_US","og_type":"article","og_title":"Yorick - fuchsia - Hats and fashion accessories","og_description":"[:en]&nbsp;  Here is the last accessory that was missing from your outfit! Give your jacket, your belt or your bag a \"Boo!\" effect with the charming Yorick - it will make many jealous! Its little extra that will make you fall in love with it?\u00a0It is entirely made of upcycled materials!  Handmade in my Brussels workshop.  Unique model with certificate of authenticity.  &nbsp;    &nbsp;[:fr]&nbsp;  Voici le dernier accessoire qui manquait \u00e0 votre tenue! Donnez un effet \"Bouuuh!\" \u00e0 votre veste, votre ceinture ou votre sac avec le charmant Yorick qui en fera p\u00e2lir de jalousie plus d'un! Son petit plus qui vous fera craquer : il est enti\u00e8rement en mati\u00e8res upcycl\u00e9es!  Fait \u00e0 la main dans mon atelier bruxellois.  Mod\u00e8le unique avec certificat d'authenticit\u00e9.  &nbsp;    &nbsp;[:]","og_url":"https:\/\/ohreallystuff.com\/product\/broche-tete-de-mort-crane-rose-yorick\/","og_site_name":"Hats and fashion accessories","article_publisher":"https:\/\/www.facebook.com\/ohreallystuff","article_modified_time":"2021-04-21T22:21:22+00:00","og_image":[{"width":2000,"height":2000,"url":"https:\/\/ohreallystuff.com\/wp-content\/uploads\/2021\/04\/broche-tete-de-mort-crane-rose-yorick-1.jpg","type":"image\/jpeg"}],"twitter_card":"summary_large_image","twitter_misc":{"Est. reading time":"1 minute"},"schema":{"@context":"https:\/\/schema.org","@graph":[{"@type":"WebPage","@id":"https:\/\/ohreallystuff.com\/product\/broche-tete-de-mort-crane-rose-yorick\/","url":"https:\/\/ohreallystuff.com\/product\/broche-tete-de-mort-crane-rose-yorick\/","name":"Yorick - fuchsia - Hats and fashion accessories","isPartOf":{"@id":"https:\/\/ohreallystuff.com\/#website"},"primaryImageOfPage":{"@id":"https:\/\/ohreallystuff.com\/product\/broche-tete-de-mort-crane-rose-yorick\/#primaryimage"},"image":{"@id":"https:\/\/ohreallystuff.com\/product\/broche-tete-de-mort-crane-rose-yorick\/#primaryimage"},"thumbnailUrl":"https:\/\/ohreallystuff.com\/wp-content\/uploads\/2021\/04\/broche-tete-de-mort-crane-rose-yorick-1.jpg","datePublished":"2021-04-21T11:26:20+00:00","dateModified":"2021-04-21T22:21:22+00:00","breadcrumb":{"@id":"https:\/\/ohreallystuff.com\/product\/broche-tete-de-mort-crane-rose-yorick\/#breadcrumb"},"inLanguage":"en-US","potentialAction":[{"@type":"ReadAction","target":["https:\/\/ohreallystuff.com\/product\/broche-tete-de-mort-crane-rose-yorick\/"]}]},{"@type":"ImageObject","inLanguage":"en-US","@id":"https:\/\/ohreallystuff.com\/product\/broche-tete-de-mort-crane-rose-yorick\/#primaryimage","url":"https:\/\/ohreallystuff.com\/wp-content\/uploads\/2021\/04\/broche-tete-de-mort-crane-rose-yorick-1.jpg","contentUrl":"https:\/\/ohreallystuff.com\/wp-content\/uploads\/2021\/04\/broche-tete-de-mort-crane-rose-yorick-1.jpg","width":2000,"height":2000},{"@type":"BreadcrumbList","@id":"https:\/\/ohreallystuff.com\/product\/broche-tete-de-mort-crane-rose-yorick\/#breadcrumb","itemListElement":[{"@type":"ListItem","position":1,"name":"Home","item":"https:\/\/ohreallystuff.com\/"},{"@type":"ListItem","position":2,"name":"Boutique en ligne","item":"https:\/\/ohreallystuff.com\/boutique-en-ligne-de-chapeaux-retro\/"},{"@type":"ListItem","position":3,"name":"Yorick &#8211; fuchsia"}]},{"@type":"WebSite","@id":"https:\/\/ohreallystuff.com\/#website","url":"https:\/\/ohreallystuff.com\/","name":"Oh... Really? par Sandra Lacroix","description":"Oh... Really? Brussels","publisher":{"@id":"https:\/\/ohreallystuff.com\/#organization"},"potentialAction":[{"@type":"SearchAction","target":{"@type":"EntryPoint","urlTemplate":"https:\/\/ohreallystuff.com\/?s={search_term_string}"},"query-input":{"@type":"PropertyValueSpecification","valueRequired":true,"valueName":"search_term_string"}}],"inLanguage":"en-US"},{"@type":"Organization","@id":"https:\/\/ohreallystuff.com\/#organization","name":"Oh Really Sandra lacroix","url":"https:\/\/ohreallystuff.com\/","logo":{"@type":"ImageObject","inLanguage":"en-US","@id":"https:\/\/ohreallystuff.com\/#\/schema\/logo\/image\/","url":"https:\/\/ohreallystuff.com\/wp-content\/uploads\/2014\/12\/logo-slider-ok.png","contentUrl":"https:\/\/ohreallystuff.com\/wp-content\/uploads\/2014\/12\/logo-slider-ok.png","width":350,"height":484,"caption":"Oh Really Sandra lacroix"},"image":{"@id":"https:\/\/ohreallystuff.com\/#\/schema\/logo\/image\/"},"sameAs":["https:\/\/www.facebook.com\/ohreallystuff","https:\/\/www.instagram.com\/ohreallystuff\/"]}]}},"_links":{"self":[{"href":"https:\/\/ohreallystuff.com\/en\/wp-json\/wp\/v2\/product\/53499","targetHints":{"allow":["GET"]}}],"collection":[{"href":"https:\/\/ohreallystuff.com\/en\/wp-json\/wp\/v2\/product"}],"about":[{"href":"https:\/\/ohreallystuff.com\/en\/wp-json\/wp\/v2\/types\/product"}],"wp:featuredmedia":[{"embeddable":true,"href":"https:\/\/ohreallystuff.com\/en\/wp-json\/wp\/v2\/media\/53497"}],"wp:attachment":[{"href":"https:\/\/ohreallystuff.com\/en\/wp-json\/wp\/v2\/media?parent=53499"}],"wp:term":[{"taxonomy":"product_brand","embeddable":true,"href":"https:\/\/ohreallystuff.com\/en\/wp-json\/wp\/v2\/product_brand?post=53499"},{"taxonomy":"product_cat","embeddable":true,"href":"https:\/\/ohreallystuff.com\/en\/wp-json\/wp\/v2\/product_cat?post=53499"},{"taxonomy":"product_tag","embeddable":true,"href":"https:\/\/ohreallystuff.com\/en\/wp-json\/wp\/v2\/product_tag?post=53499"}],"curies":[{"name":"wp","href":"https:\/\/api.w.org\/{rel}","templated":true}]}}