{"id":53474,"date":"2021-04-08T15:45:24","date_gmt":"2021-04-08T13:45:24","guid":{"rendered":"https:\/\/ohreallystuff.com\/?post_type=product&#038;p=53474"},"modified":"2021-04-08T17:08:50","modified_gmt":"2021-04-08T15:08:50","slug":"pic-cheveux-origami-oiseau-blanc-sakura","status":"publish","type":"product","link":"https:\/\/ohreallystuff.com\/en\/product\/pic-cheveux-origami-oiseau-blanc-sakura\/","title":{"rendered":"Sakura &#8211; ivory"},"content":{"rendered":"<p><\/p>\n<ul>\n<li>Entirely handmade in Belgium.<\/li>\n<li>Japanese Kokka\u00ae fabric in ivory white with red and pink flowers.<\/li>\n<li>Coated with an invisible stiffening primer.<\/li>\n<li>Size : about 8.5 x 8.5 cm \/ 3.34 x 3.34 in.<\/li>\n<li>Metal pin : 9 cm \/ 3.54 in.<\/li>\n<li>Certificate of authenticity provided.<\/li>\n<\/ul>\n<p><\/p>","protected":false},"excerpt":{"rendered":"<p>&nbsp;<\/p>\n<p>A casual and charming note to welcome spring! Inspired by traditional Japanese art, this hair pin can be adapted to any hairstyle, from the most sassy to the most sophisticated.<\/p>\n<p>Entirely handmade in my Brussels workshop.<\/p>\n<p>Unique model with certificate of authenticity.<\/p>\n<p>&nbsp;<\/p>\n<p><img loading=\"lazy\" decoding=\"async\" class=\"alignnone size-full wp-image-53230\" src=\"https:\/\/ohreallystuff.com\/wp-content\/uploads\/2021\/02\/anglais-chapeaux-accessoires-sandra-lacroix-bruxelles-s.jpg\" alt=\"\" width=\"439\" height=\"142\" srcset=\"https:\/\/ohreallystuff.com\/wp-content\/uploads\/2021\/02\/anglais-chapeaux-accessoires-sandra-lacroix-bruxelles-s.jpg 439w, https:\/\/ohreallystuff.com\/wp-content\/uploads\/2021\/02\/anglais-chapeaux-accessoires-sandra-lacroix-bruxelles-s-300x97.jpg 300w\" sizes=\"auto, (max-width: 439px) 100vw, 439px\" \/><\/p>\n<p>&nbsp;<\/p>\n","protected":false},"featured_media":53396,"template":"","meta":[],"product_brand":[],"product_cat":[145,181],"product_tag":[],"class_list":{"0":"post-53474","1":"product","2":"type-product","3":"status-publish","4":"has-post-thumbnail","6":"product_cat-accessoires","7":"product_cat-hair-sticks","9":"first","10":"instock","11":"sold-individually","12":"taxable","13":"shipping-taxable","14":"purchasable","15":"product-type-simple"},"yoast_head":"<!-- This site is optimized with the Yoast SEO plugin v25.8 - https:\/\/yoast.com\/wordpress\/plugins\/seo\/ -->\n<title>Sakura - ivory - Hats and fashion accessories<\/title>\n<meta name=\"robots\" content=\"index, follow, max-snippet:-1, max-image-preview:large, max-video-preview:-1\" \/>\n<link rel=\"canonical\" href=\"https:\/\/ohreallystuff.com\/product\/pic-cheveux-origami-oiseau-blanc-sakura\/\" \/>\n<meta property=\"og:locale\" content=\"en_US\" \/>\n<meta property=\"og:type\" content=\"article\" \/>\n<meta property=\"og:title\" content=\"[:en]Sakura - ivory[:fr]Sakura - ivoire[:] - Hats and fashion accessories\" \/>\n<meta property=\"og:description\" content=\"[:en]&nbsp;  A casual and charming note to welcome spring! Inspired by traditional Japanese art, this hair pin can be adapted to any hairstyle, from the most sassy to the most sophisticated.  Entirely handmade in my Brussels workshop.  Unique model with certificate of authenticity.  &nbsp;    &nbsp;[:fr]&nbsp;  Une note d\u00e9contract\u00e9e et charmante pour accueillir le printemps! Inspir\u00e9 des arts traditionnels japonais, ce pic \u00e0 cheveux s&#039;adapte \u00e0 toutes les coiffures, de la plus d\u00e9lur\u00e9e \u00e0 la plus sophistiqu\u00e9e.  Enti\u00e8rement fait \u00e0 la main dans mon atelier bruxellois.  Mod\u00e8le unique avec certificat d&#039;authenticit\u00e9.  &nbsp;    &nbsp;[:]\" \/>\n<meta property=\"og:url\" content=\"https:\/\/ohreallystuff.com\/product\/pic-cheveux-origami-oiseau-blanc-sakura\/\" \/>\n<meta property=\"og:site_name\" content=\"Hats and fashion accessories\" \/>\n<meta property=\"article:publisher\" content=\"https:\/\/www.facebook.com\/ohreallystuff\" \/>\n<meta property=\"article:modified_time\" content=\"2021-04-08T15:08:50+00:00\" \/>\n<meta property=\"og:image\" content=\"https:\/\/ohreallystuff.com\/wp-content\/uploads\/2021\/04\/pic-cheveux-origami-oiseau-blanc-sakura-1.jpg\" \/>\n\t<meta property=\"og:image:width\" content=\"2000\" \/>\n\t<meta property=\"og:image:height\" content=\"2000\" \/>\n\t<meta property=\"og:image:type\" content=\"image\/jpeg\" \/>\n<meta name=\"twitter:card\" content=\"summary_large_image\" \/>\n<script type=\"application\/ld+json\" class=\"yoast-schema-graph\">{\"@context\":\"https:\/\/schema.org\",\"@graph\":[{\"@type\":\"WebPage\",\"@id\":\"https:\/\/ohreallystuff.com\/product\/pic-cheveux-origami-oiseau-blanc-sakura\/\",\"url\":\"https:\/\/ohreallystuff.com\/product\/pic-cheveux-origami-oiseau-blanc-sakura\/\",\"name\":\"[:en]Sakura - ivory[:fr]Sakura - ivoire[:] - Hats and fashion accessories\",\"isPartOf\":{\"@id\":\"https:\/\/ohreallystuff.com\/#website\"},\"primaryImageOfPage\":{\"@id\":\"https:\/\/ohreallystuff.com\/product\/pic-cheveux-origami-oiseau-blanc-sakura\/#primaryimage\"},\"image\":{\"@id\":\"https:\/\/ohreallystuff.com\/product\/pic-cheveux-origami-oiseau-blanc-sakura\/#primaryimage\"},\"thumbnailUrl\":\"https:\/\/ohreallystuff.com\/wp-content\/uploads\/2021\/04\/pic-cheveux-origami-oiseau-blanc-sakura-1.jpg\",\"datePublished\":\"2021-04-08T13:45:24+00:00\",\"dateModified\":\"2021-04-08T15:08:50+00:00\",\"breadcrumb\":{\"@id\":\"https:\/\/ohreallystuff.com\/product\/pic-cheveux-origami-oiseau-blanc-sakura\/#breadcrumb\"},\"inLanguage\":\"en-US\",\"potentialAction\":[{\"@type\":\"ReadAction\",\"target\":[\"https:\/\/ohreallystuff.com\/product\/pic-cheveux-origami-oiseau-blanc-sakura\/\"]}]},{\"@type\":\"ImageObject\",\"inLanguage\":\"en-US\",\"@id\":\"https:\/\/ohreallystuff.com\/product\/pic-cheveux-origami-oiseau-blanc-sakura\/#primaryimage\",\"url\":\"https:\/\/ohreallystuff.com\/wp-content\/uploads\/2021\/04\/pic-cheveux-origami-oiseau-blanc-sakura-1.jpg\",\"contentUrl\":\"https:\/\/ohreallystuff.com\/wp-content\/uploads\/2021\/04\/pic-cheveux-origami-oiseau-blanc-sakura-1.jpg\",\"width\":2000,\"height\":2000,\"caption\":\"Pince \u00e0 cheveux r\u00e9tro avec un origami oiseau blanc avec fleurs. Accessoire de style vintage. Oh... Really? par Sandra Lacroix, chapeli\u00e8re, Bruxelles.\"},{\"@type\":\"BreadcrumbList\",\"@id\":\"https:\/\/ohreallystuff.com\/product\/pic-cheveux-origami-oiseau-blanc-sakura\/#breadcrumb\",\"itemListElement\":[{\"@type\":\"ListItem\",\"position\":1,\"name\":\"Home\",\"item\":\"https:\/\/ohreallystuff.com\/\"},{\"@type\":\"ListItem\",\"position\":2,\"name\":\"Boutique en ligne\",\"item\":\"https:\/\/ohreallystuff.com\/boutique-en-ligne-de-chapeaux-retro\/\"},{\"@type\":\"ListItem\",\"position\":3,\"name\":\"Sakura &#8211; ivoire\"}]},{\"@type\":\"WebSite\",\"@id\":\"https:\/\/ohreallystuff.com\/#website\",\"url\":\"https:\/\/ohreallystuff.com\/\",\"name\":\"Oh... Really? par Sandra Lacroix\",\"description\":\"Oh... Really? Brussels\",\"publisher\":{\"@id\":\"https:\/\/ohreallystuff.com\/#organization\"},\"potentialAction\":[{\"@type\":\"SearchAction\",\"target\":{\"@type\":\"EntryPoint\",\"urlTemplate\":\"https:\/\/ohreallystuff.com\/?s={search_term_string}\"},\"query-input\":{\"@type\":\"PropertyValueSpecification\",\"valueRequired\":true,\"valueName\":\"search_term_string\"}}],\"inLanguage\":\"en-US\"},{\"@type\":\"Organization\",\"@id\":\"https:\/\/ohreallystuff.com\/#organization\",\"name\":\"Oh Really Sandra lacroix\",\"url\":\"https:\/\/ohreallystuff.com\/\",\"logo\":{\"@type\":\"ImageObject\",\"inLanguage\":\"en-US\",\"@id\":\"https:\/\/ohreallystuff.com\/#\/schema\/logo\/image\/\",\"url\":\"https:\/\/ohreallystuff.com\/wp-content\/uploads\/2014\/12\/logo-slider-ok.png\",\"contentUrl\":\"https:\/\/ohreallystuff.com\/wp-content\/uploads\/2014\/12\/logo-slider-ok.png\",\"width\":350,\"height\":484,\"caption\":\"Oh Really Sandra lacroix\"},\"image\":{\"@id\":\"https:\/\/ohreallystuff.com\/#\/schema\/logo\/image\/\"},\"sameAs\":[\"https:\/\/www.facebook.com\/ohreallystuff\",\"https:\/\/www.instagram.com\/ohreallystuff\/\"]}]}<\/script>\n<!-- \/ Yoast SEO plugin. -->","yoast_head_json":{"title":"[:en]Sakura - ivory[:fr]Sakura - ivoire[:] - Hats and fashion accessories","robots":{"index":"index","follow":"follow","max-snippet":"max-snippet:-1","max-image-preview":"max-image-preview:large","max-video-preview":"max-video-preview:-1"},"canonical":"https:\/\/ohreallystuff.com\/product\/pic-cheveux-origami-oiseau-blanc-sakura\/","og_locale":"en_US","og_type":"article","og_title":"[:en]Sakura - ivory[:fr]Sakura - ivoire[:] - Hats and fashion accessories","og_description":"[:en]&nbsp;  A casual and charming note to welcome spring! Inspired by traditional Japanese art, this hair pin can be adapted to any hairstyle, from the most sassy to the most sophisticated.  Entirely handmade in my Brussels workshop.  Unique model with certificate of authenticity.  &nbsp;    &nbsp;[:fr]&nbsp;  Une note d\u00e9contract\u00e9e et charmante pour accueillir le printemps! Inspir\u00e9 des arts traditionnels japonais, ce pic \u00e0 cheveux s'adapte \u00e0 toutes les coiffures, de la plus d\u00e9lur\u00e9e \u00e0 la plus sophistiqu\u00e9e.  Enti\u00e8rement fait \u00e0 la main dans mon atelier bruxellois.  Mod\u00e8le unique avec certificat d'authenticit\u00e9.  &nbsp;    &nbsp;[:]","og_url":"https:\/\/ohreallystuff.com\/product\/pic-cheveux-origami-oiseau-blanc-sakura\/","og_site_name":"Hats and fashion accessories","article_publisher":"https:\/\/www.facebook.com\/ohreallystuff","article_modified_time":"2021-04-08T15:08:50+00:00","og_image":[{"width":2000,"height":2000,"url":"https:\/\/ohreallystuff.com\/wp-content\/uploads\/2021\/04\/pic-cheveux-origami-oiseau-blanc-sakura-1.jpg","type":"image\/jpeg"}],"twitter_card":"summary_large_image","schema":{"@context":"https:\/\/schema.org","@graph":[{"@type":"WebPage","@id":"https:\/\/ohreallystuff.com\/product\/pic-cheveux-origami-oiseau-blanc-sakura\/","url":"https:\/\/ohreallystuff.com\/product\/pic-cheveux-origami-oiseau-blanc-sakura\/","name":"[:en]Sakura - ivory[:fr]Sakura - ivoire[:] - Hats and fashion accessories","isPartOf":{"@id":"https:\/\/ohreallystuff.com\/#website"},"primaryImageOfPage":{"@id":"https:\/\/ohreallystuff.com\/product\/pic-cheveux-origami-oiseau-blanc-sakura\/#primaryimage"},"image":{"@id":"https:\/\/ohreallystuff.com\/product\/pic-cheveux-origami-oiseau-blanc-sakura\/#primaryimage"},"thumbnailUrl":"https:\/\/ohreallystuff.com\/wp-content\/uploads\/2021\/04\/pic-cheveux-origami-oiseau-blanc-sakura-1.jpg","datePublished":"2021-04-08T13:45:24+00:00","dateModified":"2021-04-08T15:08:50+00:00","breadcrumb":{"@id":"https:\/\/ohreallystuff.com\/product\/pic-cheveux-origami-oiseau-blanc-sakura\/#breadcrumb"},"inLanguage":"en-US","potentialAction":[{"@type":"ReadAction","target":["https:\/\/ohreallystuff.com\/product\/pic-cheveux-origami-oiseau-blanc-sakura\/"]}]},{"@type":"ImageObject","inLanguage":"en-US","@id":"https:\/\/ohreallystuff.com\/product\/pic-cheveux-origami-oiseau-blanc-sakura\/#primaryimage","url":"https:\/\/ohreallystuff.com\/wp-content\/uploads\/2021\/04\/pic-cheveux-origami-oiseau-blanc-sakura-1.jpg","contentUrl":"https:\/\/ohreallystuff.com\/wp-content\/uploads\/2021\/04\/pic-cheveux-origami-oiseau-blanc-sakura-1.jpg","width":2000,"height":2000,"caption":"Pince \u00e0 cheveux r\u00e9tro avec un origami oiseau blanc avec fleurs. Accessoire de style vintage. Oh... Really? par Sandra Lacroix, chapeli\u00e8re, Bruxelles."},{"@type":"BreadcrumbList","@id":"https:\/\/ohreallystuff.com\/product\/pic-cheveux-origami-oiseau-blanc-sakura\/#breadcrumb","itemListElement":[{"@type":"ListItem","position":1,"name":"Home","item":"https:\/\/ohreallystuff.com\/"},{"@type":"ListItem","position":2,"name":"Boutique en ligne","item":"https:\/\/ohreallystuff.com\/boutique-en-ligne-de-chapeaux-retro\/"},{"@type":"ListItem","position":3,"name":"Sakura &#8211; ivoire"}]},{"@type":"WebSite","@id":"https:\/\/ohreallystuff.com\/#website","url":"https:\/\/ohreallystuff.com\/","name":"Oh... Really? par Sandra Lacroix","description":"Oh... Really? Brussels","publisher":{"@id":"https:\/\/ohreallystuff.com\/#organization"},"potentialAction":[{"@type":"SearchAction","target":{"@type":"EntryPoint","urlTemplate":"https:\/\/ohreallystuff.com\/?s={search_term_string}"},"query-input":{"@type":"PropertyValueSpecification","valueRequired":true,"valueName":"search_term_string"}}],"inLanguage":"en-US"},{"@type":"Organization","@id":"https:\/\/ohreallystuff.com\/#organization","name":"Oh Really Sandra lacroix","url":"https:\/\/ohreallystuff.com\/","logo":{"@type":"ImageObject","inLanguage":"en-US","@id":"https:\/\/ohreallystuff.com\/#\/schema\/logo\/image\/","url":"https:\/\/ohreallystuff.com\/wp-content\/uploads\/2014\/12\/logo-slider-ok.png","contentUrl":"https:\/\/ohreallystuff.com\/wp-content\/uploads\/2014\/12\/logo-slider-ok.png","width":350,"height":484,"caption":"Oh Really Sandra lacroix"},"image":{"@id":"https:\/\/ohreallystuff.com\/#\/schema\/logo\/image\/"},"sameAs":["https:\/\/www.facebook.com\/ohreallystuff","https:\/\/www.instagram.com\/ohreallystuff\/"]}]}},"_links":{"self":[{"href":"https:\/\/ohreallystuff.com\/en\/wp-json\/wp\/v2\/product\/53474","targetHints":{"allow":["GET"]}}],"collection":[{"href":"https:\/\/ohreallystuff.com\/en\/wp-json\/wp\/v2\/product"}],"about":[{"href":"https:\/\/ohreallystuff.com\/en\/wp-json\/wp\/v2\/types\/product"}],"wp:featuredmedia":[{"embeddable":true,"href":"https:\/\/ohreallystuff.com\/en\/wp-json\/wp\/v2\/media\/53396"}],"wp:attachment":[{"href":"https:\/\/ohreallystuff.com\/en\/wp-json\/wp\/v2\/media?parent=53474"}],"wp:term":[{"taxonomy":"product_brand","embeddable":true,"href":"https:\/\/ohreallystuff.com\/en\/wp-json\/wp\/v2\/product_brand?post=53474"},{"taxonomy":"product_cat","embeddable":true,"href":"https:\/\/ohreallystuff.com\/en\/wp-json\/wp\/v2\/product_cat?post=53474"},{"taxonomy":"product_tag","embeddable":true,"href":"https:\/\/ohreallystuff.com\/en\/wp-json\/wp\/v2\/product_tag?post=53474"}],"curies":[{"name":"wp","href":"https:\/\/api.w.org\/{rel}","templated":true}]}}