{"id":53472,"date":"2021-04-06T23:54:59","date_gmt":"2021-04-06T21:54:59","guid":{"rendered":"https:\/\/ohreallystuff.com\/?post_type=product&#038;p=53472"},"modified":"2021-04-08T15:56:24","modified_gmt":"2021-04-08T13:56:24","slug":"pince-cheveux-origami-papillon-noir-sayuri","status":"publish","type":"product","link":"https:\/\/ohreallystuff.com\/en\/product\/pince-cheveux-origami-papillon-noir-sayuri\/","title":{"rendered":"Sayuri &#8211; black"},"content":{"rendered":"<p><\/p>\n<ul>\n<li>Entirely handmade in Belgium.<\/li>\n<li>Black Japanese Kokka\u00ae fabric with white, pink and orange flowers.<\/li>\n<li>Coated with an invisible stiffening primer.<\/li>\n<li>Size : about 14 x 8 cm \/ 5.5 x 3.15 in.<\/li>\n<li>Metal clip : 5.5 cm \/ 2.15 in.<\/li>\n<li>Certificate of authenticity provided.<\/li>\n<\/ul>\n<p><\/p>","protected":false},"excerpt":{"rendered":"<p>&nbsp;<\/p>\n<p>Take flight! A bit mischievous, this flowery butterfly will adorn all your hairstyles: loose hair, casually pulled up or in an elaborate hairstyle, it will accompany you on your rural escapades.<\/p>\n<p>Entirely handmade in my Brussels workshop.<\/p>\n<p>Unique model with certificate of authenticity.<\/p>\n<p>&nbsp;<\/p>\n<p><img loading=\"lazy\" decoding=\"async\" class=\"alignnone size-full wp-image-53230\" src=\"https:\/\/ohreallystuff.com\/wp-content\/uploads\/2021\/02\/anglais-chapeaux-accessoires-sandra-lacroix-bruxelles-s.jpg\" alt=\"\" width=\"439\" height=\"142\" srcset=\"https:\/\/ohreallystuff.com\/wp-content\/uploads\/2021\/02\/anglais-chapeaux-accessoires-sandra-lacroix-bruxelles-s.jpg 439w, https:\/\/ohreallystuff.com\/wp-content\/uploads\/2021\/02\/anglais-chapeaux-accessoires-sandra-lacroix-bruxelles-s-300x97.jpg 300w\" sizes=\"auto, (max-width: 439px) 100vw, 439px\" \/><\/p>\n<p>&nbsp;<\/p>\n","protected":false},"featured_media":53426,"template":"","meta":[],"product_brand":[],"product_cat":[145,206],"product_tag":[],"class_list":{"0":"post-53472","1":"product","2":"type-product","3":"status-publish","4":"has-post-thumbnail","6":"product_cat-accessoires","7":"product_cat-pinces","9":"first","10":"instock","11":"sold-individually","12":"taxable","13":"shipping-taxable","14":"purchasable","15":"product-type-simple"},"yoast_head":"<!-- This site is optimized with the Yoast SEO plugin v25.8 - https:\/\/yoast.com\/wordpress\/plugins\/seo\/ -->\n<title>Sayuri - black - Hats and fashion accessories<\/title>\n<meta name=\"robots\" content=\"index, follow, max-snippet:-1, max-image-preview:large, max-video-preview:-1\" \/>\n<link rel=\"canonical\" href=\"https:\/\/ohreallystuff.com\/product\/pince-cheveux-origami-papillon-noir-sayuri\/\" \/>\n<meta property=\"og:locale\" content=\"en_US\" \/>\n<meta property=\"og:type\" content=\"article\" \/>\n<meta property=\"og:title\" content=\"[:en]Sayuri - black[:fr]Sayuri - noir[:] - Hats and fashion accessories\" \/>\n<meta property=\"og:description\" content=\"[:en]&nbsp;  Take flight! A bit mischievous, this flowery butterfly will adorn all your hairstyles: loose hair, casually pulled up or in an elaborate hairstyle, it will accompany you on your rural escapades.  Entirely handmade in my Brussels workshop.  Unique model with certificate of authenticity.  &nbsp;    &nbsp;[:fr]&nbsp;  Prenez votre envol! Un brin espi\u00e8gle, ce papillon fleuri parera toutes vos coiffures : cheveux l\u00e2ch\u00e9s, relev\u00e9s de mani\u00e8re d\u00e9sinvolte ou dans une coiffure \u00e9labor\u00e9e, il vous accompagnera lors de vos escapades champ\u00eatres.  Enti\u00e8rement fait \u00e0 la main dans mon atelier bruxellois.  Mod\u00e8le unique avec certificat d&#039;authenticit\u00e9.  &nbsp;    &nbsp;[:]\" \/>\n<meta property=\"og:url\" content=\"https:\/\/ohreallystuff.com\/product\/pince-cheveux-origami-papillon-noir-sayuri\/\" \/>\n<meta property=\"og:site_name\" content=\"Hats and fashion accessories\" \/>\n<meta property=\"article:publisher\" content=\"https:\/\/www.facebook.com\/ohreallystuff\" \/>\n<meta property=\"article:modified_time\" content=\"2021-04-08T13:56:24+00:00\" \/>\n<meta property=\"og:image\" content=\"https:\/\/ohreallystuff.com\/wp-content\/uploads\/2021\/04\/pince-cheveux-origami-papillon-noir-sayuri-1.jpg\" \/>\n\t<meta property=\"og:image:width\" content=\"2000\" \/>\n\t<meta property=\"og:image:height\" content=\"2000\" \/>\n\t<meta property=\"og:image:type\" content=\"image\/jpeg\" \/>\n<meta name=\"twitter:card\" content=\"summary_large_image\" \/>\n<script type=\"application\/ld+json\" class=\"yoast-schema-graph\">{\"@context\":\"https:\/\/schema.org\",\"@graph\":[{\"@type\":\"WebPage\",\"@id\":\"https:\/\/ohreallystuff.com\/product\/pince-cheveux-origami-papillon-noir-sayuri\/\",\"url\":\"https:\/\/ohreallystuff.com\/product\/pince-cheveux-origami-papillon-noir-sayuri\/\",\"name\":\"[:en]Sayuri - black[:fr]Sayuri - noir[:] - Hats and fashion accessories\",\"isPartOf\":{\"@id\":\"https:\/\/ohreallystuff.com\/#website\"},\"primaryImageOfPage\":{\"@id\":\"https:\/\/ohreallystuff.com\/product\/pince-cheveux-origami-papillon-noir-sayuri\/#primaryimage\"},\"image\":{\"@id\":\"https:\/\/ohreallystuff.com\/product\/pince-cheveux-origami-papillon-noir-sayuri\/#primaryimage\"},\"thumbnailUrl\":\"https:\/\/ohreallystuff.com\/wp-content\/uploads\/2021\/04\/pince-cheveux-origami-papillon-noir-sayuri-1.jpg\",\"datePublished\":\"2021-04-06T21:54:59+00:00\",\"dateModified\":\"2021-04-08T13:56:24+00:00\",\"breadcrumb\":{\"@id\":\"https:\/\/ohreallystuff.com\/product\/pince-cheveux-origami-papillon-noir-sayuri\/#breadcrumb\"},\"inLanguage\":\"en-US\",\"potentialAction\":[{\"@type\":\"ReadAction\",\"target\":[\"https:\/\/ohreallystuff.com\/product\/pince-cheveux-origami-papillon-noir-sayuri\/\"]}]},{\"@type\":\"ImageObject\",\"inLanguage\":\"en-US\",\"@id\":\"https:\/\/ohreallystuff.com\/product\/pince-cheveux-origami-papillon-noir-sayuri\/#primaryimage\",\"url\":\"https:\/\/ohreallystuff.com\/wp-content\/uploads\/2021\/04\/pince-cheveux-origami-papillon-noir-sayuri-1.jpg\",\"contentUrl\":\"https:\/\/ohreallystuff.com\/wp-content\/uploads\/2021\/04\/pince-cheveux-origami-papillon-noir-sayuri-1.jpg\",\"width\":2000,\"height\":2000,\"caption\":\"Accessoire pour cheveux r\u00e9tro. Pince de style vintage avec un origami papillon noir \u00e0 fleurs. Oh... Really? par Sandra Lacroix, chapeli\u00e8re, Bruxelles.\"},{\"@type\":\"BreadcrumbList\",\"@id\":\"https:\/\/ohreallystuff.com\/product\/pince-cheveux-origami-papillon-noir-sayuri\/#breadcrumb\",\"itemListElement\":[{\"@type\":\"ListItem\",\"position\":1,\"name\":\"Home\",\"item\":\"https:\/\/ohreallystuff.com\/\"},{\"@type\":\"ListItem\",\"position\":2,\"name\":\"Boutique en ligne\",\"item\":\"https:\/\/ohreallystuff.com\/boutique-en-ligne-de-chapeaux-retro\/\"},{\"@type\":\"ListItem\",\"position\":3,\"name\":\"Sayuri &#8211; noir\"}]},{\"@type\":\"WebSite\",\"@id\":\"https:\/\/ohreallystuff.com\/#website\",\"url\":\"https:\/\/ohreallystuff.com\/\",\"name\":\"Oh... Really? par Sandra Lacroix\",\"description\":\"Oh... Really? Brussels\",\"publisher\":{\"@id\":\"https:\/\/ohreallystuff.com\/#organization\"},\"potentialAction\":[{\"@type\":\"SearchAction\",\"target\":{\"@type\":\"EntryPoint\",\"urlTemplate\":\"https:\/\/ohreallystuff.com\/?s={search_term_string}\"},\"query-input\":{\"@type\":\"PropertyValueSpecification\",\"valueRequired\":true,\"valueName\":\"search_term_string\"}}],\"inLanguage\":\"en-US\"},{\"@type\":\"Organization\",\"@id\":\"https:\/\/ohreallystuff.com\/#organization\",\"name\":\"Oh Really Sandra lacroix\",\"url\":\"https:\/\/ohreallystuff.com\/\",\"logo\":{\"@type\":\"ImageObject\",\"inLanguage\":\"en-US\",\"@id\":\"https:\/\/ohreallystuff.com\/#\/schema\/logo\/image\/\",\"url\":\"https:\/\/ohreallystuff.com\/wp-content\/uploads\/2014\/12\/logo-slider-ok.png\",\"contentUrl\":\"https:\/\/ohreallystuff.com\/wp-content\/uploads\/2014\/12\/logo-slider-ok.png\",\"width\":350,\"height\":484,\"caption\":\"Oh Really Sandra lacroix\"},\"image\":{\"@id\":\"https:\/\/ohreallystuff.com\/#\/schema\/logo\/image\/\"},\"sameAs\":[\"https:\/\/www.facebook.com\/ohreallystuff\",\"https:\/\/www.instagram.com\/ohreallystuff\/\"]}]}<\/script>\n<!-- \/ Yoast SEO plugin. -->","yoast_head_json":{"title":"[:en]Sayuri - black[:fr]Sayuri - noir[:] - Hats and fashion accessories","robots":{"index":"index","follow":"follow","max-snippet":"max-snippet:-1","max-image-preview":"max-image-preview:large","max-video-preview":"max-video-preview:-1"},"canonical":"https:\/\/ohreallystuff.com\/product\/pince-cheveux-origami-papillon-noir-sayuri\/","og_locale":"en_US","og_type":"article","og_title":"[:en]Sayuri - black[:fr]Sayuri - noir[:] - Hats and fashion accessories","og_description":"[:en]&nbsp;  Take flight! A bit mischievous, this flowery butterfly will adorn all your hairstyles: loose hair, casually pulled up or in an elaborate hairstyle, it will accompany you on your rural escapades.  Entirely handmade in my Brussels workshop.  Unique model with certificate of authenticity.  &nbsp;    &nbsp;[:fr]&nbsp;  Prenez votre envol! Un brin espi\u00e8gle, ce papillon fleuri parera toutes vos coiffures : cheveux l\u00e2ch\u00e9s, relev\u00e9s de mani\u00e8re d\u00e9sinvolte ou dans une coiffure \u00e9labor\u00e9e, il vous accompagnera lors de vos escapades champ\u00eatres.  Enti\u00e8rement fait \u00e0 la main dans mon atelier bruxellois.  Mod\u00e8le unique avec certificat d'authenticit\u00e9.  &nbsp;    &nbsp;[:]","og_url":"https:\/\/ohreallystuff.com\/product\/pince-cheveux-origami-papillon-noir-sayuri\/","og_site_name":"Hats and fashion accessories","article_publisher":"https:\/\/www.facebook.com\/ohreallystuff","article_modified_time":"2021-04-08T13:56:24+00:00","og_image":[{"width":2000,"height":2000,"url":"https:\/\/ohreallystuff.com\/wp-content\/uploads\/2021\/04\/pince-cheveux-origami-papillon-noir-sayuri-1.jpg","type":"image\/jpeg"}],"twitter_card":"summary_large_image","schema":{"@context":"https:\/\/schema.org","@graph":[{"@type":"WebPage","@id":"https:\/\/ohreallystuff.com\/product\/pince-cheveux-origami-papillon-noir-sayuri\/","url":"https:\/\/ohreallystuff.com\/product\/pince-cheveux-origami-papillon-noir-sayuri\/","name":"[:en]Sayuri - black[:fr]Sayuri - noir[:] - Hats and fashion accessories","isPartOf":{"@id":"https:\/\/ohreallystuff.com\/#website"},"primaryImageOfPage":{"@id":"https:\/\/ohreallystuff.com\/product\/pince-cheveux-origami-papillon-noir-sayuri\/#primaryimage"},"image":{"@id":"https:\/\/ohreallystuff.com\/product\/pince-cheveux-origami-papillon-noir-sayuri\/#primaryimage"},"thumbnailUrl":"https:\/\/ohreallystuff.com\/wp-content\/uploads\/2021\/04\/pince-cheveux-origami-papillon-noir-sayuri-1.jpg","datePublished":"2021-04-06T21:54:59+00:00","dateModified":"2021-04-08T13:56:24+00:00","breadcrumb":{"@id":"https:\/\/ohreallystuff.com\/product\/pince-cheveux-origami-papillon-noir-sayuri\/#breadcrumb"},"inLanguage":"en-US","potentialAction":[{"@type":"ReadAction","target":["https:\/\/ohreallystuff.com\/product\/pince-cheveux-origami-papillon-noir-sayuri\/"]}]},{"@type":"ImageObject","inLanguage":"en-US","@id":"https:\/\/ohreallystuff.com\/product\/pince-cheveux-origami-papillon-noir-sayuri\/#primaryimage","url":"https:\/\/ohreallystuff.com\/wp-content\/uploads\/2021\/04\/pince-cheveux-origami-papillon-noir-sayuri-1.jpg","contentUrl":"https:\/\/ohreallystuff.com\/wp-content\/uploads\/2021\/04\/pince-cheveux-origami-papillon-noir-sayuri-1.jpg","width":2000,"height":2000,"caption":"Accessoire pour cheveux r\u00e9tro. Pince de style vintage avec un origami papillon noir \u00e0 fleurs. Oh... Really? par Sandra Lacroix, chapeli\u00e8re, Bruxelles."},{"@type":"BreadcrumbList","@id":"https:\/\/ohreallystuff.com\/product\/pince-cheveux-origami-papillon-noir-sayuri\/#breadcrumb","itemListElement":[{"@type":"ListItem","position":1,"name":"Home","item":"https:\/\/ohreallystuff.com\/"},{"@type":"ListItem","position":2,"name":"Boutique en ligne","item":"https:\/\/ohreallystuff.com\/boutique-en-ligne-de-chapeaux-retro\/"},{"@type":"ListItem","position":3,"name":"Sayuri &#8211; noir"}]},{"@type":"WebSite","@id":"https:\/\/ohreallystuff.com\/#website","url":"https:\/\/ohreallystuff.com\/","name":"Oh... Really? par Sandra Lacroix","description":"Oh... Really? Brussels","publisher":{"@id":"https:\/\/ohreallystuff.com\/#organization"},"potentialAction":[{"@type":"SearchAction","target":{"@type":"EntryPoint","urlTemplate":"https:\/\/ohreallystuff.com\/?s={search_term_string}"},"query-input":{"@type":"PropertyValueSpecification","valueRequired":true,"valueName":"search_term_string"}}],"inLanguage":"en-US"},{"@type":"Organization","@id":"https:\/\/ohreallystuff.com\/#organization","name":"Oh Really Sandra lacroix","url":"https:\/\/ohreallystuff.com\/","logo":{"@type":"ImageObject","inLanguage":"en-US","@id":"https:\/\/ohreallystuff.com\/#\/schema\/logo\/image\/","url":"https:\/\/ohreallystuff.com\/wp-content\/uploads\/2014\/12\/logo-slider-ok.png","contentUrl":"https:\/\/ohreallystuff.com\/wp-content\/uploads\/2014\/12\/logo-slider-ok.png","width":350,"height":484,"caption":"Oh Really Sandra lacroix"},"image":{"@id":"https:\/\/ohreallystuff.com\/#\/schema\/logo\/image\/"},"sameAs":["https:\/\/www.facebook.com\/ohreallystuff","https:\/\/www.instagram.com\/ohreallystuff\/"]}]}},"_links":{"self":[{"href":"https:\/\/ohreallystuff.com\/en\/wp-json\/wp\/v2\/product\/53472","targetHints":{"allow":["GET"]}}],"collection":[{"href":"https:\/\/ohreallystuff.com\/en\/wp-json\/wp\/v2\/product"}],"about":[{"href":"https:\/\/ohreallystuff.com\/en\/wp-json\/wp\/v2\/types\/product"}],"wp:featuredmedia":[{"embeddable":true,"href":"https:\/\/ohreallystuff.com\/en\/wp-json\/wp\/v2\/media\/53426"}],"wp:attachment":[{"href":"https:\/\/ohreallystuff.com\/en\/wp-json\/wp\/v2\/media?parent=53472"}],"wp:term":[{"taxonomy":"product_brand","embeddable":true,"href":"https:\/\/ohreallystuff.com\/en\/wp-json\/wp\/v2\/product_brand?post=53472"},{"taxonomy":"product_cat","embeddable":true,"href":"https:\/\/ohreallystuff.com\/en\/wp-json\/wp\/v2\/product_cat?post=53472"},{"taxonomy":"product_tag","embeddable":true,"href":"https:\/\/ohreallystuff.com\/en\/wp-json\/wp\/v2\/product_tag?post=53472"}],"curies":[{"name":"wp","href":"https:\/\/api.w.org\/{rel}","templated":true}]}}