{"id":53345,"date":"2021-03-16T00:01:08","date_gmt":"2021-03-15T23:01:08","guid":{"rendered":"https:\/\/ohreallystuff.com\/?post_type=product&#038;p=53345"},"modified":"2021-03-27T20:18:25","modified_gmt":"2021-03-27T19:18:25","slug":"chapeau-noir-claudette","status":"publish","type":"product","link":"https:\/\/ohreallystuff.com\/en\/product\/chapeau-noir-claudette\/","title":{"rendered":"Claudette &#8211; black"},"content":{"rendered":"<p><\/p>\n<ul>\n<li><span style=\"color: #333333;\">Handmade in my Brussels workshop.<\/span><\/li>\n<li><span style=\"color: #333333;\">Hat made of 100% black wool felt, hand moulded.<\/span><\/li>\n<li><span style=\"color: #333333;\">Black wool felt bow.<\/span><\/li>\n<li><span style=\"color: #333333;\">Elastic supplied to secure the hat.<\/span><\/li>\n<li><span style=\"color: #333333;\">Size: about 15 x 6 cm \/ 6 x 2.4 in.<\/span><\/li>\n<li><span style=\"color: #333333;\">Certificate of authenticity included.<\/span><\/li>\n<\/ul>\n<p><\/p>","protected":false},"excerpt":{"rendered":"<p>&nbsp;<\/p>\n<p><span style=\"color: #333333;\">This is a hat that would make all those Hollywood stars blush with envy. This classic hat can be worn with any outfit, from a stunning suit and tie to a shimmering summer dress. Let Claudette tempt you!<\/span><\/p>\n<p><span style=\"color: #333333;\">Handmade in my workshop in Brussels.<\/span><\/p>\n<p><span style=\"color: #333333;\">Unique model with certificate of authenticity.<\/span><\/p>\n<p>&nbsp;<\/p>\n<p><img loading=\"lazy\" decoding=\"async\" class=\"alignnone size-full wp-image-53230\" src=\"https:\/\/ohreallystuff.com\/wp-content\/uploads\/2021\/02\/anglais-chapeaux-accessoires-sandra-lacroix-bruxelles-s.jpg\" alt=\"\" width=\"439\" height=\"142\" srcset=\"https:\/\/ohreallystuff.com\/wp-content\/uploads\/2021\/02\/anglais-chapeaux-accessoires-sandra-lacroix-bruxelles-s.jpg 439w, https:\/\/ohreallystuff.com\/wp-content\/uploads\/2021\/02\/anglais-chapeaux-accessoires-sandra-lacroix-bruxelles-s-300x97.jpg 300w\" sizes=\"auto, (max-width: 439px) 100vw, 439px\" \/><\/p>\n<p>&nbsp;<\/p>\n","protected":false},"featured_media":53327,"template":"","meta":[],"product_brand":[],"product_cat":[144,177],"product_tag":[],"class_list":{"0":"post-53345","1":"product","2":"type-product","3":"status-publish","4":"has-post-thumbnail","6":"product_cat-chapeaux-et-coiffes","7":"product_cat-hats","9":"first","10":"instock","11":"sold-individually","12":"taxable","13":"shipping-taxable","14":"purchasable","15":"product-type-simple"},"yoast_head":"<!-- This site is optimized with the Yoast SEO plugin v25.8 - https:\/\/yoast.com\/wordpress\/plugins\/seo\/ -->\n<title>Claudette - black - Hats and fashion accessories<\/title>\n<meta name=\"robots\" content=\"index, follow, max-snippet:-1, max-image-preview:large, max-video-preview:-1\" \/>\n<link rel=\"canonical\" href=\"https:\/\/ohreallystuff.com\/product\/chapeau-noir-claudette\/\" \/>\n<meta property=\"og:locale\" content=\"en_US\" \/>\n<meta property=\"og:type\" content=\"article\" \/>\n<meta property=\"og:title\" content=\"[:en]Claudette - black[:fr]Claudette - noir[:] - Hats and fashion accessories\" \/>\n<meta property=\"og:description\" content=\"[:en]&nbsp;  This is a hat that would make all those Hollywood stars blush with envy. This classic hat can be worn with any outfit, from a stunning suit and tie to a shimmering summer dress. Let Claudette tempt you!  Handmade in my workshop in Brussels.  Unique model with certificate of authenticity.  &nbsp;    &nbsp;[:fr]&nbsp;  Voil\u00e0 un chapeau \u00e0 faire rougir de jalousie toutes ces stars hollywoodienne. Ce grand classique s&#039;adapte \u00e0 toutes les tenues : du costard-cravate \u00e0 tomber par-terre \u00e0 la petite robe d&#039;\u00e9t\u00e9 chatoyante. Laissez-vous tenter par Claudette!  Fait-main dans mon atelier \u00e0 Bruxelles.  Mod\u00e8le unique avec certificat d&#039;authenticit\u00e9.  &nbsp;    &nbsp;[:]\" \/>\n<meta property=\"og:url\" content=\"https:\/\/ohreallystuff.com\/product\/chapeau-noir-claudette\/\" \/>\n<meta property=\"og:site_name\" content=\"Hats and fashion accessories\" \/>\n<meta property=\"article:publisher\" content=\"https:\/\/www.facebook.com\/ohreallystuff\" \/>\n<meta property=\"article:modified_time\" content=\"2021-03-27T19:18:25+00:00\" \/>\n<meta property=\"og:image\" content=\"https:\/\/ohreallystuff.com\/wp-content\/uploads\/2021\/03\/chapeau-bibi-pillbox-noir-claudette-2.jpg\" \/>\n\t<meta property=\"og:image:width\" content=\"2000\" \/>\n\t<meta property=\"og:image:height\" content=\"2000\" \/>\n\t<meta property=\"og:image:type\" content=\"image\/jpeg\" \/>\n<meta name=\"twitter:card\" content=\"summary_large_image\" \/>\n<script type=\"application\/ld+json\" class=\"yoast-schema-graph\">{\"@context\":\"https:\/\/schema.org\",\"@graph\":[{\"@type\":\"WebPage\",\"@id\":\"https:\/\/ohreallystuff.com\/product\/chapeau-noir-claudette\/\",\"url\":\"https:\/\/ohreallystuff.com\/product\/chapeau-noir-claudette\/\",\"name\":\"[:en]Claudette - black[:fr]Claudette - noir[:] - Hats and fashion accessories\",\"isPartOf\":{\"@id\":\"https:\/\/ohreallystuff.com\/#website\"},\"primaryImageOfPage\":{\"@id\":\"https:\/\/ohreallystuff.com\/product\/chapeau-noir-claudette\/#primaryimage\"},\"image\":{\"@id\":\"https:\/\/ohreallystuff.com\/product\/chapeau-noir-claudette\/#primaryimage\"},\"thumbnailUrl\":\"https:\/\/ohreallystuff.com\/wp-content\/uploads\/2021\/03\/chapeau-bibi-pillbox-noir-claudette-2.jpg\",\"datePublished\":\"2021-03-15T23:01:08+00:00\",\"dateModified\":\"2021-03-27T19:18:25+00:00\",\"breadcrumb\":{\"@id\":\"https:\/\/ohreallystuff.com\/product\/chapeau-noir-claudette\/#breadcrumb\"},\"inLanguage\":\"en-US\",\"potentialAction\":[{\"@type\":\"ReadAction\",\"target\":[\"https:\/\/ohreallystuff.com\/product\/chapeau-noir-claudette\/\"]}]},{\"@type\":\"ImageObject\",\"inLanguage\":\"en-US\",\"@id\":\"https:\/\/ohreallystuff.com\/product\/chapeau-noir-claudette\/#primaryimage\",\"url\":\"https:\/\/ohreallystuff.com\/wp-content\/uploads\/2021\/03\/chapeau-bibi-pillbox-noir-claudette-2.jpg\",\"contentUrl\":\"https:\/\/ohreallystuff.com\/wp-content\/uploads\/2021\/03\/chapeau-bibi-pillbox-noir-claudette-2.jpg\",\"width\":2000,\"height\":2000,\"caption\":\"Petit chapeau r\u00e9tro rond en feutre noir. Fez de style vintage avec n\u0153ud. Oh... Really? par Sandra Lacroix, chapeli\u00e8re, Bruxelles.\"},{\"@type\":\"BreadcrumbList\",\"@id\":\"https:\/\/ohreallystuff.com\/product\/chapeau-noir-claudette\/#breadcrumb\",\"itemListElement\":[{\"@type\":\"ListItem\",\"position\":1,\"name\":\"Home\",\"item\":\"https:\/\/ohreallystuff.com\/\"},{\"@type\":\"ListItem\",\"position\":2,\"name\":\"Boutique en ligne\",\"item\":\"https:\/\/ohreallystuff.com\/boutique-en-ligne-de-chapeaux-retro\/\"},{\"@type\":\"ListItem\",\"position\":3,\"name\":\"Claudette &#8211; noir\"}]},{\"@type\":\"WebSite\",\"@id\":\"https:\/\/ohreallystuff.com\/#website\",\"url\":\"https:\/\/ohreallystuff.com\/\",\"name\":\"Oh... Really? par Sandra Lacroix\",\"description\":\"Oh... Really? Brussels\",\"publisher\":{\"@id\":\"https:\/\/ohreallystuff.com\/#organization\"},\"potentialAction\":[{\"@type\":\"SearchAction\",\"target\":{\"@type\":\"EntryPoint\",\"urlTemplate\":\"https:\/\/ohreallystuff.com\/?s={search_term_string}\"},\"query-input\":{\"@type\":\"PropertyValueSpecification\",\"valueRequired\":true,\"valueName\":\"search_term_string\"}}],\"inLanguage\":\"en-US\"},{\"@type\":\"Organization\",\"@id\":\"https:\/\/ohreallystuff.com\/#organization\",\"name\":\"Oh Really Sandra lacroix\",\"url\":\"https:\/\/ohreallystuff.com\/\",\"logo\":{\"@type\":\"ImageObject\",\"inLanguage\":\"en-US\",\"@id\":\"https:\/\/ohreallystuff.com\/#\/schema\/logo\/image\/\",\"url\":\"https:\/\/ohreallystuff.com\/wp-content\/uploads\/2014\/12\/logo-slider-ok.png\",\"contentUrl\":\"https:\/\/ohreallystuff.com\/wp-content\/uploads\/2014\/12\/logo-slider-ok.png\",\"width\":350,\"height\":484,\"caption\":\"Oh Really Sandra lacroix\"},\"image\":{\"@id\":\"https:\/\/ohreallystuff.com\/#\/schema\/logo\/image\/\"},\"sameAs\":[\"https:\/\/www.facebook.com\/ohreallystuff\",\"https:\/\/www.instagram.com\/ohreallystuff\/\"]}]}<\/script>\n<!-- \/ Yoast SEO plugin. -->","yoast_head_json":{"title":"[:en]Claudette - black[:fr]Claudette - noir[:] - Hats and fashion accessories","robots":{"index":"index","follow":"follow","max-snippet":"max-snippet:-1","max-image-preview":"max-image-preview:large","max-video-preview":"max-video-preview:-1"},"canonical":"https:\/\/ohreallystuff.com\/product\/chapeau-noir-claudette\/","og_locale":"en_US","og_type":"article","og_title":"[:en]Claudette - black[:fr]Claudette - noir[:] - Hats and fashion accessories","og_description":"[:en]&nbsp;  This is a hat that would make all those Hollywood stars blush with envy. This classic hat can be worn with any outfit, from a stunning suit and tie to a shimmering summer dress. Let Claudette tempt you!  Handmade in my workshop in Brussels.  Unique model with certificate of authenticity.  &nbsp;    &nbsp;[:fr]&nbsp;  Voil\u00e0 un chapeau \u00e0 faire rougir de jalousie toutes ces stars hollywoodienne. Ce grand classique s'adapte \u00e0 toutes les tenues : du costard-cravate \u00e0 tomber par-terre \u00e0 la petite robe d'\u00e9t\u00e9 chatoyante. Laissez-vous tenter par Claudette!  Fait-main dans mon atelier \u00e0 Bruxelles.  Mod\u00e8le unique avec certificat d'authenticit\u00e9.  &nbsp;    &nbsp;[:]","og_url":"https:\/\/ohreallystuff.com\/product\/chapeau-noir-claudette\/","og_site_name":"Hats and fashion accessories","article_publisher":"https:\/\/www.facebook.com\/ohreallystuff","article_modified_time":"2021-03-27T19:18:25+00:00","og_image":[{"width":2000,"height":2000,"url":"https:\/\/ohreallystuff.com\/wp-content\/uploads\/2021\/03\/chapeau-bibi-pillbox-noir-claudette-2.jpg","type":"image\/jpeg"}],"twitter_card":"summary_large_image","schema":{"@context":"https:\/\/schema.org","@graph":[{"@type":"WebPage","@id":"https:\/\/ohreallystuff.com\/product\/chapeau-noir-claudette\/","url":"https:\/\/ohreallystuff.com\/product\/chapeau-noir-claudette\/","name":"[:en]Claudette - black[:fr]Claudette - noir[:] - Hats and fashion accessories","isPartOf":{"@id":"https:\/\/ohreallystuff.com\/#website"},"primaryImageOfPage":{"@id":"https:\/\/ohreallystuff.com\/product\/chapeau-noir-claudette\/#primaryimage"},"image":{"@id":"https:\/\/ohreallystuff.com\/product\/chapeau-noir-claudette\/#primaryimage"},"thumbnailUrl":"https:\/\/ohreallystuff.com\/wp-content\/uploads\/2021\/03\/chapeau-bibi-pillbox-noir-claudette-2.jpg","datePublished":"2021-03-15T23:01:08+00:00","dateModified":"2021-03-27T19:18:25+00:00","breadcrumb":{"@id":"https:\/\/ohreallystuff.com\/product\/chapeau-noir-claudette\/#breadcrumb"},"inLanguage":"en-US","potentialAction":[{"@type":"ReadAction","target":["https:\/\/ohreallystuff.com\/product\/chapeau-noir-claudette\/"]}]},{"@type":"ImageObject","inLanguage":"en-US","@id":"https:\/\/ohreallystuff.com\/product\/chapeau-noir-claudette\/#primaryimage","url":"https:\/\/ohreallystuff.com\/wp-content\/uploads\/2021\/03\/chapeau-bibi-pillbox-noir-claudette-2.jpg","contentUrl":"https:\/\/ohreallystuff.com\/wp-content\/uploads\/2021\/03\/chapeau-bibi-pillbox-noir-claudette-2.jpg","width":2000,"height":2000,"caption":"Petit chapeau r\u00e9tro rond en feutre noir. Fez de style vintage avec n\u0153ud. Oh... Really? par Sandra Lacroix, chapeli\u00e8re, Bruxelles."},{"@type":"BreadcrumbList","@id":"https:\/\/ohreallystuff.com\/product\/chapeau-noir-claudette\/#breadcrumb","itemListElement":[{"@type":"ListItem","position":1,"name":"Home","item":"https:\/\/ohreallystuff.com\/"},{"@type":"ListItem","position":2,"name":"Boutique en ligne","item":"https:\/\/ohreallystuff.com\/boutique-en-ligne-de-chapeaux-retro\/"},{"@type":"ListItem","position":3,"name":"Claudette &#8211; noir"}]},{"@type":"WebSite","@id":"https:\/\/ohreallystuff.com\/#website","url":"https:\/\/ohreallystuff.com\/","name":"Oh... Really? par Sandra Lacroix","description":"Oh... Really? Brussels","publisher":{"@id":"https:\/\/ohreallystuff.com\/#organization"},"potentialAction":[{"@type":"SearchAction","target":{"@type":"EntryPoint","urlTemplate":"https:\/\/ohreallystuff.com\/?s={search_term_string}"},"query-input":{"@type":"PropertyValueSpecification","valueRequired":true,"valueName":"search_term_string"}}],"inLanguage":"en-US"},{"@type":"Organization","@id":"https:\/\/ohreallystuff.com\/#organization","name":"Oh Really Sandra lacroix","url":"https:\/\/ohreallystuff.com\/","logo":{"@type":"ImageObject","inLanguage":"en-US","@id":"https:\/\/ohreallystuff.com\/#\/schema\/logo\/image\/","url":"https:\/\/ohreallystuff.com\/wp-content\/uploads\/2014\/12\/logo-slider-ok.png","contentUrl":"https:\/\/ohreallystuff.com\/wp-content\/uploads\/2014\/12\/logo-slider-ok.png","width":350,"height":484,"caption":"Oh Really Sandra lacroix"},"image":{"@id":"https:\/\/ohreallystuff.com\/#\/schema\/logo\/image\/"},"sameAs":["https:\/\/www.facebook.com\/ohreallystuff","https:\/\/www.instagram.com\/ohreallystuff\/"]}]}},"_links":{"self":[{"href":"https:\/\/ohreallystuff.com\/en\/wp-json\/wp\/v2\/product\/53345","targetHints":{"allow":["GET"]}}],"collection":[{"href":"https:\/\/ohreallystuff.com\/en\/wp-json\/wp\/v2\/product"}],"about":[{"href":"https:\/\/ohreallystuff.com\/en\/wp-json\/wp\/v2\/types\/product"}],"wp:featuredmedia":[{"embeddable":true,"href":"https:\/\/ohreallystuff.com\/en\/wp-json\/wp\/v2\/media\/53327"}],"wp:attachment":[{"href":"https:\/\/ohreallystuff.com\/en\/wp-json\/wp\/v2\/media?parent=53345"}],"wp:term":[{"taxonomy":"product_brand","embeddable":true,"href":"https:\/\/ohreallystuff.com\/en\/wp-json\/wp\/v2\/product_brand?post=53345"},{"taxonomy":"product_cat","embeddable":true,"href":"https:\/\/ohreallystuff.com\/en\/wp-json\/wp\/v2\/product_cat?post=53345"},{"taxonomy":"product_tag","embeddable":true,"href":"https:\/\/ohreallystuff.com\/en\/wp-json\/wp\/v2\/product_tag?post=53345"}],"curies":[{"name":"wp","href":"https:\/\/api.w.org\/{rel}","templated":true}]}}