{"id":53344,"date":"2021-03-15T23:51:20","date_gmt":"2021-03-15T22:51:20","guid":{"rendered":"https:\/\/ohreallystuff.com\/?post_type=product&#038;p=53344"},"modified":"2021-03-16T00:17:32","modified_gmt":"2021-03-15T23:17:32","slug":"chapeau-gris-claudette","status":"publish","type":"product","link":"https:\/\/ohreallystuff.com\/en\/product\/chapeau-gris-claudette\/","title":{"rendered":"Claudette &#8211; grey"},"content":{"rendered":"<p><\/p>\n<ul>\n<li><span style=\"color: #333333;\">Made in Belgium.<\/span><\/li>\n<li><span style=\"color: #333333;\">100% grey wool felt, hand moulded.<\/span><\/li>\n<li><span style=\"color: #333333;\">Grey wool felt bow.<\/span><\/li>\n<li><span style=\"color: #333333;\">Elastic supplied to secure the hat.<\/span><\/li>\n<li><span style=\"color: #333333;\">Size: about 15 x 6 cm \/ 6 x 2.4 in.<\/span><\/li>\n<li><span style=\"color: #333333;\">Certificate of authenticity provided.<\/span><\/li>\n<\/ul>\n<p><\/p>","protected":false},"excerpt":{"rendered":"<p>&nbsp;<\/p>\n<p><span style=\"color: #333333;\">Let yourself be tempted by this great classic: the pillbox hat. The height of American chic, this miniature version of Jackie Kennedy&#8217;s favourite hat is sure to catch everyone&#8217;s eye at your next rock&#8217;n&#8217;roll party.<\/span><\/p>\n<p><span style=\"color: #333333;\">Made by myself in Brussels.<\/span><\/p>\n<p><span style=\"color: #333333;\">Unique model with certificate of authenticity.<\/span><\/p>\n<p>&nbsp;<\/p>\n<p><img loading=\"lazy\" decoding=\"async\" class=\"alignnone size-full wp-image-53230\" src=\"https:\/\/ohreallystuff.com\/wp-content\/uploads\/2021\/02\/anglais-chapeaux-accessoires-sandra-lacroix-bruxelles-s.jpg\" alt=\"\" width=\"439\" height=\"142\" srcset=\"https:\/\/ohreallystuff.com\/wp-content\/uploads\/2021\/02\/anglais-chapeaux-accessoires-sandra-lacroix-bruxelles-s.jpg 439w, https:\/\/ohreallystuff.com\/wp-content\/uploads\/2021\/02\/anglais-chapeaux-accessoires-sandra-lacroix-bruxelles-s-300x97.jpg 300w\" sizes=\"auto, (max-width: 439px) 100vw, 439px\" \/><\/p>\n<p>&nbsp;<\/p>\n","protected":false},"featured_media":53319,"template":"","meta":[],"product_brand":[],"product_cat":[144,177],"product_tag":[],"class_list":{"0":"post-53344","1":"product","2":"type-product","3":"status-publish","4":"has-post-thumbnail","6":"product_cat-chapeaux-et-coiffes","7":"product_cat-hats","9":"first","10":"instock","11":"sold-individually","12":"taxable","13":"shipping-taxable","14":"purchasable","15":"product-type-simple"},"yoast_head":"<!-- This site is optimized with the Yoast SEO plugin v25.8 - https:\/\/yoast.com\/wordpress\/plugins\/seo\/ -->\n<title>Claudette - grey - Hats and fashion accessories<\/title>\n<meta name=\"robots\" content=\"index, follow, max-snippet:-1, max-image-preview:large, max-video-preview:-1\" \/>\n<link rel=\"canonical\" href=\"https:\/\/ohreallystuff.com\/product\/chapeau-gris-claudette\/\" \/>\n<meta property=\"og:locale\" content=\"en_US\" \/>\n<meta property=\"og:type\" content=\"article\" \/>\n<meta property=\"og:title\" content=\"[:en]Claudette - grey[:fr]Claudette - gris[:] - Hats and fashion accessories\" \/>\n<meta property=\"og:description\" content=\"[:en]&nbsp;  Let yourself be tempted by this great classic: the pillbox hat. The height of American chic, this miniature version of Jackie Kennedy&#039;s favourite hat is sure to catch everyone&#039;s eye at your next rock&#039;n&#039;roll party.  Made by myself in Brussels.  Unique model with certificate of authenticity.  &nbsp;    &nbsp;[:fr]&nbsp;  Laissez-vous tenter par ce grand classique : le pillbox hat. Comble du chic \u00e0 l\u2019am\u00e9ricaine, cette version miniature du chapeau pr\u00e9f\u00e9r\u00e9 de Jackie Kennedy est occasion d&#039;attirer tous les regards lors de votre prochaine soir\u00e9e rock&#039;n&#039;roll.  R\u00e9alis\u00e9 par moi-m\u00eame \u00e0 Bruxelles.  Mod\u00e8le unique avec certificat d&#039;authenticit\u00e9.  &nbsp;    &nbsp;[:]\" \/>\n<meta property=\"og:url\" content=\"https:\/\/ohreallystuff.com\/product\/chapeau-gris-claudette\/\" \/>\n<meta property=\"og:site_name\" content=\"Hats and fashion accessories\" \/>\n<meta property=\"article:publisher\" content=\"https:\/\/www.facebook.com\/ohreallystuff\" \/>\n<meta property=\"article:modified_time\" content=\"2021-03-15T23:17:32+00:00\" \/>\n<meta property=\"og:image\" content=\"https:\/\/ohreallystuff.com\/wp-content\/uploads\/2021\/03\/chapeau-bibi-pillbox-gris-claudette-1.jpg\" \/>\n\t<meta property=\"og:image:width\" content=\"2448\" \/>\n\t<meta property=\"og:image:height\" content=\"2448\" \/>\n\t<meta property=\"og:image:type\" content=\"image\/jpeg\" \/>\n<meta name=\"twitter:card\" content=\"summary_large_image\" \/>\n<script type=\"application\/ld+json\" class=\"yoast-schema-graph\">{\"@context\":\"https:\/\/schema.org\",\"@graph\":[{\"@type\":\"WebPage\",\"@id\":\"https:\/\/ohreallystuff.com\/product\/chapeau-gris-claudette\/\",\"url\":\"https:\/\/ohreallystuff.com\/product\/chapeau-gris-claudette\/\",\"name\":\"[:en]Claudette - grey[:fr]Claudette - gris[:] - Hats and fashion accessories\",\"isPartOf\":{\"@id\":\"https:\/\/ohreallystuff.com\/#website\"},\"primaryImageOfPage\":{\"@id\":\"https:\/\/ohreallystuff.com\/product\/chapeau-gris-claudette\/#primaryimage\"},\"image\":{\"@id\":\"https:\/\/ohreallystuff.com\/product\/chapeau-gris-claudette\/#primaryimage\"},\"thumbnailUrl\":\"https:\/\/ohreallystuff.com\/wp-content\/uploads\/2021\/03\/chapeau-bibi-pillbox-gris-claudette-1.jpg\",\"datePublished\":\"2021-03-15T22:51:20+00:00\",\"dateModified\":\"2021-03-15T23:17:32+00:00\",\"breadcrumb\":{\"@id\":\"https:\/\/ohreallystuff.com\/product\/chapeau-gris-claudette\/#breadcrumb\"},\"inLanguage\":\"en-US\",\"potentialAction\":[{\"@type\":\"ReadAction\",\"target\":[\"https:\/\/ohreallystuff.com\/product\/chapeau-gris-claudette\/\"]}]},{\"@type\":\"ImageObject\",\"inLanguage\":\"en-US\",\"@id\":\"https:\/\/ohreallystuff.com\/product\/chapeau-gris-claudette\/#primaryimage\",\"url\":\"https:\/\/ohreallystuff.com\/wp-content\/uploads\/2021\/03\/chapeau-bibi-pillbox-gris-claudette-1.jpg\",\"contentUrl\":\"https:\/\/ohreallystuff.com\/wp-content\/uploads\/2021\/03\/chapeau-bibi-pillbox-gris-claudette-1.jpg\",\"width\":2448,\"height\":2448,\"caption\":\"Petit chapeau r\u00e9tro rond en feutre gris. Fez de style vintage avec n\u0153ud. Oh... Really? par Sandra Lacroix, chapeli\u00e8re, Bruxelles.\"},{\"@type\":\"BreadcrumbList\",\"@id\":\"https:\/\/ohreallystuff.com\/product\/chapeau-gris-claudette\/#breadcrumb\",\"itemListElement\":[{\"@type\":\"ListItem\",\"position\":1,\"name\":\"Home\",\"item\":\"https:\/\/ohreallystuff.com\/\"},{\"@type\":\"ListItem\",\"position\":2,\"name\":\"Boutique en ligne\",\"item\":\"https:\/\/ohreallystuff.com\/boutique-en-ligne-de-chapeaux-retro\/\"},{\"@type\":\"ListItem\",\"position\":3,\"name\":\"Claudette &#8211; gris\"}]},{\"@type\":\"WebSite\",\"@id\":\"https:\/\/ohreallystuff.com\/#website\",\"url\":\"https:\/\/ohreallystuff.com\/\",\"name\":\"Oh... Really? par Sandra Lacroix\",\"description\":\"Oh... Really? Brussels\",\"publisher\":{\"@id\":\"https:\/\/ohreallystuff.com\/#organization\"},\"potentialAction\":[{\"@type\":\"SearchAction\",\"target\":{\"@type\":\"EntryPoint\",\"urlTemplate\":\"https:\/\/ohreallystuff.com\/?s={search_term_string}\"},\"query-input\":{\"@type\":\"PropertyValueSpecification\",\"valueRequired\":true,\"valueName\":\"search_term_string\"}}],\"inLanguage\":\"en-US\"},{\"@type\":\"Organization\",\"@id\":\"https:\/\/ohreallystuff.com\/#organization\",\"name\":\"Oh Really Sandra lacroix\",\"url\":\"https:\/\/ohreallystuff.com\/\",\"logo\":{\"@type\":\"ImageObject\",\"inLanguage\":\"en-US\",\"@id\":\"https:\/\/ohreallystuff.com\/#\/schema\/logo\/image\/\",\"url\":\"https:\/\/ohreallystuff.com\/wp-content\/uploads\/2014\/12\/logo-slider-ok.png\",\"contentUrl\":\"https:\/\/ohreallystuff.com\/wp-content\/uploads\/2014\/12\/logo-slider-ok.png\",\"width\":350,\"height\":484,\"caption\":\"Oh Really Sandra lacroix\"},\"image\":{\"@id\":\"https:\/\/ohreallystuff.com\/#\/schema\/logo\/image\/\"},\"sameAs\":[\"https:\/\/www.facebook.com\/ohreallystuff\",\"https:\/\/www.instagram.com\/ohreallystuff\/\"]}]}<\/script>\n<!-- \/ Yoast SEO plugin. -->","yoast_head_json":{"title":"[:en]Claudette - grey[:fr]Claudette - gris[:] - Hats and fashion accessories","robots":{"index":"index","follow":"follow","max-snippet":"max-snippet:-1","max-image-preview":"max-image-preview:large","max-video-preview":"max-video-preview:-1"},"canonical":"https:\/\/ohreallystuff.com\/product\/chapeau-gris-claudette\/","og_locale":"en_US","og_type":"article","og_title":"[:en]Claudette - grey[:fr]Claudette - gris[:] - Hats and fashion accessories","og_description":"[:en]&nbsp;  Let yourself be tempted by this great classic: the pillbox hat. The height of American chic, this miniature version of Jackie Kennedy's favourite hat is sure to catch everyone's eye at your next rock'n'roll party.  Made by myself in Brussels.  Unique model with certificate of authenticity.  &nbsp;    &nbsp;[:fr]&nbsp;  Laissez-vous tenter par ce grand classique : le pillbox hat. Comble du chic \u00e0 l\u2019am\u00e9ricaine, cette version miniature du chapeau pr\u00e9f\u00e9r\u00e9 de Jackie Kennedy est occasion d'attirer tous les regards lors de votre prochaine soir\u00e9e rock'n'roll.  R\u00e9alis\u00e9 par moi-m\u00eame \u00e0 Bruxelles.  Mod\u00e8le unique avec certificat d'authenticit\u00e9.  &nbsp;    &nbsp;[:]","og_url":"https:\/\/ohreallystuff.com\/product\/chapeau-gris-claudette\/","og_site_name":"Hats and fashion accessories","article_publisher":"https:\/\/www.facebook.com\/ohreallystuff","article_modified_time":"2021-03-15T23:17:32+00:00","og_image":[{"width":2448,"height":2448,"url":"https:\/\/ohreallystuff.com\/wp-content\/uploads\/2021\/03\/chapeau-bibi-pillbox-gris-claudette-1.jpg","type":"image\/jpeg"}],"twitter_card":"summary_large_image","schema":{"@context":"https:\/\/schema.org","@graph":[{"@type":"WebPage","@id":"https:\/\/ohreallystuff.com\/product\/chapeau-gris-claudette\/","url":"https:\/\/ohreallystuff.com\/product\/chapeau-gris-claudette\/","name":"[:en]Claudette - grey[:fr]Claudette - gris[:] - Hats and fashion accessories","isPartOf":{"@id":"https:\/\/ohreallystuff.com\/#website"},"primaryImageOfPage":{"@id":"https:\/\/ohreallystuff.com\/product\/chapeau-gris-claudette\/#primaryimage"},"image":{"@id":"https:\/\/ohreallystuff.com\/product\/chapeau-gris-claudette\/#primaryimage"},"thumbnailUrl":"https:\/\/ohreallystuff.com\/wp-content\/uploads\/2021\/03\/chapeau-bibi-pillbox-gris-claudette-1.jpg","datePublished":"2021-03-15T22:51:20+00:00","dateModified":"2021-03-15T23:17:32+00:00","breadcrumb":{"@id":"https:\/\/ohreallystuff.com\/product\/chapeau-gris-claudette\/#breadcrumb"},"inLanguage":"en-US","potentialAction":[{"@type":"ReadAction","target":["https:\/\/ohreallystuff.com\/product\/chapeau-gris-claudette\/"]}]},{"@type":"ImageObject","inLanguage":"en-US","@id":"https:\/\/ohreallystuff.com\/product\/chapeau-gris-claudette\/#primaryimage","url":"https:\/\/ohreallystuff.com\/wp-content\/uploads\/2021\/03\/chapeau-bibi-pillbox-gris-claudette-1.jpg","contentUrl":"https:\/\/ohreallystuff.com\/wp-content\/uploads\/2021\/03\/chapeau-bibi-pillbox-gris-claudette-1.jpg","width":2448,"height":2448,"caption":"Petit chapeau r\u00e9tro rond en feutre gris. Fez de style vintage avec n\u0153ud. Oh... Really? par Sandra Lacroix, chapeli\u00e8re, Bruxelles."},{"@type":"BreadcrumbList","@id":"https:\/\/ohreallystuff.com\/product\/chapeau-gris-claudette\/#breadcrumb","itemListElement":[{"@type":"ListItem","position":1,"name":"Home","item":"https:\/\/ohreallystuff.com\/"},{"@type":"ListItem","position":2,"name":"Boutique en ligne","item":"https:\/\/ohreallystuff.com\/boutique-en-ligne-de-chapeaux-retro\/"},{"@type":"ListItem","position":3,"name":"Claudette &#8211; gris"}]},{"@type":"WebSite","@id":"https:\/\/ohreallystuff.com\/#website","url":"https:\/\/ohreallystuff.com\/","name":"Oh... Really? par Sandra Lacroix","description":"Oh... Really? Brussels","publisher":{"@id":"https:\/\/ohreallystuff.com\/#organization"},"potentialAction":[{"@type":"SearchAction","target":{"@type":"EntryPoint","urlTemplate":"https:\/\/ohreallystuff.com\/?s={search_term_string}"},"query-input":{"@type":"PropertyValueSpecification","valueRequired":true,"valueName":"search_term_string"}}],"inLanguage":"en-US"},{"@type":"Organization","@id":"https:\/\/ohreallystuff.com\/#organization","name":"Oh Really Sandra lacroix","url":"https:\/\/ohreallystuff.com\/","logo":{"@type":"ImageObject","inLanguage":"en-US","@id":"https:\/\/ohreallystuff.com\/#\/schema\/logo\/image\/","url":"https:\/\/ohreallystuff.com\/wp-content\/uploads\/2014\/12\/logo-slider-ok.png","contentUrl":"https:\/\/ohreallystuff.com\/wp-content\/uploads\/2014\/12\/logo-slider-ok.png","width":350,"height":484,"caption":"Oh Really Sandra lacroix"},"image":{"@id":"https:\/\/ohreallystuff.com\/#\/schema\/logo\/image\/"},"sameAs":["https:\/\/www.facebook.com\/ohreallystuff","https:\/\/www.instagram.com\/ohreallystuff\/"]}]}},"_links":{"self":[{"href":"https:\/\/ohreallystuff.com\/en\/wp-json\/wp\/v2\/product\/53344","targetHints":{"allow":["GET"]}}],"collection":[{"href":"https:\/\/ohreallystuff.com\/en\/wp-json\/wp\/v2\/product"}],"about":[{"href":"https:\/\/ohreallystuff.com\/en\/wp-json\/wp\/v2\/types\/product"}],"wp:featuredmedia":[{"embeddable":true,"href":"https:\/\/ohreallystuff.com\/en\/wp-json\/wp\/v2\/media\/53319"}],"wp:attachment":[{"href":"https:\/\/ohreallystuff.com\/en\/wp-json\/wp\/v2\/media?parent=53344"}],"wp:term":[{"taxonomy":"product_brand","embeddable":true,"href":"https:\/\/ohreallystuff.com\/en\/wp-json\/wp\/v2\/product_brand?post=53344"},{"taxonomy":"product_cat","embeddable":true,"href":"https:\/\/ohreallystuff.com\/en\/wp-json\/wp\/v2\/product_cat?post=53344"},{"taxonomy":"product_tag","embeddable":true,"href":"https:\/\/ohreallystuff.com\/en\/wp-json\/wp\/v2\/product_tag?post=53344"}],"curies":[{"name":"wp","href":"https:\/\/api.w.org\/{rel}","templated":true}]}}