{"id":53339,"date":"2021-03-15T12:51:21","date_gmt":"2021-03-15T11:51:21","guid":{"rendered":"https:\/\/ohreallystuff.com\/?post_type=product&#038;p=53339"},"modified":"2021-03-16T00:16:00","modified_gmt":"2021-03-15T23:16:00","slug":"chapeau-bleu-rita","status":"publish","type":"product","link":"https:\/\/ohreallystuff.com\/en\/product\/chapeau-bleu-rita\/","title":{"rendered":"Rita &#8211; blue"},"content":{"rendered":"<p><span style=\"color: #333333;\">A must-see! It&#8217;s time to hop in a convertible and strut your stuff for passers-by to see. Whether it&#8217;s with a classic outfit or an evening dress, Rita is always welcome!<\/span><\/p>\n<p>&nbsp;<\/p>\n<p><span style=\"color: #333333;\">The materials I&#8217;ve selected are all of the highest quality, so the hat will look great indefinitely. Its shape will not change: I have coated a premium wool felt with a primer. Once hand-moulded with steam and dried, the shape will not move. I worked the decorative bow in the same way, and the cotton braid is also made by me. You can use the elastic inside the headdress to put it in your hair. A\u00a0<\/span><em>Oh&#8230; Really? by Sandra Lacroix<\/em> certificate of authenticity will be attached to this unique creation.<\/p>\n<p>&nbsp;<\/p>\n<p><span style=\"color: #333333;\">The hat is named after the American actress Rita Hayworth (1918-1987). Known as &#8220;The Love Godess&#8221; and an iconic figure, her illness left a mark on people&#8217;s minds and advanced scientific research: then barely known to the general public, Alzheimer&#8217;s disease was brought into the spotlight after the actress&#8217; death, thus contributing to the advancement of research.<\/span><\/p>\n<p>&nbsp;<\/p>\n<ul>\n<li><span style=\"color: #333333;\">100% Belgian creation.<\/span><\/li>\n<li><span style=\"color: #333333;\">Sky blue hat base in 100% blue wool felt, hand-moulded.<\/span><\/li>\n<li><span style=\"color: #333333;\">Black wool felt bow.<\/span><\/li>\n<li><span style=\"color: #333333;\">Decorations: off-white wool fabric, black cotton braid.<\/span><\/li>\n<li><span style=\"color: #333333;\">Elastic supplied to secure the hat.<\/span><\/li>\n<li><span style=\"color: #333333;\">Size: approximately 20 x 15 x 11cm\/8 x 6 x 4.3in.<\/span><\/li>\n<li><span style=\"color: #333333;\">Certificate of authenticity included.<\/span><\/li>\n<\/ul>\n<p><\/p>","protected":false},"excerpt":{"rendered":"<p>&nbsp;<\/p>\n<p><span style=\"color: #333333;\">What a vintage classic is Rita !\u00a0From the wisest to the most frivolous, its <em>so 50&#8217;s<\/em> shape and its sky blue colour adapt to a large number of outfits.<\/span><\/p>\n<p><span style=\"color: #333333;\">Handmade in Belgium.<\/span><\/p>\n<p><span style=\"color: #333333;\">Unique model with certificate of authenticity.<\/span><\/p>\n<p>&nbsp;<\/p>\n<p><img loading=\"lazy\" decoding=\"async\" class=\"alignnone size-full wp-image-53230\" src=\"https:\/\/ohreallystuff.com\/wp-content\/uploads\/2021\/02\/anglais-chapeaux-accessoires-sandra-lacroix-bruxelles-s.jpg\" alt=\"\" width=\"439\" height=\"142\" srcset=\"https:\/\/ohreallystuff.com\/wp-content\/uploads\/2021\/02\/anglais-chapeaux-accessoires-sandra-lacroix-bruxelles-s.jpg 439w, https:\/\/ohreallystuff.com\/wp-content\/uploads\/2021\/02\/anglais-chapeaux-accessoires-sandra-lacroix-bruxelles-s-300x97.jpg 300w\" sizes=\"auto, (max-width: 439px) 100vw, 439px\" \/><\/p>\n<p>&nbsp;<\/p>\n","protected":false},"featured_media":53301,"template":"","meta":[],"product_brand":[],"product_cat":[144,177],"product_tag":[],"class_list":{"0":"post-53339","1":"product","2":"type-product","3":"status-publish","4":"has-post-thumbnail","6":"product_cat-chapeaux-et-coiffes","7":"product_cat-hats","9":"first","10":"instock","11":"sold-individually","12":"taxable","13":"shipping-taxable","14":"purchasable","15":"product-type-simple"},"yoast_head":"<!-- This site is optimized with the Yoast SEO plugin v25.8 - https:\/\/yoast.com\/wordpress\/plugins\/seo\/ -->\n<title>Rita - blue - Hats and fashion accessories<\/title>\n<meta name=\"robots\" content=\"index, follow, max-snippet:-1, max-image-preview:large, max-video-preview:-1\" \/>\n<link rel=\"canonical\" href=\"https:\/\/ohreallystuff.com\/product\/chapeau-bleu-rita\/\" \/>\n<meta property=\"og:locale\" content=\"en_US\" \/>\n<meta property=\"og:type\" content=\"article\" \/>\n<meta property=\"og:title\" content=\"[:en]Rita - blue[:fr]Rita - bleu[:] - Hats and fashion accessories\" \/>\n<meta property=\"og:description\" content=\"[:en]&nbsp;  What a vintage classic is Rita !\u00a0From the wisest to the most frivolous, its so 50&#039;s shape and its sky blue colour adapt to a large number of outfits.  Handmade in Belgium.  Unique model with certificate of authenticity.  &nbsp;    &nbsp;[:fr]&nbsp;  Quel classique vintage ce Rita!\u00a0De la plus sage \u00e0 la plus frivole, sa forme so 50&#039;s et sa couleur bleu ciel s&#039;adaptent \u00e0 une grande quantit\u00e9 de tenues.  Cr\u00e9\u00e9 \u00e0 la main en Belgique.  Mod\u00e8le unique avec certificat d&#039;authenticit\u00e9.  &nbsp;    &nbsp;[:]\" \/>\n<meta property=\"og:url\" content=\"https:\/\/ohreallystuff.com\/product\/chapeau-bleu-rita\/\" \/>\n<meta property=\"og:site_name\" content=\"Hats and fashion accessories\" \/>\n<meta property=\"article:publisher\" content=\"https:\/\/www.facebook.com\/ohreallystuff\" \/>\n<meta property=\"article:modified_time\" content=\"2021-03-15T23:16:00+00:00\" \/>\n<meta property=\"og:image\" content=\"https:\/\/ohreallystuff.com\/wp-content\/uploads\/2021\/03\/chapeau-bibi-bleu-noeud-rita-1.jpg\" \/>\n\t<meta property=\"og:image:width\" content=\"2448\" \/>\n\t<meta property=\"og:image:height\" content=\"2448\" \/>\n\t<meta property=\"og:image:type\" content=\"image\/jpeg\" \/>\n<meta name=\"twitter:card\" content=\"summary_large_image\" \/>\n<meta name=\"twitter:label1\" content=\"Est. reading time\" \/>\n\t<meta name=\"twitter:data1\" content=\"2 minutes\" \/>\n<script type=\"application\/ld+json\" class=\"yoast-schema-graph\">{\"@context\":\"https:\/\/schema.org\",\"@graph\":[{\"@type\":\"WebPage\",\"@id\":\"https:\/\/ohreallystuff.com\/product\/chapeau-bleu-rita\/\",\"url\":\"https:\/\/ohreallystuff.com\/product\/chapeau-bleu-rita\/\",\"name\":\"[:en]Rita - blue[:fr]Rita - bleu[:] - Hats and fashion accessories\",\"isPartOf\":{\"@id\":\"https:\/\/ohreallystuff.com\/#website\"},\"primaryImageOfPage\":{\"@id\":\"https:\/\/ohreallystuff.com\/product\/chapeau-bleu-rita\/#primaryimage\"},\"image\":{\"@id\":\"https:\/\/ohreallystuff.com\/product\/chapeau-bleu-rita\/#primaryimage\"},\"thumbnailUrl\":\"https:\/\/ohreallystuff.com\/wp-content\/uploads\/2021\/03\/chapeau-bibi-bleu-noeud-rita-1.jpg\",\"datePublished\":\"2021-03-15T11:51:21+00:00\",\"dateModified\":\"2021-03-15T23:16:00+00:00\",\"breadcrumb\":{\"@id\":\"https:\/\/ohreallystuff.com\/product\/chapeau-bleu-rita\/#breadcrumb\"},\"inLanguage\":\"en-US\",\"potentialAction\":[{\"@type\":\"ReadAction\",\"target\":[\"https:\/\/ohreallystuff.com\/product\/chapeau-bleu-rita\/\"]}]},{\"@type\":\"ImageObject\",\"inLanguage\":\"en-US\",\"@id\":\"https:\/\/ohreallystuff.com\/product\/chapeau-bleu-rita\/#primaryimage\",\"url\":\"https:\/\/ohreallystuff.com\/wp-content\/uploads\/2021\/03\/chapeau-bibi-bleu-noeud-rita-1.jpg\",\"contentUrl\":\"https:\/\/ohreallystuff.com\/wp-content\/uploads\/2021\/03\/chapeau-bibi-bleu-noeud-rita-1.jpg\",\"width\":2448,\"height\":2448,\"caption\":\"Chapeau de c\u00e9r\u00e9monie r\u00e9tro en feutre bleu. Style vintage avec n\u0153ud noir et tissu blanc ivoire. Oh... Really? par Sandra Lacroix, chapeli\u00e8re, Bruxelles.\"},{\"@type\":\"BreadcrumbList\",\"@id\":\"https:\/\/ohreallystuff.com\/product\/chapeau-bleu-rita\/#breadcrumb\",\"itemListElement\":[{\"@type\":\"ListItem\",\"position\":1,\"name\":\"Home\",\"item\":\"https:\/\/ohreallystuff.com\/\"},{\"@type\":\"ListItem\",\"position\":2,\"name\":\"Boutique en ligne\",\"item\":\"https:\/\/ohreallystuff.com\/boutique-en-ligne-de-chapeaux-retro\/\"},{\"@type\":\"ListItem\",\"position\":3,\"name\":\"Rita &#8211; bleu\"}]},{\"@type\":\"WebSite\",\"@id\":\"https:\/\/ohreallystuff.com\/#website\",\"url\":\"https:\/\/ohreallystuff.com\/\",\"name\":\"Oh... Really? par Sandra Lacroix\",\"description\":\"Oh... Really? Brussels\",\"publisher\":{\"@id\":\"https:\/\/ohreallystuff.com\/#organization\"},\"potentialAction\":[{\"@type\":\"SearchAction\",\"target\":{\"@type\":\"EntryPoint\",\"urlTemplate\":\"https:\/\/ohreallystuff.com\/?s={search_term_string}\"},\"query-input\":{\"@type\":\"PropertyValueSpecification\",\"valueRequired\":true,\"valueName\":\"search_term_string\"}}],\"inLanguage\":\"en-US\"},{\"@type\":\"Organization\",\"@id\":\"https:\/\/ohreallystuff.com\/#organization\",\"name\":\"Oh Really Sandra lacroix\",\"url\":\"https:\/\/ohreallystuff.com\/\",\"logo\":{\"@type\":\"ImageObject\",\"inLanguage\":\"en-US\",\"@id\":\"https:\/\/ohreallystuff.com\/#\/schema\/logo\/image\/\",\"url\":\"https:\/\/ohreallystuff.com\/wp-content\/uploads\/2014\/12\/logo-slider-ok.png\",\"contentUrl\":\"https:\/\/ohreallystuff.com\/wp-content\/uploads\/2014\/12\/logo-slider-ok.png\",\"width\":350,\"height\":484,\"caption\":\"Oh Really Sandra lacroix\"},\"image\":{\"@id\":\"https:\/\/ohreallystuff.com\/#\/schema\/logo\/image\/\"},\"sameAs\":[\"https:\/\/www.facebook.com\/ohreallystuff\",\"https:\/\/www.instagram.com\/ohreallystuff\/\"]}]}<\/script>\n<!-- \/ Yoast SEO plugin. -->","yoast_head_json":{"title":"[:en]Rita - blue[:fr]Rita - bleu[:] - Hats and fashion accessories","robots":{"index":"index","follow":"follow","max-snippet":"max-snippet:-1","max-image-preview":"max-image-preview:large","max-video-preview":"max-video-preview:-1"},"canonical":"https:\/\/ohreallystuff.com\/product\/chapeau-bleu-rita\/","og_locale":"en_US","og_type":"article","og_title":"[:en]Rita - blue[:fr]Rita - bleu[:] - Hats and fashion accessories","og_description":"[:en]&nbsp;  What a vintage classic is Rita !\u00a0From the wisest to the most frivolous, its so 50's shape and its sky blue colour adapt to a large number of outfits.  Handmade in Belgium.  Unique model with certificate of authenticity.  &nbsp;    &nbsp;[:fr]&nbsp;  Quel classique vintage ce Rita!\u00a0De la plus sage \u00e0 la plus frivole, sa forme so 50's et sa couleur bleu ciel s'adaptent \u00e0 une grande quantit\u00e9 de tenues.  Cr\u00e9\u00e9 \u00e0 la main en Belgique.  Mod\u00e8le unique avec certificat d'authenticit\u00e9.  &nbsp;    &nbsp;[:]","og_url":"https:\/\/ohreallystuff.com\/product\/chapeau-bleu-rita\/","og_site_name":"Hats and fashion accessories","article_publisher":"https:\/\/www.facebook.com\/ohreallystuff","article_modified_time":"2021-03-15T23:16:00+00:00","og_image":[{"width":2448,"height":2448,"url":"https:\/\/ohreallystuff.com\/wp-content\/uploads\/2021\/03\/chapeau-bibi-bleu-noeud-rita-1.jpg","type":"image\/jpeg"}],"twitter_card":"summary_large_image","twitter_misc":{"Est. reading time":"2 minutes"},"schema":{"@context":"https:\/\/schema.org","@graph":[{"@type":"WebPage","@id":"https:\/\/ohreallystuff.com\/product\/chapeau-bleu-rita\/","url":"https:\/\/ohreallystuff.com\/product\/chapeau-bleu-rita\/","name":"[:en]Rita - blue[:fr]Rita - bleu[:] - Hats and fashion accessories","isPartOf":{"@id":"https:\/\/ohreallystuff.com\/#website"},"primaryImageOfPage":{"@id":"https:\/\/ohreallystuff.com\/product\/chapeau-bleu-rita\/#primaryimage"},"image":{"@id":"https:\/\/ohreallystuff.com\/product\/chapeau-bleu-rita\/#primaryimage"},"thumbnailUrl":"https:\/\/ohreallystuff.com\/wp-content\/uploads\/2021\/03\/chapeau-bibi-bleu-noeud-rita-1.jpg","datePublished":"2021-03-15T11:51:21+00:00","dateModified":"2021-03-15T23:16:00+00:00","breadcrumb":{"@id":"https:\/\/ohreallystuff.com\/product\/chapeau-bleu-rita\/#breadcrumb"},"inLanguage":"en-US","potentialAction":[{"@type":"ReadAction","target":["https:\/\/ohreallystuff.com\/product\/chapeau-bleu-rita\/"]}]},{"@type":"ImageObject","inLanguage":"en-US","@id":"https:\/\/ohreallystuff.com\/product\/chapeau-bleu-rita\/#primaryimage","url":"https:\/\/ohreallystuff.com\/wp-content\/uploads\/2021\/03\/chapeau-bibi-bleu-noeud-rita-1.jpg","contentUrl":"https:\/\/ohreallystuff.com\/wp-content\/uploads\/2021\/03\/chapeau-bibi-bleu-noeud-rita-1.jpg","width":2448,"height":2448,"caption":"Chapeau de c\u00e9r\u00e9monie r\u00e9tro en feutre bleu. Style vintage avec n\u0153ud noir et tissu blanc ivoire. Oh... Really? par Sandra Lacroix, chapeli\u00e8re, Bruxelles."},{"@type":"BreadcrumbList","@id":"https:\/\/ohreallystuff.com\/product\/chapeau-bleu-rita\/#breadcrumb","itemListElement":[{"@type":"ListItem","position":1,"name":"Home","item":"https:\/\/ohreallystuff.com\/"},{"@type":"ListItem","position":2,"name":"Boutique en ligne","item":"https:\/\/ohreallystuff.com\/boutique-en-ligne-de-chapeaux-retro\/"},{"@type":"ListItem","position":3,"name":"Rita &#8211; bleu"}]},{"@type":"WebSite","@id":"https:\/\/ohreallystuff.com\/#website","url":"https:\/\/ohreallystuff.com\/","name":"Oh... Really? par Sandra Lacroix","description":"Oh... Really? Brussels","publisher":{"@id":"https:\/\/ohreallystuff.com\/#organization"},"potentialAction":[{"@type":"SearchAction","target":{"@type":"EntryPoint","urlTemplate":"https:\/\/ohreallystuff.com\/?s={search_term_string}"},"query-input":{"@type":"PropertyValueSpecification","valueRequired":true,"valueName":"search_term_string"}}],"inLanguage":"en-US"},{"@type":"Organization","@id":"https:\/\/ohreallystuff.com\/#organization","name":"Oh Really Sandra lacroix","url":"https:\/\/ohreallystuff.com\/","logo":{"@type":"ImageObject","inLanguage":"en-US","@id":"https:\/\/ohreallystuff.com\/#\/schema\/logo\/image\/","url":"https:\/\/ohreallystuff.com\/wp-content\/uploads\/2014\/12\/logo-slider-ok.png","contentUrl":"https:\/\/ohreallystuff.com\/wp-content\/uploads\/2014\/12\/logo-slider-ok.png","width":350,"height":484,"caption":"Oh Really Sandra lacroix"},"image":{"@id":"https:\/\/ohreallystuff.com\/#\/schema\/logo\/image\/"},"sameAs":["https:\/\/www.facebook.com\/ohreallystuff","https:\/\/www.instagram.com\/ohreallystuff\/"]}]}},"_links":{"self":[{"href":"https:\/\/ohreallystuff.com\/en\/wp-json\/wp\/v2\/product\/53339","targetHints":{"allow":["GET"]}}],"collection":[{"href":"https:\/\/ohreallystuff.com\/en\/wp-json\/wp\/v2\/product"}],"about":[{"href":"https:\/\/ohreallystuff.com\/en\/wp-json\/wp\/v2\/types\/product"}],"wp:featuredmedia":[{"embeddable":true,"href":"https:\/\/ohreallystuff.com\/en\/wp-json\/wp\/v2\/media\/53301"}],"wp:attachment":[{"href":"https:\/\/ohreallystuff.com\/en\/wp-json\/wp\/v2\/media?parent=53339"}],"wp:term":[{"taxonomy":"product_brand","embeddable":true,"href":"https:\/\/ohreallystuff.com\/en\/wp-json\/wp\/v2\/product_brand?post=53339"},{"taxonomy":"product_cat","embeddable":true,"href":"https:\/\/ohreallystuff.com\/en\/wp-json\/wp\/v2\/product_cat?post=53339"},{"taxonomy":"product_tag","embeddable":true,"href":"https:\/\/ohreallystuff.com\/en\/wp-json\/wp\/v2\/product_tag?post=53339"}],"curies":[{"name":"wp","href":"https:\/\/api.w.org\/{rel}","templated":true}]}}