{"id":53290,"date":"2021-03-15T12:12:39","date_gmt":"2021-03-15T11:12:39","guid":{"rendered":"https:\/\/ohreallystuff.com\/?post_type=product&#038;p=53290"},"modified":"2021-03-16T00:16:28","modified_gmt":"2021-03-15T23:16:28","slug":"chapeau-rose-fleurs-rita","status":"publish","type":"product","link":"https:\/\/ohreallystuff.com\/en\/product\/chapeau-rose-fleurs-rita\/","title":{"rendered":"Rita &#8211; fuchsia &#038; flowers"},"content":{"rendered":"<p><span style=\"color: #333333;\">Bring some colour to this dreary late winter! This retro model is a classic that fits in with any vintage outfit. Thanks to its shimmering colours, it&#8217;s the accessory that will give you that little extra something you&#8217;ve been missing.<\/span><\/p>\n<p>&nbsp;<\/p>\n<p><span style=\"color: #333333;\">Created in materials selected for their quality, Rita has a very refined and precious finished look. Its finishing and its solidity will allow you to keep it for a long time. The base of the hat has been hand-moulded from primed wool felt and then steam-fixed, so it will hold its shape with ease. The bow is also formed in the same way. I then braided cotton threads and added a viscose floral fabric to give the design a tangy touch. To place it in your hairstyle, a hat band is placed inside the hat. As this is a unique design, I am enclosing a <em>Oh&#8230; Really? by Sandra Lacroix<\/em> certificate of authenticity to your package.<\/span><\/p>\n<p>&nbsp;<\/p>\n<p><span style=\"color: #333333;\">The name of the hat was chosen as a tribute to the American actress Rita Hayworth (1918-1987). Of Anglo-Hispanic origin, she began her career as a dancer before becoming one of the greatest icons of Hollywood cinema.<\/span><\/p>\n<p>&nbsp;<\/p>\n<ul>\n<li><span style=\"color: #333333;\">100% Belgian creation.<\/span><\/li>\n<li><span style=\"color: #333333;\">Hat base in fuchsia pink wool felt, hand moulded.<\/span><\/li>\n<li><span style=\"color: #333333;\">Handmade knot in ivory white wool felt.<\/span><\/li>\n<li><span style=\"color: #333333;\">Flowery fabric in yellow and multicoloured viscose, braided with ivory white cotton threads.<\/span><\/li>\n<li><span style=\"color: #333333;\">Elastic supplied to secure the hat.<\/span><\/li>\n<li><span style=\"color: #333333;\">Size: approximately 20 x 15 x 11cm\/8 x 6 x 4.3in.<\/span><\/li>\n<li><span style=\"color: #333333;\">Certificate of authenticity.<\/span><\/li>\n<\/ul>\n<p><\/p>","protected":false},"excerpt":{"rendered":"<p>&nbsp;<\/p>\n<p><span style=\"color: #333333;\">Looking for a bit of spring before its time? This flowery and acidulous version of the Rita model will be the perfect accessory to add a little sunshine to your outfit.<\/span><\/p>\n<p><span style=\"color: #333333;\">Entirely handmade in Brussels.<\/span><\/p>\n<p><span style=\"color: #333333;\">Unique model with certificate of authenticity.<\/span><\/p>\n<p>&nbsp;<\/p>\n<p><img loading=\"lazy\" decoding=\"async\" class=\"alignnone size-full wp-image-53230\" src=\"https:\/\/ohreallystuff.com\/wp-content\/uploads\/2021\/02\/anglais-chapeaux-accessoires-sandra-lacroix-bruxelles-s.jpg\" alt=\"\" width=\"439\" height=\"142\" srcset=\"https:\/\/ohreallystuff.com\/wp-content\/uploads\/2021\/02\/anglais-chapeaux-accessoires-sandra-lacroix-bruxelles-s.jpg 439w, https:\/\/ohreallystuff.com\/wp-content\/uploads\/2021\/02\/anglais-chapeaux-accessoires-sandra-lacroix-bruxelles-s-300x97.jpg 300w\" sizes=\"auto, (max-width: 439px) 100vw, 439px\" \/><\/p>\n<p>&nbsp;<\/p>\n","protected":false},"featured_media":53333,"template":"","meta":[],"product_brand":[],"product_cat":[144,177],"product_tag":[],"class_list":{"0":"post-53290","1":"product","2":"type-product","3":"status-publish","4":"has-post-thumbnail","6":"product_cat-chapeaux-et-coiffes","7":"product_cat-hats","9":"first","10":"instock","11":"sold-individually","12":"taxable","13":"shipping-taxable","14":"purchasable","15":"product-type-simple"},"yoast_head":"<!-- This site is optimized with the Yoast SEO plugin v25.8 - https:\/\/yoast.com\/wordpress\/plugins\/seo\/ -->\n<title>Rita - fuchsia &amp; flowers - Hats and fashion accessories<\/title>\n<meta name=\"robots\" content=\"index, follow, max-snippet:-1, max-image-preview:large, max-video-preview:-1\" \/>\n<link rel=\"canonical\" href=\"https:\/\/ohreallystuff.com\/product\/chapeau-rose-fleurs-rita\/\" \/>\n<meta property=\"og:locale\" content=\"en_US\" \/>\n<meta property=\"og:type\" content=\"article\" \/>\n<meta property=\"og:title\" content=\"[:en]Rita - fuchsia &amp; flowers[:fr]Rita - fuchsia &amp; fleurs[:] - Hats and fashion accessories\" \/>\n<meta property=\"og:description\" content=\"[:en]&nbsp;  Looking for a bit of spring before its time? This flowery and acidulous version of the Rita model will be the perfect accessory to add a little sunshine to your outfit.  Entirely handmade in Brussels.  Unique model with certificate of authenticity.  &nbsp;    &nbsp;[:fr]&nbsp;  Envie d&#039;un peu de printemps avant l&#039;heure? Cette version fleurie et acidul\u00e9e du mod\u00e8le Rita sera la parfait accessoire pour mettre un peu de soleil \u00e0 votre tenue.  Enti\u00e8rement fait main \u00e0 Bruxelles.  Mod\u00e8le unique avec certificat d&#039;authenticit\u00e9.  &nbsp;    &nbsp;[:]\" \/>\n<meta property=\"og:url\" content=\"https:\/\/ohreallystuff.com\/product\/chapeau-rose-fleurs-rita\/\" \/>\n<meta property=\"og:site_name\" content=\"Hats and fashion accessories\" \/>\n<meta property=\"article:publisher\" content=\"https:\/\/www.facebook.com\/ohreallystuff\" \/>\n<meta property=\"article:modified_time\" content=\"2021-03-15T23:16:28+00:00\" \/>\n<meta property=\"og:image\" content=\"https:\/\/ohreallystuff.com\/wp-content\/uploads\/2021\/03\/chapeau-bibi-rose-fleurs-noeud-rita-1.jpg\" \/>\n\t<meta property=\"og:image:width\" content=\"2448\" \/>\n\t<meta property=\"og:image:height\" content=\"2448\" \/>\n\t<meta property=\"og:image:type\" content=\"image\/jpeg\" \/>\n<meta name=\"twitter:card\" content=\"summary_large_image\" \/>\n<meta name=\"twitter:label1\" content=\"Est. reading time\" \/>\n\t<meta name=\"twitter:data1\" content=\"3 minutes\" \/>\n<script type=\"application\/ld+json\" class=\"yoast-schema-graph\">{\"@context\":\"https:\/\/schema.org\",\"@graph\":[{\"@type\":\"WebPage\",\"@id\":\"https:\/\/ohreallystuff.com\/product\/chapeau-rose-fleurs-rita\/\",\"url\":\"https:\/\/ohreallystuff.com\/product\/chapeau-rose-fleurs-rita\/\",\"name\":\"[:en]Rita - fuchsia & flowers[:fr]Rita - fuchsia & fleurs[:] - Hats and fashion accessories\",\"isPartOf\":{\"@id\":\"https:\/\/ohreallystuff.com\/#website\"},\"primaryImageOfPage\":{\"@id\":\"https:\/\/ohreallystuff.com\/product\/chapeau-rose-fleurs-rita\/#primaryimage\"},\"image\":{\"@id\":\"https:\/\/ohreallystuff.com\/product\/chapeau-rose-fleurs-rita\/#primaryimage\"},\"thumbnailUrl\":\"https:\/\/ohreallystuff.com\/wp-content\/uploads\/2021\/03\/chapeau-bibi-rose-fleurs-noeud-rita-1.jpg\",\"datePublished\":\"2021-03-15T11:12:39+00:00\",\"dateModified\":\"2021-03-15T23:16:28+00:00\",\"breadcrumb\":{\"@id\":\"https:\/\/ohreallystuff.com\/product\/chapeau-rose-fleurs-rita\/#breadcrumb\"},\"inLanguage\":\"en-US\",\"potentialAction\":[{\"@type\":\"ReadAction\",\"target\":[\"https:\/\/ohreallystuff.com\/product\/chapeau-rose-fleurs-rita\/\"]}]},{\"@type\":\"ImageObject\",\"inLanguage\":\"en-US\",\"@id\":\"https:\/\/ohreallystuff.com\/product\/chapeau-rose-fleurs-rita\/#primaryimage\",\"url\":\"https:\/\/ohreallystuff.com\/wp-content\/uploads\/2021\/03\/chapeau-bibi-rose-fleurs-noeud-rita-1.jpg\",\"contentUrl\":\"https:\/\/ohreallystuff.com\/wp-content\/uploads\/2021\/03\/chapeau-bibi-rose-fleurs-noeud-rita-1.jpg\",\"width\":2448,\"height\":2448,\"caption\":\"Chapeau de c\u00e9r\u00e9monie r\u00e9tro en feutre rose fuchsia. Style vintage avec n\u0153ud blanc ivoire et fleurs multicolores. Oh... Really? par Sandra Lacroix, chapeli\u00e8re, Bruxelles.\"},{\"@type\":\"BreadcrumbList\",\"@id\":\"https:\/\/ohreallystuff.com\/product\/chapeau-rose-fleurs-rita\/#breadcrumb\",\"itemListElement\":[{\"@type\":\"ListItem\",\"position\":1,\"name\":\"Home\",\"item\":\"https:\/\/ohreallystuff.com\/\"},{\"@type\":\"ListItem\",\"position\":2,\"name\":\"Boutique en ligne\",\"item\":\"https:\/\/ohreallystuff.com\/boutique-en-ligne-de-chapeaux-retro\/\"},{\"@type\":\"ListItem\",\"position\":3,\"name\":\"Rita &#8211; fuchsia &#038; fleurs\"}]},{\"@type\":\"WebSite\",\"@id\":\"https:\/\/ohreallystuff.com\/#website\",\"url\":\"https:\/\/ohreallystuff.com\/\",\"name\":\"Oh... Really? par Sandra Lacroix\",\"description\":\"Oh... Really? Brussels\",\"publisher\":{\"@id\":\"https:\/\/ohreallystuff.com\/#organization\"},\"potentialAction\":[{\"@type\":\"SearchAction\",\"target\":{\"@type\":\"EntryPoint\",\"urlTemplate\":\"https:\/\/ohreallystuff.com\/?s={search_term_string}\"},\"query-input\":{\"@type\":\"PropertyValueSpecification\",\"valueRequired\":true,\"valueName\":\"search_term_string\"}}],\"inLanguage\":\"en-US\"},{\"@type\":\"Organization\",\"@id\":\"https:\/\/ohreallystuff.com\/#organization\",\"name\":\"Oh Really Sandra lacroix\",\"url\":\"https:\/\/ohreallystuff.com\/\",\"logo\":{\"@type\":\"ImageObject\",\"inLanguage\":\"en-US\",\"@id\":\"https:\/\/ohreallystuff.com\/#\/schema\/logo\/image\/\",\"url\":\"https:\/\/ohreallystuff.com\/wp-content\/uploads\/2014\/12\/logo-slider-ok.png\",\"contentUrl\":\"https:\/\/ohreallystuff.com\/wp-content\/uploads\/2014\/12\/logo-slider-ok.png\",\"width\":350,\"height\":484,\"caption\":\"Oh Really Sandra lacroix\"},\"image\":{\"@id\":\"https:\/\/ohreallystuff.com\/#\/schema\/logo\/image\/\"},\"sameAs\":[\"https:\/\/www.facebook.com\/ohreallystuff\",\"https:\/\/www.instagram.com\/ohreallystuff\/\"]}]}<\/script>\n<!-- \/ Yoast SEO plugin. -->","yoast_head_json":{"title":"[:en]Rita - fuchsia & flowers[:fr]Rita - fuchsia & fleurs[:] - Hats and fashion accessories","robots":{"index":"index","follow":"follow","max-snippet":"max-snippet:-1","max-image-preview":"max-image-preview:large","max-video-preview":"max-video-preview:-1"},"canonical":"https:\/\/ohreallystuff.com\/product\/chapeau-rose-fleurs-rita\/","og_locale":"en_US","og_type":"article","og_title":"[:en]Rita - fuchsia & flowers[:fr]Rita - fuchsia & fleurs[:] - Hats and fashion accessories","og_description":"[:en]&nbsp;  Looking for a bit of spring before its time? This flowery and acidulous version of the Rita model will be the perfect accessory to add a little sunshine to your outfit.  Entirely handmade in Brussels.  Unique model with certificate of authenticity.  &nbsp;    &nbsp;[:fr]&nbsp;  Envie d'un peu de printemps avant l'heure? Cette version fleurie et acidul\u00e9e du mod\u00e8le Rita sera la parfait accessoire pour mettre un peu de soleil \u00e0 votre tenue.  Enti\u00e8rement fait main \u00e0 Bruxelles.  Mod\u00e8le unique avec certificat d'authenticit\u00e9.  &nbsp;    &nbsp;[:]","og_url":"https:\/\/ohreallystuff.com\/product\/chapeau-rose-fleurs-rita\/","og_site_name":"Hats and fashion accessories","article_publisher":"https:\/\/www.facebook.com\/ohreallystuff","article_modified_time":"2021-03-15T23:16:28+00:00","og_image":[{"width":2448,"height":2448,"url":"https:\/\/ohreallystuff.com\/wp-content\/uploads\/2021\/03\/chapeau-bibi-rose-fleurs-noeud-rita-1.jpg","type":"image\/jpeg"}],"twitter_card":"summary_large_image","twitter_misc":{"Est. reading time":"3 minutes"},"schema":{"@context":"https:\/\/schema.org","@graph":[{"@type":"WebPage","@id":"https:\/\/ohreallystuff.com\/product\/chapeau-rose-fleurs-rita\/","url":"https:\/\/ohreallystuff.com\/product\/chapeau-rose-fleurs-rita\/","name":"[:en]Rita - fuchsia & flowers[:fr]Rita - fuchsia & fleurs[:] - Hats and fashion accessories","isPartOf":{"@id":"https:\/\/ohreallystuff.com\/#website"},"primaryImageOfPage":{"@id":"https:\/\/ohreallystuff.com\/product\/chapeau-rose-fleurs-rita\/#primaryimage"},"image":{"@id":"https:\/\/ohreallystuff.com\/product\/chapeau-rose-fleurs-rita\/#primaryimage"},"thumbnailUrl":"https:\/\/ohreallystuff.com\/wp-content\/uploads\/2021\/03\/chapeau-bibi-rose-fleurs-noeud-rita-1.jpg","datePublished":"2021-03-15T11:12:39+00:00","dateModified":"2021-03-15T23:16:28+00:00","breadcrumb":{"@id":"https:\/\/ohreallystuff.com\/product\/chapeau-rose-fleurs-rita\/#breadcrumb"},"inLanguage":"en-US","potentialAction":[{"@type":"ReadAction","target":["https:\/\/ohreallystuff.com\/product\/chapeau-rose-fleurs-rita\/"]}]},{"@type":"ImageObject","inLanguage":"en-US","@id":"https:\/\/ohreallystuff.com\/product\/chapeau-rose-fleurs-rita\/#primaryimage","url":"https:\/\/ohreallystuff.com\/wp-content\/uploads\/2021\/03\/chapeau-bibi-rose-fleurs-noeud-rita-1.jpg","contentUrl":"https:\/\/ohreallystuff.com\/wp-content\/uploads\/2021\/03\/chapeau-bibi-rose-fleurs-noeud-rita-1.jpg","width":2448,"height":2448,"caption":"Chapeau de c\u00e9r\u00e9monie r\u00e9tro en feutre rose fuchsia. Style vintage avec n\u0153ud blanc ivoire et fleurs multicolores. Oh... Really? par Sandra Lacroix, chapeli\u00e8re, Bruxelles."},{"@type":"BreadcrumbList","@id":"https:\/\/ohreallystuff.com\/product\/chapeau-rose-fleurs-rita\/#breadcrumb","itemListElement":[{"@type":"ListItem","position":1,"name":"Home","item":"https:\/\/ohreallystuff.com\/"},{"@type":"ListItem","position":2,"name":"Boutique en ligne","item":"https:\/\/ohreallystuff.com\/boutique-en-ligne-de-chapeaux-retro\/"},{"@type":"ListItem","position":3,"name":"Rita &#8211; fuchsia &#038; fleurs"}]},{"@type":"WebSite","@id":"https:\/\/ohreallystuff.com\/#website","url":"https:\/\/ohreallystuff.com\/","name":"Oh... Really? par Sandra Lacroix","description":"Oh... Really? Brussels","publisher":{"@id":"https:\/\/ohreallystuff.com\/#organization"},"potentialAction":[{"@type":"SearchAction","target":{"@type":"EntryPoint","urlTemplate":"https:\/\/ohreallystuff.com\/?s={search_term_string}"},"query-input":{"@type":"PropertyValueSpecification","valueRequired":true,"valueName":"search_term_string"}}],"inLanguage":"en-US"},{"@type":"Organization","@id":"https:\/\/ohreallystuff.com\/#organization","name":"Oh Really Sandra lacroix","url":"https:\/\/ohreallystuff.com\/","logo":{"@type":"ImageObject","inLanguage":"en-US","@id":"https:\/\/ohreallystuff.com\/#\/schema\/logo\/image\/","url":"https:\/\/ohreallystuff.com\/wp-content\/uploads\/2014\/12\/logo-slider-ok.png","contentUrl":"https:\/\/ohreallystuff.com\/wp-content\/uploads\/2014\/12\/logo-slider-ok.png","width":350,"height":484,"caption":"Oh Really Sandra lacroix"},"image":{"@id":"https:\/\/ohreallystuff.com\/#\/schema\/logo\/image\/"},"sameAs":["https:\/\/www.facebook.com\/ohreallystuff","https:\/\/www.instagram.com\/ohreallystuff\/"]}]}},"_links":{"self":[{"href":"https:\/\/ohreallystuff.com\/en\/wp-json\/wp\/v2\/product\/53290","targetHints":{"allow":["GET"]}}],"collection":[{"href":"https:\/\/ohreallystuff.com\/en\/wp-json\/wp\/v2\/product"}],"about":[{"href":"https:\/\/ohreallystuff.com\/en\/wp-json\/wp\/v2\/types\/product"}],"wp:featuredmedia":[{"embeddable":true,"href":"https:\/\/ohreallystuff.com\/en\/wp-json\/wp\/v2\/media\/53333"}],"wp:attachment":[{"href":"https:\/\/ohreallystuff.com\/en\/wp-json\/wp\/v2\/media?parent=53290"}],"wp:term":[{"taxonomy":"product_brand","embeddable":true,"href":"https:\/\/ohreallystuff.com\/en\/wp-json\/wp\/v2\/product_brand?post=53290"},{"taxonomy":"product_cat","embeddable":true,"href":"https:\/\/ohreallystuff.com\/en\/wp-json\/wp\/v2\/product_cat?post=53290"},{"taxonomy":"product_tag","embeddable":true,"href":"https:\/\/ohreallystuff.com\/en\/wp-json\/wp\/v2\/product_tag?post=53290"}],"curies":[{"name":"wp","href":"https:\/\/api.w.org\/{rel}","templated":true}]}}