{"id":52958,"date":"2021-02-03T23:35:27","date_gmt":"2021-02-03T22:35:27","guid":{"rendered":"https:\/\/ohreallystuff.com\/?post_type=product&#038;p=52958"},"modified":"2021-02-03T23:40:23","modified_gmt":"2021-02-03T22:40:23","slug":"accessoire-cheveux-peigne-fleur-ava","status":"publish","type":"product","link":"https:\/\/ohreallystuff.com\/en\/product\/accessoire-cheveux-peigne-fleur-ava\/","title":{"rendered":"Ava &#8211; comb"},"content":{"rendered":"<p><span style=\"color: #b59a65;\">All the accessories and ornaments are made the traditionnal way.<\/span><\/p>\n<p><span style=\"color: #b59a65;\">The production is entirely handmade by Oh\u2026 Really\u00a0? as a single original.<\/span><\/p>","protected":false},"excerpt":{"rendered":"<p>&nbsp;<\/p>\n<p><span style=\"color: #333333;\">-leaves\u00a0: yellow wild silk, orange and salmon pink cotton.<\/span><br \/>\n<span style=\"color: #333333;\">-flower\u00a0: light pink acetate.<\/span><br \/>\n<span style=\"color: #333333;\">-transparent plastic comb\u00a0: 7cm x 4cm (2,8in x 1,6in), covered with a light pink satin ribbon.<\/span><br \/>\n<span style=\"color: #333333;\">-app. 15cm x 10cm (5.9in x 3.9in).<\/span><\/p>\n<p>&nbsp;<\/p>\n","protected":false},"featured_media":52935,"template":"","meta":[],"product_brand":[],"product_cat":[145,180],"product_tag":[],"class_list":{"0":"post-52958","1":"product","2":"type-product","3":"status-publish","4":"has-post-thumbnail","6":"product_cat-accessoires","7":"product_cat-combs","9":"first","10":"instock","11":"sold-individually","12":"taxable","13":"shipping-taxable","14":"purchasable","15":"product-type-simple"},"yoast_head":"<!-- This site is optimized with the Yoast SEO plugin v25.8 - https:\/\/yoast.com\/wordpress\/plugins\/seo\/ -->\n<title>Ava - comb - Hats and fashion accessories<\/title>\n<meta name=\"robots\" content=\"index, follow, max-snippet:-1, max-image-preview:large, max-video-preview:-1\" \/>\n<link rel=\"canonical\" href=\"https:\/\/ohreallystuff.com\/product\/accessoire-cheveux-peigne-fleur-ava\/\" \/>\n<meta property=\"og:locale\" content=\"en_US\" \/>\n<meta property=\"og:type\" content=\"article\" \/>\n<meta property=\"og:title\" content=\"[:en]Ava - comb[:fr]Ava - peigne[:] - Hats and fashion accessories\" \/>\n<meta property=\"og:description\" content=\"[:en]&nbsp;  -leaves\u00a0: yellow wild silk, orange and salmon pink cotton. -flower\u00a0: light pink acetate. -transparent plastic comb\u00a0: 7cm x 4cm (2,8in x 1,6in), covered with a light pink satin ribbon. -app. 15cm x 10cm (5.9in x 3.9in).  &nbsp;[:fr]&nbsp;  -feuilles\u00a0: soie sauvage jaune, coton orange et rose saumon. -fleur\u00a0: ac\u00e9tate rose p\u00e2le. -peigne en plastique transparent : 7cm x 4cm (2,8in x 1,6in), recouvert de ruban de satin rose p\u00e2le. -env. 15cm x 10cm (5.9in x 3.9in).  &nbsp;[:]\" \/>\n<meta property=\"og:url\" content=\"https:\/\/ohreallystuff.com\/product\/accessoire-cheveux-peigne-fleur-ava\/\" \/>\n<meta property=\"og:site_name\" content=\"Hats and fashion accessories\" \/>\n<meta property=\"article:publisher\" content=\"https:\/\/www.facebook.com\/ohreallystuff\" \/>\n<meta property=\"article:modified_time\" content=\"2021-02-03T22:40:23+00:00\" \/>\n<meta property=\"og:image\" content=\"https:\/\/ohreallystuff.com\/wp-content\/uploads\/2021\/02\/accessoire-cheveux-peigne-fleur-petit-ava-2.jpg\" \/>\n\t<meta property=\"og:image:width\" content=\"2000\" \/>\n\t<meta property=\"og:image:height\" content=\"2000\" \/>\n\t<meta property=\"og:image:type\" content=\"image\/jpeg\" \/>\n<meta name=\"twitter:card\" content=\"summary_large_image\" \/>\n<script type=\"application\/ld+json\" class=\"yoast-schema-graph\">{\"@context\":\"https:\/\/schema.org\",\"@graph\":[{\"@type\":\"WebPage\",\"@id\":\"https:\/\/ohreallystuff.com\/product\/accessoire-cheveux-peigne-fleur-ava\/\",\"url\":\"https:\/\/ohreallystuff.com\/product\/accessoire-cheveux-peigne-fleur-ava\/\",\"name\":\"[:en]Ava - comb[:fr]Ava - peigne[:] - Hats and fashion accessories\",\"isPartOf\":{\"@id\":\"https:\/\/ohreallystuff.com\/#website\"},\"primaryImageOfPage\":{\"@id\":\"https:\/\/ohreallystuff.com\/product\/accessoire-cheveux-peigne-fleur-ava\/#primaryimage\"},\"image\":{\"@id\":\"https:\/\/ohreallystuff.com\/product\/accessoire-cheveux-peigne-fleur-ava\/#primaryimage\"},\"thumbnailUrl\":\"https:\/\/ohreallystuff.com\/wp-content\/uploads\/2021\/02\/accessoire-cheveux-peigne-fleur-petit-ava-2.jpg\",\"datePublished\":\"2021-02-03T22:35:27+00:00\",\"dateModified\":\"2021-02-03T22:40:23+00:00\",\"breadcrumb\":{\"@id\":\"https:\/\/ohreallystuff.com\/product\/accessoire-cheveux-peigne-fleur-ava\/#breadcrumb\"},\"inLanguage\":\"en-US\",\"potentialAction\":[{\"@type\":\"ReadAction\",\"target\":[\"https:\/\/ohreallystuff.com\/product\/accessoire-cheveux-peigne-fleur-ava\/\"]}]},{\"@type\":\"ImageObject\",\"inLanguage\":\"en-US\",\"@id\":\"https:\/\/ohreallystuff.com\/product\/accessoire-cheveux-peigne-fleur-ava\/#primaryimage\",\"url\":\"https:\/\/ohreallystuff.com\/wp-content\/uploads\/2021\/02\/accessoire-cheveux-peigne-fleur-petit-ava-2.jpg\",\"contentUrl\":\"https:\/\/ohreallystuff.com\/wp-content\/uploads\/2021\/02\/accessoire-cheveux-peigne-fleur-petit-ava-2.jpg\",\"width\":2000,\"height\":2000},{\"@type\":\"BreadcrumbList\",\"@id\":\"https:\/\/ohreallystuff.com\/product\/accessoire-cheveux-peigne-fleur-ava\/#breadcrumb\",\"itemListElement\":[{\"@type\":\"ListItem\",\"position\":1,\"name\":\"Home\",\"item\":\"https:\/\/ohreallystuff.com\/\"},{\"@type\":\"ListItem\",\"position\":2,\"name\":\"Boutique en ligne\",\"item\":\"https:\/\/ohreallystuff.com\/boutique-en-ligne-de-chapeaux-retro\/\"},{\"@type\":\"ListItem\",\"position\":3,\"name\":\"Ava &#8211; peigne\"}]},{\"@type\":\"WebSite\",\"@id\":\"https:\/\/ohreallystuff.com\/#website\",\"url\":\"https:\/\/ohreallystuff.com\/\",\"name\":\"Oh... Really? par Sandra Lacroix\",\"description\":\"Oh... Really? Brussels\",\"publisher\":{\"@id\":\"https:\/\/ohreallystuff.com\/#organization\"},\"potentialAction\":[{\"@type\":\"SearchAction\",\"target\":{\"@type\":\"EntryPoint\",\"urlTemplate\":\"https:\/\/ohreallystuff.com\/?s={search_term_string}\"},\"query-input\":{\"@type\":\"PropertyValueSpecification\",\"valueRequired\":true,\"valueName\":\"search_term_string\"}}],\"inLanguage\":\"en-US\"},{\"@type\":\"Organization\",\"@id\":\"https:\/\/ohreallystuff.com\/#organization\",\"name\":\"Oh Really Sandra lacroix\",\"url\":\"https:\/\/ohreallystuff.com\/\",\"logo\":{\"@type\":\"ImageObject\",\"inLanguage\":\"en-US\",\"@id\":\"https:\/\/ohreallystuff.com\/#\/schema\/logo\/image\/\",\"url\":\"https:\/\/ohreallystuff.com\/wp-content\/uploads\/2014\/12\/logo-slider-ok.png\",\"contentUrl\":\"https:\/\/ohreallystuff.com\/wp-content\/uploads\/2014\/12\/logo-slider-ok.png\",\"width\":350,\"height\":484,\"caption\":\"Oh Really Sandra lacroix\"},\"image\":{\"@id\":\"https:\/\/ohreallystuff.com\/#\/schema\/logo\/image\/\"},\"sameAs\":[\"https:\/\/www.facebook.com\/ohreallystuff\",\"https:\/\/www.instagram.com\/ohreallystuff\/\"]}]}<\/script>\n<!-- \/ Yoast SEO plugin. -->","yoast_head_json":{"title":"[:en]Ava - comb[:fr]Ava - peigne[:] - Hats and fashion accessories","robots":{"index":"index","follow":"follow","max-snippet":"max-snippet:-1","max-image-preview":"max-image-preview:large","max-video-preview":"max-video-preview:-1"},"canonical":"https:\/\/ohreallystuff.com\/product\/accessoire-cheveux-peigne-fleur-ava\/","og_locale":"en_US","og_type":"article","og_title":"[:en]Ava - comb[:fr]Ava - peigne[:] - Hats and fashion accessories","og_description":"[:en]&nbsp;  -leaves\u00a0: yellow wild silk, orange and salmon pink cotton. -flower\u00a0: light pink acetate. -transparent plastic comb\u00a0: 7cm x 4cm (2,8in x 1,6in), covered with a light pink satin ribbon. -app. 15cm x 10cm (5.9in x 3.9in).  &nbsp;[:fr]&nbsp;  -feuilles\u00a0: soie sauvage jaune, coton orange et rose saumon. -fleur\u00a0: ac\u00e9tate rose p\u00e2le. -peigne en plastique transparent : 7cm x 4cm (2,8in x 1,6in), recouvert de ruban de satin rose p\u00e2le. -env. 15cm x 10cm (5.9in x 3.9in).  &nbsp;[:]","og_url":"https:\/\/ohreallystuff.com\/product\/accessoire-cheveux-peigne-fleur-ava\/","og_site_name":"Hats and fashion accessories","article_publisher":"https:\/\/www.facebook.com\/ohreallystuff","article_modified_time":"2021-02-03T22:40:23+00:00","og_image":[{"width":2000,"height":2000,"url":"https:\/\/ohreallystuff.com\/wp-content\/uploads\/2021\/02\/accessoire-cheveux-peigne-fleur-petit-ava-2.jpg","type":"image\/jpeg"}],"twitter_card":"summary_large_image","schema":{"@context":"https:\/\/schema.org","@graph":[{"@type":"WebPage","@id":"https:\/\/ohreallystuff.com\/product\/accessoire-cheveux-peigne-fleur-ava\/","url":"https:\/\/ohreallystuff.com\/product\/accessoire-cheveux-peigne-fleur-ava\/","name":"[:en]Ava - comb[:fr]Ava - peigne[:] - Hats and fashion accessories","isPartOf":{"@id":"https:\/\/ohreallystuff.com\/#website"},"primaryImageOfPage":{"@id":"https:\/\/ohreallystuff.com\/product\/accessoire-cheveux-peigne-fleur-ava\/#primaryimage"},"image":{"@id":"https:\/\/ohreallystuff.com\/product\/accessoire-cheveux-peigne-fleur-ava\/#primaryimage"},"thumbnailUrl":"https:\/\/ohreallystuff.com\/wp-content\/uploads\/2021\/02\/accessoire-cheveux-peigne-fleur-petit-ava-2.jpg","datePublished":"2021-02-03T22:35:27+00:00","dateModified":"2021-02-03T22:40:23+00:00","breadcrumb":{"@id":"https:\/\/ohreallystuff.com\/product\/accessoire-cheveux-peigne-fleur-ava\/#breadcrumb"},"inLanguage":"en-US","potentialAction":[{"@type":"ReadAction","target":["https:\/\/ohreallystuff.com\/product\/accessoire-cheveux-peigne-fleur-ava\/"]}]},{"@type":"ImageObject","inLanguage":"en-US","@id":"https:\/\/ohreallystuff.com\/product\/accessoire-cheveux-peigne-fleur-ava\/#primaryimage","url":"https:\/\/ohreallystuff.com\/wp-content\/uploads\/2021\/02\/accessoire-cheveux-peigne-fleur-petit-ava-2.jpg","contentUrl":"https:\/\/ohreallystuff.com\/wp-content\/uploads\/2021\/02\/accessoire-cheveux-peigne-fleur-petit-ava-2.jpg","width":2000,"height":2000},{"@type":"BreadcrumbList","@id":"https:\/\/ohreallystuff.com\/product\/accessoire-cheveux-peigne-fleur-ava\/#breadcrumb","itemListElement":[{"@type":"ListItem","position":1,"name":"Home","item":"https:\/\/ohreallystuff.com\/"},{"@type":"ListItem","position":2,"name":"Boutique en ligne","item":"https:\/\/ohreallystuff.com\/boutique-en-ligne-de-chapeaux-retro\/"},{"@type":"ListItem","position":3,"name":"Ava &#8211; peigne"}]},{"@type":"WebSite","@id":"https:\/\/ohreallystuff.com\/#website","url":"https:\/\/ohreallystuff.com\/","name":"Oh... Really? par Sandra Lacroix","description":"Oh... Really? Brussels","publisher":{"@id":"https:\/\/ohreallystuff.com\/#organization"},"potentialAction":[{"@type":"SearchAction","target":{"@type":"EntryPoint","urlTemplate":"https:\/\/ohreallystuff.com\/?s={search_term_string}"},"query-input":{"@type":"PropertyValueSpecification","valueRequired":true,"valueName":"search_term_string"}}],"inLanguage":"en-US"},{"@type":"Organization","@id":"https:\/\/ohreallystuff.com\/#organization","name":"Oh Really Sandra lacroix","url":"https:\/\/ohreallystuff.com\/","logo":{"@type":"ImageObject","inLanguage":"en-US","@id":"https:\/\/ohreallystuff.com\/#\/schema\/logo\/image\/","url":"https:\/\/ohreallystuff.com\/wp-content\/uploads\/2014\/12\/logo-slider-ok.png","contentUrl":"https:\/\/ohreallystuff.com\/wp-content\/uploads\/2014\/12\/logo-slider-ok.png","width":350,"height":484,"caption":"Oh Really Sandra lacroix"},"image":{"@id":"https:\/\/ohreallystuff.com\/#\/schema\/logo\/image\/"},"sameAs":["https:\/\/www.facebook.com\/ohreallystuff","https:\/\/www.instagram.com\/ohreallystuff\/"]}]}},"_links":{"self":[{"href":"https:\/\/ohreallystuff.com\/en\/wp-json\/wp\/v2\/product\/52958","targetHints":{"allow":["GET"]}}],"collection":[{"href":"https:\/\/ohreallystuff.com\/en\/wp-json\/wp\/v2\/product"}],"about":[{"href":"https:\/\/ohreallystuff.com\/en\/wp-json\/wp\/v2\/types\/product"}],"wp:featuredmedia":[{"embeddable":true,"href":"https:\/\/ohreallystuff.com\/en\/wp-json\/wp\/v2\/media\/52935"}],"wp:attachment":[{"href":"https:\/\/ohreallystuff.com\/en\/wp-json\/wp\/v2\/media?parent=52958"}],"wp:term":[{"taxonomy":"product_brand","embeddable":true,"href":"https:\/\/ohreallystuff.com\/en\/wp-json\/wp\/v2\/product_brand?post=52958"},{"taxonomy":"product_cat","embeddable":true,"href":"https:\/\/ohreallystuff.com\/en\/wp-json\/wp\/v2\/product_cat?post=52958"},{"taxonomy":"product_tag","embeddable":true,"href":"https:\/\/ohreallystuff.com\/en\/wp-json\/wp\/v2\/product_tag?post=52958"}],"curies":[{"name":"wp","href":"https:\/\/api.w.org\/{rel}","templated":true}]}}