{"id":52888,"date":"2021-02-02T23:39:05","date_gmt":"2021-02-02T22:39:05","guid":{"rendered":"https:\/\/ohreallystuff.com\/?post_type=product&#038;p=52888"},"modified":"2021-02-28T23:54:41","modified_gmt":"2021-02-28T22:54:41","slug":"chapeau-mariage-linda","status":"publish","type":"product","link":"https:\/\/ohreallystuff.com\/en\/product\/chapeau-mariage-linda\/","title":{"rendered":"Linda"},"content":{"rendered":"<p><span style=\"color: #333333;\">A wedding in vintage style cannot be envisaged without a hat. Good thing you just found the one you need! The ivory colour is a must, whether your dress is all off-white or with touches of colour.<\/span><\/p>\n<p>&nbsp;<\/p>\n<p><span style=\"color: #333333;\">Like all my creations, this bibi was entirely made using artisanal techniques. The base of the hat has been coated with an invisible primer and then steam-moulded on a wooden block. The primer allows the hat to keep its shape. The knots on the back and the veil were shaped using sewing techniques. All materials were chosen for their quality to look stunning on the big day: wool felt, high quality satin and a refined veil. You will place the hat in your hair with the elastic that is hidden inside. I guarantee the origin of the product by always including a certificate of authenticity <em>Oh&#8230; Really? by Sandra Lacroix<\/em> in the package.<\/span><\/p>\n<p>&nbsp;<\/p>\n<p><span style=\"color: #333333;\">The hat was named after American actress Linda Darnell (1923-1965). A multi-talented actress, she can be admired in films such as <i>The Mark of Zorro<\/i> (1940) or <i>Blood and Sand<\/i> (1941).<\/span><\/p>\n<p>&nbsp;<\/p>\n<ul>\n<li><span style=\"color: #333333;\">100% Belgian creation.<\/span><\/li>\n<li><span style=\"color: #333333;\">The base of the hat is made of 100% ivory wool felt, hand-moulded.<\/span><\/li>\n<li><span style=\"color: #333333;\">Handmade decorations: premium polyester bows and ivory veil.<\/span><\/li>\n<li><span style=\"color: #333333;\">Attached with an elastic band included in the price.<\/span><\/li>\n<li><span style=\"color: #333333;\">Size: approx. 17 x 13cm\/6.7 x 5.1in (up to 30cm\/11.8in with decorations).<\/span><\/li>\n<li><span style=\"color: #333333;\">Certificate of authenticity.<\/span><\/li>\n<\/ul>\n<p><\/p>","protected":false},"excerpt":{"rendered":"<p>&nbsp;<\/p>\n<p><span style=\"color: #333333;\">Look no further! The right retro wedding hat for you and here: let Linda seduce you.<\/span><\/p>\n<p><span style=\"color: #333333;\">This bibi is entirely made in Belgium.<\/span><\/p>\n<p><span style=\"color: #333333;\">Unique creation delivered with its certificate of authenticity.<\/span><\/p>\n<p>&nbsp;<\/p>\n<p><img loading=\"lazy\" decoding=\"async\" class=\"alignnone size-full wp-image-53230\" src=\"https:\/\/ohreallystuff.com\/wp-content\/uploads\/2021\/02\/anglais-chapeaux-accessoires-sandra-lacroix-bruxelles-s.jpg\" alt=\"\" width=\"439\" height=\"142\" srcset=\"https:\/\/ohreallystuff.com\/wp-content\/uploads\/2021\/02\/anglais-chapeaux-accessoires-sandra-lacroix-bruxelles-s.jpg 439w, https:\/\/ohreallystuff.com\/wp-content\/uploads\/2021\/02\/anglais-chapeaux-accessoires-sandra-lacroix-bruxelles-s-300x97.jpg 300w\" sizes=\"auto, (max-width: 439px) 100vw, 439px\" \/><\/p>\n<p>&nbsp;<\/p>\n","protected":false},"featured_media":52889,"template":"","meta":[],"product_brand":[],"product_cat":[144,177],"product_tag":[],"class_list":{"0":"post-52888","1":"product","2":"type-product","3":"status-publish","4":"has-post-thumbnail","6":"product_cat-chapeaux-et-coiffes","7":"product_cat-hats","9":"first","10":"instock","11":"sold-individually","12":"taxable","13":"shipping-taxable","14":"purchasable","15":"product-type-simple"},"yoast_head":"<!-- This site is optimized with the Yoast SEO plugin v25.8 - https:\/\/yoast.com\/wordpress\/plugins\/seo\/ -->\n<title>Linda - Hats and fashion accessories<\/title>\n<meta name=\"robots\" content=\"index, follow, max-snippet:-1, max-image-preview:large, max-video-preview:-1\" \/>\n<link rel=\"canonical\" href=\"https:\/\/ohreallystuff.com\/product\/chapeau-mariage-linda\/\" \/>\n<meta property=\"og:locale\" content=\"en_US\" \/>\n<meta property=\"og:type\" content=\"article\" \/>\n<meta property=\"og:title\" content=\"Linda - Hats and fashion accessories\" \/>\n<meta property=\"og:description\" content=\"[:en]&nbsp;  Look no further! The right retro wedding hat for you and here: let Linda seduce you.  This bibi is entirely made in Belgium.  Unique creation delivered with its certificate of authenticity.  &nbsp;    &nbsp;[:fr]&nbsp;  Ne cherchez plus! Le chapeau de mariage r\u00e9tro qu&#039;il vous faut et ici : laissez-vous s\u00e9duire par Linda.  Ce bibi est enti\u00e8rement r\u00e9alis\u00e9 en Belgique.  Cr\u00e9ation unique livr\u00e9e avec son certificat d&#039;authenticit\u00e9.  &nbsp;    &nbsp;[:]\" \/>\n<meta property=\"og:url\" content=\"https:\/\/ohreallystuff.com\/product\/chapeau-mariage-linda\/\" \/>\n<meta property=\"og:site_name\" content=\"Hats and fashion accessories\" \/>\n<meta property=\"article:publisher\" content=\"https:\/\/www.facebook.com\/ohreallystuff\" \/>\n<meta property=\"article:modified_time\" content=\"2021-02-28T22:54:41+00:00\" \/>\n<meta property=\"og:image\" content=\"https:\/\/ohreallystuff.com\/wp-content\/uploads\/2021\/02\/chapeau-mariage-blanc-oeud-linda-1.jpg\" \/>\n\t<meta property=\"og:image:width\" content=\"3024\" \/>\n\t<meta property=\"og:image:height\" content=\"3024\" \/>\n\t<meta property=\"og:image:type\" content=\"image\/jpeg\" \/>\n<meta name=\"twitter:card\" content=\"summary_large_image\" \/>\n<meta name=\"twitter:label1\" content=\"Est. reading time\" \/>\n\t<meta name=\"twitter:data1\" content=\"2 minutes\" \/>\n<script type=\"application\/ld+json\" class=\"yoast-schema-graph\">{\"@context\":\"https:\/\/schema.org\",\"@graph\":[{\"@type\":\"WebPage\",\"@id\":\"https:\/\/ohreallystuff.com\/product\/chapeau-mariage-linda\/\",\"url\":\"https:\/\/ohreallystuff.com\/product\/chapeau-mariage-linda\/\",\"name\":\"Linda - Hats and fashion accessories\",\"isPartOf\":{\"@id\":\"https:\/\/ohreallystuff.com\/#website\"},\"primaryImageOfPage\":{\"@id\":\"https:\/\/ohreallystuff.com\/product\/chapeau-mariage-linda\/#primaryimage\"},\"image\":{\"@id\":\"https:\/\/ohreallystuff.com\/product\/chapeau-mariage-linda\/#primaryimage\"},\"thumbnailUrl\":\"https:\/\/ohreallystuff.com\/wp-content\/uploads\/2021\/02\/chapeau-mariage-blanc-oeud-linda-1.jpg\",\"datePublished\":\"2021-02-02T22:39:05+00:00\",\"dateModified\":\"2021-02-28T22:54:41+00:00\",\"breadcrumb\":{\"@id\":\"https:\/\/ohreallystuff.com\/product\/chapeau-mariage-linda\/#breadcrumb\"},\"inLanguage\":\"en-US\",\"potentialAction\":[{\"@type\":\"ReadAction\",\"target\":[\"https:\/\/ohreallystuff.com\/product\/chapeau-mariage-linda\/\"]}]},{\"@type\":\"ImageObject\",\"inLanguage\":\"en-US\",\"@id\":\"https:\/\/ohreallystuff.com\/product\/chapeau-mariage-linda\/#primaryimage\",\"url\":\"https:\/\/ohreallystuff.com\/wp-content\/uploads\/2021\/02\/chapeau-mariage-blanc-oeud-linda-1.jpg\",\"contentUrl\":\"https:\/\/ohreallystuff.com\/wp-content\/uploads\/2021\/02\/chapeau-mariage-blanc-oeud-linda-1.jpg\",\"width\":3024,\"height\":3024},{\"@type\":\"BreadcrumbList\",\"@id\":\"https:\/\/ohreallystuff.com\/product\/chapeau-mariage-linda\/#breadcrumb\",\"itemListElement\":[{\"@type\":\"ListItem\",\"position\":1,\"name\":\"Home\",\"item\":\"https:\/\/ohreallystuff.com\/\"},{\"@type\":\"ListItem\",\"position\":2,\"name\":\"Boutique en ligne\",\"item\":\"https:\/\/ohreallystuff.com\/boutique-en-ligne-de-chapeaux-retro\/\"},{\"@type\":\"ListItem\",\"position\":3,\"name\":\"Linda\"}]},{\"@type\":\"WebSite\",\"@id\":\"https:\/\/ohreallystuff.com\/#website\",\"url\":\"https:\/\/ohreallystuff.com\/\",\"name\":\"Oh... Really? par Sandra Lacroix\",\"description\":\"Oh... Really? Brussels\",\"publisher\":{\"@id\":\"https:\/\/ohreallystuff.com\/#organization\"},\"potentialAction\":[{\"@type\":\"SearchAction\",\"target\":{\"@type\":\"EntryPoint\",\"urlTemplate\":\"https:\/\/ohreallystuff.com\/?s={search_term_string}\"},\"query-input\":{\"@type\":\"PropertyValueSpecification\",\"valueRequired\":true,\"valueName\":\"search_term_string\"}}],\"inLanguage\":\"en-US\"},{\"@type\":\"Organization\",\"@id\":\"https:\/\/ohreallystuff.com\/#organization\",\"name\":\"Oh Really Sandra lacroix\",\"url\":\"https:\/\/ohreallystuff.com\/\",\"logo\":{\"@type\":\"ImageObject\",\"inLanguage\":\"en-US\",\"@id\":\"https:\/\/ohreallystuff.com\/#\/schema\/logo\/image\/\",\"url\":\"https:\/\/ohreallystuff.com\/wp-content\/uploads\/2014\/12\/logo-slider-ok.png\",\"contentUrl\":\"https:\/\/ohreallystuff.com\/wp-content\/uploads\/2014\/12\/logo-slider-ok.png\",\"width\":350,\"height\":484,\"caption\":\"Oh Really Sandra lacroix\"},\"image\":{\"@id\":\"https:\/\/ohreallystuff.com\/#\/schema\/logo\/image\/\"},\"sameAs\":[\"https:\/\/www.facebook.com\/ohreallystuff\",\"https:\/\/www.instagram.com\/ohreallystuff\/\"]}]}<\/script>\n<!-- \/ Yoast SEO plugin. -->","yoast_head_json":{"title":"Linda - Hats and fashion accessories","robots":{"index":"index","follow":"follow","max-snippet":"max-snippet:-1","max-image-preview":"max-image-preview:large","max-video-preview":"max-video-preview:-1"},"canonical":"https:\/\/ohreallystuff.com\/product\/chapeau-mariage-linda\/","og_locale":"en_US","og_type":"article","og_title":"Linda - Hats and fashion accessories","og_description":"[:en]&nbsp;  Look no further! The right retro wedding hat for you and here: let Linda seduce you.  This bibi is entirely made in Belgium.  Unique creation delivered with its certificate of authenticity.  &nbsp;    &nbsp;[:fr]&nbsp;  Ne cherchez plus! Le chapeau de mariage r\u00e9tro qu'il vous faut et ici : laissez-vous s\u00e9duire par Linda.  Ce bibi est enti\u00e8rement r\u00e9alis\u00e9 en Belgique.  Cr\u00e9ation unique livr\u00e9e avec son certificat d'authenticit\u00e9.  &nbsp;    &nbsp;[:]","og_url":"https:\/\/ohreallystuff.com\/product\/chapeau-mariage-linda\/","og_site_name":"Hats and fashion accessories","article_publisher":"https:\/\/www.facebook.com\/ohreallystuff","article_modified_time":"2021-02-28T22:54:41+00:00","og_image":[{"width":3024,"height":3024,"url":"https:\/\/ohreallystuff.com\/wp-content\/uploads\/2021\/02\/chapeau-mariage-blanc-oeud-linda-1.jpg","type":"image\/jpeg"}],"twitter_card":"summary_large_image","twitter_misc":{"Est. reading time":"2 minutes"},"schema":{"@context":"https:\/\/schema.org","@graph":[{"@type":"WebPage","@id":"https:\/\/ohreallystuff.com\/product\/chapeau-mariage-linda\/","url":"https:\/\/ohreallystuff.com\/product\/chapeau-mariage-linda\/","name":"Linda - Hats and fashion accessories","isPartOf":{"@id":"https:\/\/ohreallystuff.com\/#website"},"primaryImageOfPage":{"@id":"https:\/\/ohreallystuff.com\/product\/chapeau-mariage-linda\/#primaryimage"},"image":{"@id":"https:\/\/ohreallystuff.com\/product\/chapeau-mariage-linda\/#primaryimage"},"thumbnailUrl":"https:\/\/ohreallystuff.com\/wp-content\/uploads\/2021\/02\/chapeau-mariage-blanc-oeud-linda-1.jpg","datePublished":"2021-02-02T22:39:05+00:00","dateModified":"2021-02-28T22:54:41+00:00","breadcrumb":{"@id":"https:\/\/ohreallystuff.com\/product\/chapeau-mariage-linda\/#breadcrumb"},"inLanguage":"en-US","potentialAction":[{"@type":"ReadAction","target":["https:\/\/ohreallystuff.com\/product\/chapeau-mariage-linda\/"]}]},{"@type":"ImageObject","inLanguage":"en-US","@id":"https:\/\/ohreallystuff.com\/product\/chapeau-mariage-linda\/#primaryimage","url":"https:\/\/ohreallystuff.com\/wp-content\/uploads\/2021\/02\/chapeau-mariage-blanc-oeud-linda-1.jpg","contentUrl":"https:\/\/ohreallystuff.com\/wp-content\/uploads\/2021\/02\/chapeau-mariage-blanc-oeud-linda-1.jpg","width":3024,"height":3024},{"@type":"BreadcrumbList","@id":"https:\/\/ohreallystuff.com\/product\/chapeau-mariage-linda\/#breadcrumb","itemListElement":[{"@type":"ListItem","position":1,"name":"Home","item":"https:\/\/ohreallystuff.com\/"},{"@type":"ListItem","position":2,"name":"Boutique en ligne","item":"https:\/\/ohreallystuff.com\/boutique-en-ligne-de-chapeaux-retro\/"},{"@type":"ListItem","position":3,"name":"Linda"}]},{"@type":"WebSite","@id":"https:\/\/ohreallystuff.com\/#website","url":"https:\/\/ohreallystuff.com\/","name":"Oh... Really? par Sandra Lacroix","description":"Oh... Really? Brussels","publisher":{"@id":"https:\/\/ohreallystuff.com\/#organization"},"potentialAction":[{"@type":"SearchAction","target":{"@type":"EntryPoint","urlTemplate":"https:\/\/ohreallystuff.com\/?s={search_term_string}"},"query-input":{"@type":"PropertyValueSpecification","valueRequired":true,"valueName":"search_term_string"}}],"inLanguage":"en-US"},{"@type":"Organization","@id":"https:\/\/ohreallystuff.com\/#organization","name":"Oh Really Sandra lacroix","url":"https:\/\/ohreallystuff.com\/","logo":{"@type":"ImageObject","inLanguage":"en-US","@id":"https:\/\/ohreallystuff.com\/#\/schema\/logo\/image\/","url":"https:\/\/ohreallystuff.com\/wp-content\/uploads\/2014\/12\/logo-slider-ok.png","contentUrl":"https:\/\/ohreallystuff.com\/wp-content\/uploads\/2014\/12\/logo-slider-ok.png","width":350,"height":484,"caption":"Oh Really Sandra lacroix"},"image":{"@id":"https:\/\/ohreallystuff.com\/#\/schema\/logo\/image\/"},"sameAs":["https:\/\/www.facebook.com\/ohreallystuff","https:\/\/www.instagram.com\/ohreallystuff\/"]}]}},"_links":{"self":[{"href":"https:\/\/ohreallystuff.com\/en\/wp-json\/wp\/v2\/product\/52888","targetHints":{"allow":["GET"]}}],"collection":[{"href":"https:\/\/ohreallystuff.com\/en\/wp-json\/wp\/v2\/product"}],"about":[{"href":"https:\/\/ohreallystuff.com\/en\/wp-json\/wp\/v2\/types\/product"}],"wp:featuredmedia":[{"embeddable":true,"href":"https:\/\/ohreallystuff.com\/en\/wp-json\/wp\/v2\/media\/52889"}],"wp:attachment":[{"href":"https:\/\/ohreallystuff.com\/en\/wp-json\/wp\/v2\/media?parent=52888"}],"wp:term":[{"taxonomy":"product_brand","embeddable":true,"href":"https:\/\/ohreallystuff.com\/en\/wp-json\/wp\/v2\/product_brand?post=52888"},{"taxonomy":"product_cat","embeddable":true,"href":"https:\/\/ohreallystuff.com\/en\/wp-json\/wp\/v2\/product_cat?post=52888"},{"taxonomy":"product_tag","embeddable":true,"href":"https:\/\/ohreallystuff.com\/en\/wp-json\/wp\/v2\/product_tag?post=52888"}],"curies":[{"name":"wp","href":"https:\/\/api.w.org\/{rel}","templated":true}]}}