{"id":52553,"date":"2021-01-28T19:59:10","date_gmt":"2021-01-28T18:59:10","guid":{"rendered":"https:\/\/ohreallystuff.com\/?post_type=product&#038;p=52553"},"modified":"2021-02-28T23:09:44","modified_gmt":"2021-02-28T22:09:44","slug":"chapeau-pompon-rouge-merle","status":"publish","type":"product","link":"https:\/\/ohreallystuff.com\/en\/product\/chapeau-pompon-rouge-merle\/","title":{"rendered":"Merle &#8211; red"},"content":{"rendered":"<p><span style=\"color: #333333;\">I revisited the big woolen hat to make it more glamorous and to make it wearable with refined outfits. In red, it adapts to many vintage looks to give them more allure.<\/span><\/p>\n<p>&nbsp;<\/p>\n<p><span style=\"color: #333333;\">Designed in high quality raw materials, it has a refined and neat effect. I make all my hat bases myself: by steaming wool felt on a wooden mold. To keep its shape, an invisible primer is applied over the entire surface. The pompom is also handmade with wool bought in a small local shop and is fixed firmly with a doubled thread.\u00a0An elastic band is provided to easily put on and wear the hat.\u00a0A certificate of authenticity <em>Oh&#8230; Really? by Sandra Lacroix<\/em> is included in the package to guarantee the quality of the creation.<\/span><\/p>\n<p>&nbsp;<\/p>\n<p><span style=\"color: #333333;\">The hat was named after the British actress of Indian origin Merle Oberon (1911-1979). She played, among others, in the classic film <i><span class=\"lang-en\" lang=\"en\">Wuthering Heights<\/span><\/i> in 1939 alongside Laurence Olivier.<\/span><\/p>\n<p>&nbsp;<\/p>\n<ul>\n<li><span style=\"color: #333333;\">100% Belgian handcrafted creation.<\/span><\/li>\n<li><span style=\"color: #333333;\">Base of the hat in red felt 100% wool, hand molded.<\/span><\/li>\n<li><span style=\"color: #333333;\">Handmade pompom, 100% red\u00a0merino extrafine wool.<\/span><\/li>\n<li><span style=\"color: #333333;\">Is fixed with an elastic provided.<\/span><\/li>\n<li><span style=\"color: #333333;\">Size: about 16cm \/ 6.3in diameter.<\/span><\/li>\n<li><span style=\"color: #333333;\">Certificate of authenticity.<\/span><\/li>\n<\/ul>\n<p><\/p>","protected":false},"excerpt":{"rendered":"<p>&nbsp;<\/p>\n<p><span style=\"color: #333333;\">Want to add a retro touch to your winter outfit?\u00a0 This Merle hat is made for you!<\/span><\/p>\n<p><span style=\"color: #333333;\">100% Belgian creation made by me.<\/span><\/p>\n<p><span style=\"color: #333333;\">Unique copy provided with its certificate of authenticity.<\/span><\/p>\n<p>&nbsp;<\/p>\n<p><img loading=\"lazy\" decoding=\"async\" class=\"alignnone size-full wp-image-53230\" src=\"https:\/\/ohreallystuff.com\/wp-content\/uploads\/2021\/02\/anglais-chapeaux-accessoires-sandra-lacroix-bruxelles-s.jpg\" alt=\"\" width=\"439\" height=\"142\" srcset=\"https:\/\/ohreallystuff.com\/wp-content\/uploads\/2021\/02\/anglais-chapeaux-accessoires-sandra-lacroix-bruxelles-s.jpg 439w, https:\/\/ohreallystuff.com\/wp-content\/uploads\/2021\/02\/anglais-chapeaux-accessoires-sandra-lacroix-bruxelles-s-300x97.jpg 300w\" sizes=\"auto, (max-width: 439px) 100vw, 439px\" \/><\/p>\n<p>&nbsp;<\/p>\n","protected":false},"featured_media":52775,"template":"","meta":[],"product_brand":[],"product_cat":[144,177],"product_tag":[],"class_list":{"0":"post-52553","1":"product","2":"type-product","3":"status-publish","4":"has-post-thumbnail","6":"product_cat-chapeaux-et-coiffes","7":"product_cat-hats","9":"first","10":"instock","11":"sold-individually","12":"taxable","13":"shipping-taxable","14":"purchasable","15":"product-type-simple"},"yoast_head":"<!-- This site is optimized with the Yoast SEO plugin v25.8 - https:\/\/yoast.com\/wordpress\/plugins\/seo\/ -->\n<title>Merle - red - Hats and fashion accessories<\/title>\n<meta name=\"robots\" content=\"index, follow, max-snippet:-1, max-image-preview:large, max-video-preview:-1\" \/>\n<link rel=\"canonical\" href=\"https:\/\/ohreallystuff.com\/product\/chapeau-pompon-rouge-merle\/\" \/>\n<meta property=\"og:locale\" content=\"en_US\" \/>\n<meta property=\"og:type\" content=\"article\" \/>\n<meta property=\"og:title\" content=\"[:en]Merle - red[:fr]Merle - rouge[:] - Hats and fashion accessories\" \/>\n<meta property=\"og:description\" content=\"[:en]&nbsp;  Want to add a retro touch to your winter outfit?\u00a0 This Merle hat is made for you!  100% Belgian creation made by me.  Unique copy provided with its certificate of authenticity.  &nbsp;    &nbsp;[:fr]&nbsp;  Envie d&#039;apporter une touche r\u00e9tro \u00e0 votre tenue d&#039;hiver?\u00a0 Ce chapeau Merle est fait pour vous!  Cr\u00e9ation 100% belge r\u00e9alis\u00e9e par mes soins.  Exemplaire unique fourni avec son certificat d&#039;authenticit\u00e9.  &nbsp;    &nbsp;[:]\" \/>\n<meta property=\"og:url\" content=\"https:\/\/ohreallystuff.com\/product\/chapeau-pompon-rouge-merle\/\" \/>\n<meta property=\"og:site_name\" content=\"Hats and fashion accessories\" \/>\n<meta property=\"article:publisher\" content=\"https:\/\/www.facebook.com\/ohreallystuff\" \/>\n<meta property=\"article:modified_time\" content=\"2021-02-28T22:09:44+00:00\" \/>\n<meta property=\"og:image\" content=\"https:\/\/ohreallystuff.com\/wp-content\/uploads\/2021\/02\/chapeau-bibi-bonnet-pompon-rouge-merle-1.jpg\" \/>\n\t<meta property=\"og:image:width\" content=\"2000\" \/>\n\t<meta property=\"og:image:height\" content=\"2000\" \/>\n\t<meta property=\"og:image:type\" content=\"image\/jpeg\" \/>\n<meta name=\"twitter:card\" content=\"summary_large_image\" \/>\n<meta name=\"twitter:label1\" content=\"Est. reading time\" \/>\n\t<meta name=\"twitter:data1\" content=\"2 minutes\" \/>\n<script type=\"application\/ld+json\" class=\"yoast-schema-graph\">{\"@context\":\"https:\/\/schema.org\",\"@graph\":[{\"@type\":\"WebPage\",\"@id\":\"https:\/\/ohreallystuff.com\/product\/chapeau-pompon-rouge-merle\/\",\"url\":\"https:\/\/ohreallystuff.com\/product\/chapeau-pompon-rouge-merle\/\",\"name\":\"[:en]Merle - red[:fr]Merle - rouge[:] - Hats and fashion accessories\",\"isPartOf\":{\"@id\":\"https:\/\/ohreallystuff.com\/#website\"},\"primaryImageOfPage\":{\"@id\":\"https:\/\/ohreallystuff.com\/product\/chapeau-pompon-rouge-merle\/#primaryimage\"},\"image\":{\"@id\":\"https:\/\/ohreallystuff.com\/product\/chapeau-pompon-rouge-merle\/#primaryimage\"},\"thumbnailUrl\":\"https:\/\/ohreallystuff.com\/wp-content\/uploads\/2021\/02\/chapeau-bibi-bonnet-pompon-rouge-merle-1.jpg\",\"datePublished\":\"2021-01-28T18:59:10+00:00\",\"dateModified\":\"2021-02-28T22:09:44+00:00\",\"breadcrumb\":{\"@id\":\"https:\/\/ohreallystuff.com\/product\/chapeau-pompon-rouge-merle\/#breadcrumb\"},\"inLanguage\":\"en-US\",\"potentialAction\":[{\"@type\":\"ReadAction\",\"target\":[\"https:\/\/ohreallystuff.com\/product\/chapeau-pompon-rouge-merle\/\"]}]},{\"@type\":\"ImageObject\",\"inLanguage\":\"en-US\",\"@id\":\"https:\/\/ohreallystuff.com\/product\/chapeau-pompon-rouge-merle\/#primaryimage\",\"url\":\"https:\/\/ohreallystuff.com\/wp-content\/uploads\/2021\/02\/chapeau-bibi-bonnet-pompon-rouge-merle-1.jpg\",\"contentUrl\":\"https:\/\/ohreallystuff.com\/wp-content\/uploads\/2021\/02\/chapeau-bibi-bonnet-pompon-rouge-merle-1.jpg\",\"width\":2000,\"height\":2000,\"caption\":\"Chapeau r\u00e9tro \u00e0 pompon rouge. Bibi de style vintage. Oh... Really? par Sandra Lacroix, chapeli\u00e8re, Bruxelles.\"},{\"@type\":\"BreadcrumbList\",\"@id\":\"https:\/\/ohreallystuff.com\/product\/chapeau-pompon-rouge-merle\/#breadcrumb\",\"itemListElement\":[{\"@type\":\"ListItem\",\"position\":1,\"name\":\"Home\",\"item\":\"https:\/\/ohreallystuff.com\/\"},{\"@type\":\"ListItem\",\"position\":2,\"name\":\"Boutique en ligne\",\"item\":\"https:\/\/ohreallystuff.com\/boutique-en-ligne-de-chapeaux-retro\/\"},{\"@type\":\"ListItem\",\"position\":3,\"name\":\"Merle &#8211; rouge\"}]},{\"@type\":\"WebSite\",\"@id\":\"https:\/\/ohreallystuff.com\/#website\",\"url\":\"https:\/\/ohreallystuff.com\/\",\"name\":\"Oh... Really? par Sandra Lacroix\",\"description\":\"Oh... Really? Brussels\",\"publisher\":{\"@id\":\"https:\/\/ohreallystuff.com\/#organization\"},\"potentialAction\":[{\"@type\":\"SearchAction\",\"target\":{\"@type\":\"EntryPoint\",\"urlTemplate\":\"https:\/\/ohreallystuff.com\/?s={search_term_string}\"},\"query-input\":{\"@type\":\"PropertyValueSpecification\",\"valueRequired\":true,\"valueName\":\"search_term_string\"}}],\"inLanguage\":\"en-US\"},{\"@type\":\"Organization\",\"@id\":\"https:\/\/ohreallystuff.com\/#organization\",\"name\":\"Oh Really Sandra lacroix\",\"url\":\"https:\/\/ohreallystuff.com\/\",\"logo\":{\"@type\":\"ImageObject\",\"inLanguage\":\"en-US\",\"@id\":\"https:\/\/ohreallystuff.com\/#\/schema\/logo\/image\/\",\"url\":\"https:\/\/ohreallystuff.com\/wp-content\/uploads\/2014\/12\/logo-slider-ok.png\",\"contentUrl\":\"https:\/\/ohreallystuff.com\/wp-content\/uploads\/2014\/12\/logo-slider-ok.png\",\"width\":350,\"height\":484,\"caption\":\"Oh Really Sandra lacroix\"},\"image\":{\"@id\":\"https:\/\/ohreallystuff.com\/#\/schema\/logo\/image\/\"},\"sameAs\":[\"https:\/\/www.facebook.com\/ohreallystuff\",\"https:\/\/www.instagram.com\/ohreallystuff\/\"]}]}<\/script>\n<!-- \/ Yoast SEO plugin. -->","yoast_head_json":{"title":"[:en]Merle - red[:fr]Merle - rouge[:] - Hats and fashion accessories","robots":{"index":"index","follow":"follow","max-snippet":"max-snippet:-1","max-image-preview":"max-image-preview:large","max-video-preview":"max-video-preview:-1"},"canonical":"https:\/\/ohreallystuff.com\/product\/chapeau-pompon-rouge-merle\/","og_locale":"en_US","og_type":"article","og_title":"[:en]Merle - red[:fr]Merle - rouge[:] - Hats and fashion accessories","og_description":"[:en]&nbsp;  Want to add a retro touch to your winter outfit?\u00a0 This Merle hat is made for you!  100% Belgian creation made by me.  Unique copy provided with its certificate of authenticity.  &nbsp;    &nbsp;[:fr]&nbsp;  Envie d'apporter une touche r\u00e9tro \u00e0 votre tenue d'hiver?\u00a0 Ce chapeau Merle est fait pour vous!  Cr\u00e9ation 100% belge r\u00e9alis\u00e9e par mes soins.  Exemplaire unique fourni avec son certificat d'authenticit\u00e9.  &nbsp;    &nbsp;[:]","og_url":"https:\/\/ohreallystuff.com\/product\/chapeau-pompon-rouge-merle\/","og_site_name":"Hats and fashion accessories","article_publisher":"https:\/\/www.facebook.com\/ohreallystuff","article_modified_time":"2021-02-28T22:09:44+00:00","og_image":[{"width":2000,"height":2000,"url":"https:\/\/ohreallystuff.com\/wp-content\/uploads\/2021\/02\/chapeau-bibi-bonnet-pompon-rouge-merle-1.jpg","type":"image\/jpeg"}],"twitter_card":"summary_large_image","twitter_misc":{"Est. reading time":"2 minutes"},"schema":{"@context":"https:\/\/schema.org","@graph":[{"@type":"WebPage","@id":"https:\/\/ohreallystuff.com\/product\/chapeau-pompon-rouge-merle\/","url":"https:\/\/ohreallystuff.com\/product\/chapeau-pompon-rouge-merle\/","name":"[:en]Merle - red[:fr]Merle - rouge[:] - Hats and fashion accessories","isPartOf":{"@id":"https:\/\/ohreallystuff.com\/#website"},"primaryImageOfPage":{"@id":"https:\/\/ohreallystuff.com\/product\/chapeau-pompon-rouge-merle\/#primaryimage"},"image":{"@id":"https:\/\/ohreallystuff.com\/product\/chapeau-pompon-rouge-merle\/#primaryimage"},"thumbnailUrl":"https:\/\/ohreallystuff.com\/wp-content\/uploads\/2021\/02\/chapeau-bibi-bonnet-pompon-rouge-merle-1.jpg","datePublished":"2021-01-28T18:59:10+00:00","dateModified":"2021-02-28T22:09:44+00:00","breadcrumb":{"@id":"https:\/\/ohreallystuff.com\/product\/chapeau-pompon-rouge-merle\/#breadcrumb"},"inLanguage":"en-US","potentialAction":[{"@type":"ReadAction","target":["https:\/\/ohreallystuff.com\/product\/chapeau-pompon-rouge-merle\/"]}]},{"@type":"ImageObject","inLanguage":"en-US","@id":"https:\/\/ohreallystuff.com\/product\/chapeau-pompon-rouge-merle\/#primaryimage","url":"https:\/\/ohreallystuff.com\/wp-content\/uploads\/2021\/02\/chapeau-bibi-bonnet-pompon-rouge-merle-1.jpg","contentUrl":"https:\/\/ohreallystuff.com\/wp-content\/uploads\/2021\/02\/chapeau-bibi-bonnet-pompon-rouge-merle-1.jpg","width":2000,"height":2000,"caption":"Chapeau r\u00e9tro \u00e0 pompon rouge. Bibi de style vintage. Oh... Really? par Sandra Lacroix, chapeli\u00e8re, Bruxelles."},{"@type":"BreadcrumbList","@id":"https:\/\/ohreallystuff.com\/product\/chapeau-pompon-rouge-merle\/#breadcrumb","itemListElement":[{"@type":"ListItem","position":1,"name":"Home","item":"https:\/\/ohreallystuff.com\/"},{"@type":"ListItem","position":2,"name":"Boutique en ligne","item":"https:\/\/ohreallystuff.com\/boutique-en-ligne-de-chapeaux-retro\/"},{"@type":"ListItem","position":3,"name":"Merle &#8211; rouge"}]},{"@type":"WebSite","@id":"https:\/\/ohreallystuff.com\/#website","url":"https:\/\/ohreallystuff.com\/","name":"Oh... Really? par Sandra Lacroix","description":"Oh... Really? Brussels","publisher":{"@id":"https:\/\/ohreallystuff.com\/#organization"},"potentialAction":[{"@type":"SearchAction","target":{"@type":"EntryPoint","urlTemplate":"https:\/\/ohreallystuff.com\/?s={search_term_string}"},"query-input":{"@type":"PropertyValueSpecification","valueRequired":true,"valueName":"search_term_string"}}],"inLanguage":"en-US"},{"@type":"Organization","@id":"https:\/\/ohreallystuff.com\/#organization","name":"Oh Really Sandra lacroix","url":"https:\/\/ohreallystuff.com\/","logo":{"@type":"ImageObject","inLanguage":"en-US","@id":"https:\/\/ohreallystuff.com\/#\/schema\/logo\/image\/","url":"https:\/\/ohreallystuff.com\/wp-content\/uploads\/2014\/12\/logo-slider-ok.png","contentUrl":"https:\/\/ohreallystuff.com\/wp-content\/uploads\/2014\/12\/logo-slider-ok.png","width":350,"height":484,"caption":"Oh Really Sandra lacroix"},"image":{"@id":"https:\/\/ohreallystuff.com\/#\/schema\/logo\/image\/"},"sameAs":["https:\/\/www.facebook.com\/ohreallystuff","https:\/\/www.instagram.com\/ohreallystuff\/"]}]}},"_links":{"self":[{"href":"https:\/\/ohreallystuff.com\/en\/wp-json\/wp\/v2\/product\/52553","targetHints":{"allow":["GET"]}}],"collection":[{"href":"https:\/\/ohreallystuff.com\/en\/wp-json\/wp\/v2\/product"}],"about":[{"href":"https:\/\/ohreallystuff.com\/en\/wp-json\/wp\/v2\/types\/product"}],"wp:featuredmedia":[{"embeddable":true,"href":"https:\/\/ohreallystuff.com\/en\/wp-json\/wp\/v2\/media\/52775"}],"wp:attachment":[{"href":"https:\/\/ohreallystuff.com\/en\/wp-json\/wp\/v2\/media?parent=52553"}],"wp:term":[{"taxonomy":"product_brand","embeddable":true,"href":"https:\/\/ohreallystuff.com\/en\/wp-json\/wp\/v2\/product_brand?post=52553"},{"taxonomy":"product_cat","embeddable":true,"href":"https:\/\/ohreallystuff.com\/en\/wp-json\/wp\/v2\/product_cat?post=52553"},{"taxonomy":"product_tag","embeddable":true,"href":"https:\/\/ohreallystuff.com\/en\/wp-json\/wp\/v2\/product_tag?post=52553"}],"curies":[{"name":"wp","href":"https:\/\/api.w.org\/{rel}","templated":true}]}}