{"id":52534,"date":"2021-01-28T19:44:47","date_gmt":"2021-01-28T18:44:47","guid":{"rendered":"https:\/\/ohreallystuff.com\/?post_type=product&#038;p=52534"},"modified":"2021-02-28T23:19:23","modified_gmt":"2021-02-28T22:19:23","slug":"chapeau-pompon-noir-merle","status":"publish","type":"product","link":"https:\/\/ohreallystuff.com\/en\/product\/chapeau-pompon-noir-merle\/","title":{"rendered":"Merle &#8211; black"},"content":{"rendered":"<p><span style=\"color: #333333;\">This essential accessory is inspired by the warm bonnets that we wear in winter. Its black color matches very easily with all the glamorous outfits you will wear this winter.<\/span><\/p>\n<p>&nbsp;<\/p>\n<p><span style=\"color: #333333;\">Its felt base and pompom are of impeccable quality: I always select the best raw materials for my creations. The technique used is traditional: from a wooden mould, I steam form the base of the hat. A primer allows it to keep its shape intact over time. The pompom was also hand made and sewn on the hat with a strong thread.\u00a0Inside, I attached an elastic band so that you can put it on and wear it easily.\u00a0To guarantee its quality and its origin, it will be delivered with a certificate of authenticity <em>Oh&#8230; Really? by Sandra Lacroix<\/em>.<\/span><\/p>\n<p>&nbsp;<\/p>\n<p><span style=\"color: #333333;\">The name of the hat pays tribute to the British actress of Indian origin Merle Oberon (1911-1979). In 1935, thanks to her performance in the film <i><span class=\"lang-en\" lang=\"en\">The Dark Angel<\/span><\/i>, she was nominated for an Oscar for best actress.<\/span><\/p>\n<p>&nbsp;<\/p>\n<ul>\n<li><span style=\"color: #333333;\">Entirely made in Belgium in my workshop.<\/span><\/li>\n<li><span style=\"color: #333333;\">Base of the hat in black felt 100% wool, hand molded.<\/span><\/li>\n<li><span style=\"color: #333333;\">Hand-made pompom, 100% black worsted merino wool.<\/span><\/li>\n<li><span style=\"color: #333333;\">Attaches with an elastic band provided.<\/span><\/li>\n<li><span style=\"color: #333333;\">Size: about 16cm\/6.3in diameter.<\/span><\/li>\n<li><span style=\"color: #333333;\">Certificate of authenticity.<\/span><\/li>\n<\/ul>\n<p><\/p>","protected":false},"excerpt":{"rendered":"<p>&nbsp;<\/p>\n<p><span style=\"color: #333333;\">Look no further: here is THE icing on the cake! Merle, the little round pompom hat!<\/span><\/p>\n<p><span style=\"color: #333333;\">Entirely handmade in my workshop in Belgium.<\/span><\/p>\n<p><span style=\"color: #333333;\">Unique model accompanied by a certificate of authenticity.<\/span><\/p>\n<p>&nbsp;<\/p>\n<p><img loading=\"lazy\" decoding=\"async\" class=\"alignnone size-full wp-image-53230\" src=\"https:\/\/ohreallystuff.com\/wp-content\/uploads\/2021\/02\/anglais-chapeaux-accessoires-sandra-lacroix-bruxelles-s.jpg\" alt=\"\" width=\"439\" height=\"142\" srcset=\"https:\/\/ohreallystuff.com\/wp-content\/uploads\/2021\/02\/anglais-chapeaux-accessoires-sandra-lacroix-bruxelles-s.jpg 439w, https:\/\/ohreallystuff.com\/wp-content\/uploads\/2021\/02\/anglais-chapeaux-accessoires-sandra-lacroix-bruxelles-s-300x97.jpg 300w\" sizes=\"auto, (max-width: 439px) 100vw, 439px\" \/><\/p>\n<p>&nbsp;<\/p>\n","protected":false},"featured_media":52770,"template":"","meta":[],"product_brand":[],"product_cat":[144,177],"product_tag":[],"class_list":{"0":"post-52534","1":"product","2":"type-product","3":"status-publish","4":"has-post-thumbnail","6":"product_cat-chapeaux-et-coiffes","7":"product_cat-hats","9":"first","10":"instock","11":"sold-individually","12":"taxable","13":"shipping-taxable","14":"purchasable","15":"product-type-simple"},"yoast_head":"<!-- This site is optimized with the Yoast SEO plugin v25.8 - https:\/\/yoast.com\/wordpress\/plugins\/seo\/ -->\n<title>Merle - black - Hats and fashion accessories<\/title>\n<meta name=\"robots\" content=\"index, follow, max-snippet:-1, max-image-preview:large, max-video-preview:-1\" \/>\n<link rel=\"canonical\" href=\"https:\/\/ohreallystuff.com\/product\/chapeau-pompon-noir-merle\/\" \/>\n<meta property=\"og:locale\" content=\"en_US\" \/>\n<meta property=\"og:type\" content=\"article\" \/>\n<meta property=\"og:title\" content=\"[:en]Merle - black[:fr]Merle - noir[:] - Hats and fashion accessories\" \/>\n<meta property=\"og:description\" content=\"[:en]&nbsp;  Look no further: here is THE icing on the cake! Merle, the little round pompom hat!  Entirely handmade in my workshop in Belgium.  Unique model accompanied by a certificate of authenticity.  &nbsp;    &nbsp;[:fr]&nbsp;  Ne cherchez plus : voici LA cerise sur le g\u00e2teau! Merle, le petit chapeau rond \u00e0 pompon!  Enti\u00e8rement r\u00e9alis\u00e9 \u00e0 la main dans mon atelier en Belgique.  Mod\u00e8le unique accompagn\u00e9 d&#039;un certificat d&#039;authenticit\u00e9.  &nbsp;    &nbsp;[:]\" \/>\n<meta property=\"og:url\" content=\"https:\/\/ohreallystuff.com\/product\/chapeau-pompon-noir-merle\/\" \/>\n<meta property=\"og:site_name\" content=\"Hats and fashion accessories\" \/>\n<meta property=\"article:publisher\" content=\"https:\/\/www.facebook.com\/ohreallystuff\" \/>\n<meta property=\"article:modified_time\" content=\"2021-02-28T22:19:23+00:00\" \/>\n<meta property=\"og:image\" content=\"https:\/\/ohreallystuff.com\/wp-content\/uploads\/2021\/02\/chapeau-bibi-bonnet-pompon-noir-merle-5.jpg\" \/>\n\t<meta property=\"og:image:width\" content=\"2448\" \/>\n\t<meta property=\"og:image:height\" content=\"2448\" \/>\n\t<meta property=\"og:image:type\" content=\"image\/jpeg\" \/>\n<meta name=\"twitter:card\" content=\"summary_large_image\" \/>\n<meta name=\"twitter:label1\" content=\"Est. reading time\" \/>\n\t<meta name=\"twitter:data1\" content=\"2 minutes\" \/>\n<script type=\"application\/ld+json\" class=\"yoast-schema-graph\">{\"@context\":\"https:\/\/schema.org\",\"@graph\":[{\"@type\":\"WebPage\",\"@id\":\"https:\/\/ohreallystuff.com\/product\/chapeau-pompon-noir-merle\/\",\"url\":\"https:\/\/ohreallystuff.com\/product\/chapeau-pompon-noir-merle\/\",\"name\":\"[:en]Merle - black[:fr]Merle - noir[:] - Hats and fashion accessories\",\"isPartOf\":{\"@id\":\"https:\/\/ohreallystuff.com\/#website\"},\"primaryImageOfPage\":{\"@id\":\"https:\/\/ohreallystuff.com\/product\/chapeau-pompon-noir-merle\/#primaryimage\"},\"image\":{\"@id\":\"https:\/\/ohreallystuff.com\/product\/chapeau-pompon-noir-merle\/#primaryimage\"},\"thumbnailUrl\":\"https:\/\/ohreallystuff.com\/wp-content\/uploads\/2021\/02\/chapeau-bibi-bonnet-pompon-noir-merle-5.jpg\",\"datePublished\":\"2021-01-28T18:44:47+00:00\",\"dateModified\":\"2021-02-28T22:19:23+00:00\",\"breadcrumb\":{\"@id\":\"https:\/\/ohreallystuff.com\/product\/chapeau-pompon-noir-merle\/#breadcrumb\"},\"inLanguage\":\"en-US\",\"potentialAction\":[{\"@type\":\"ReadAction\",\"target\":[\"https:\/\/ohreallystuff.com\/product\/chapeau-pompon-noir-merle\/\"]}]},{\"@type\":\"ImageObject\",\"inLanguage\":\"en-US\",\"@id\":\"https:\/\/ohreallystuff.com\/product\/chapeau-pompon-noir-merle\/#primaryimage\",\"url\":\"https:\/\/ohreallystuff.com\/wp-content\/uploads\/2021\/02\/chapeau-bibi-bonnet-pompon-noir-merle-5.jpg\",\"contentUrl\":\"https:\/\/ohreallystuff.com\/wp-content\/uploads\/2021\/02\/chapeau-bibi-bonnet-pompon-noir-merle-5.jpg\",\"width\":2448,\"height\":2448,\"caption\":\"Chapeau r\u00e9tro \u00e0 pompon noir. Bibi de style vintage. Oh... Really? par Sandra Lacroix, chapeli\u00e8re, Bruxelles.\"},{\"@type\":\"BreadcrumbList\",\"@id\":\"https:\/\/ohreallystuff.com\/product\/chapeau-pompon-noir-merle\/#breadcrumb\",\"itemListElement\":[{\"@type\":\"ListItem\",\"position\":1,\"name\":\"Home\",\"item\":\"https:\/\/ohreallystuff.com\/\"},{\"@type\":\"ListItem\",\"position\":2,\"name\":\"Boutique en ligne\",\"item\":\"https:\/\/ohreallystuff.com\/boutique-en-ligne-de-chapeaux-retro\/\"},{\"@type\":\"ListItem\",\"position\":3,\"name\":\"Merle &#8211; noir\"}]},{\"@type\":\"WebSite\",\"@id\":\"https:\/\/ohreallystuff.com\/#website\",\"url\":\"https:\/\/ohreallystuff.com\/\",\"name\":\"Oh... Really? par Sandra Lacroix\",\"description\":\"Oh... Really? Brussels\",\"publisher\":{\"@id\":\"https:\/\/ohreallystuff.com\/#organization\"},\"potentialAction\":[{\"@type\":\"SearchAction\",\"target\":{\"@type\":\"EntryPoint\",\"urlTemplate\":\"https:\/\/ohreallystuff.com\/?s={search_term_string}\"},\"query-input\":{\"@type\":\"PropertyValueSpecification\",\"valueRequired\":true,\"valueName\":\"search_term_string\"}}],\"inLanguage\":\"en-US\"},{\"@type\":\"Organization\",\"@id\":\"https:\/\/ohreallystuff.com\/#organization\",\"name\":\"Oh Really Sandra lacroix\",\"url\":\"https:\/\/ohreallystuff.com\/\",\"logo\":{\"@type\":\"ImageObject\",\"inLanguage\":\"en-US\",\"@id\":\"https:\/\/ohreallystuff.com\/#\/schema\/logo\/image\/\",\"url\":\"https:\/\/ohreallystuff.com\/wp-content\/uploads\/2014\/12\/logo-slider-ok.png\",\"contentUrl\":\"https:\/\/ohreallystuff.com\/wp-content\/uploads\/2014\/12\/logo-slider-ok.png\",\"width\":350,\"height\":484,\"caption\":\"Oh Really Sandra lacroix\"},\"image\":{\"@id\":\"https:\/\/ohreallystuff.com\/#\/schema\/logo\/image\/\"},\"sameAs\":[\"https:\/\/www.facebook.com\/ohreallystuff\",\"https:\/\/www.instagram.com\/ohreallystuff\/\"]}]}<\/script>\n<!-- \/ Yoast SEO plugin. -->","yoast_head_json":{"title":"[:en]Merle - black[:fr]Merle - noir[:] - Hats and fashion accessories","robots":{"index":"index","follow":"follow","max-snippet":"max-snippet:-1","max-image-preview":"max-image-preview:large","max-video-preview":"max-video-preview:-1"},"canonical":"https:\/\/ohreallystuff.com\/product\/chapeau-pompon-noir-merle\/","og_locale":"en_US","og_type":"article","og_title":"[:en]Merle - black[:fr]Merle - noir[:] - Hats and fashion accessories","og_description":"[:en]&nbsp;  Look no further: here is THE icing on the cake! Merle, the little round pompom hat!  Entirely handmade in my workshop in Belgium.  Unique model accompanied by a certificate of authenticity.  &nbsp;    &nbsp;[:fr]&nbsp;  Ne cherchez plus : voici LA cerise sur le g\u00e2teau! Merle, le petit chapeau rond \u00e0 pompon!  Enti\u00e8rement r\u00e9alis\u00e9 \u00e0 la main dans mon atelier en Belgique.  Mod\u00e8le unique accompagn\u00e9 d'un certificat d'authenticit\u00e9.  &nbsp;    &nbsp;[:]","og_url":"https:\/\/ohreallystuff.com\/product\/chapeau-pompon-noir-merle\/","og_site_name":"Hats and fashion accessories","article_publisher":"https:\/\/www.facebook.com\/ohreallystuff","article_modified_time":"2021-02-28T22:19:23+00:00","og_image":[{"width":2448,"height":2448,"url":"https:\/\/ohreallystuff.com\/wp-content\/uploads\/2021\/02\/chapeau-bibi-bonnet-pompon-noir-merle-5.jpg","type":"image\/jpeg"}],"twitter_card":"summary_large_image","twitter_misc":{"Est. reading time":"2 minutes"},"schema":{"@context":"https:\/\/schema.org","@graph":[{"@type":"WebPage","@id":"https:\/\/ohreallystuff.com\/product\/chapeau-pompon-noir-merle\/","url":"https:\/\/ohreallystuff.com\/product\/chapeau-pompon-noir-merle\/","name":"[:en]Merle - black[:fr]Merle - noir[:] - Hats and fashion accessories","isPartOf":{"@id":"https:\/\/ohreallystuff.com\/#website"},"primaryImageOfPage":{"@id":"https:\/\/ohreallystuff.com\/product\/chapeau-pompon-noir-merle\/#primaryimage"},"image":{"@id":"https:\/\/ohreallystuff.com\/product\/chapeau-pompon-noir-merle\/#primaryimage"},"thumbnailUrl":"https:\/\/ohreallystuff.com\/wp-content\/uploads\/2021\/02\/chapeau-bibi-bonnet-pompon-noir-merle-5.jpg","datePublished":"2021-01-28T18:44:47+00:00","dateModified":"2021-02-28T22:19:23+00:00","breadcrumb":{"@id":"https:\/\/ohreallystuff.com\/product\/chapeau-pompon-noir-merle\/#breadcrumb"},"inLanguage":"en-US","potentialAction":[{"@type":"ReadAction","target":["https:\/\/ohreallystuff.com\/product\/chapeau-pompon-noir-merle\/"]}]},{"@type":"ImageObject","inLanguage":"en-US","@id":"https:\/\/ohreallystuff.com\/product\/chapeau-pompon-noir-merle\/#primaryimage","url":"https:\/\/ohreallystuff.com\/wp-content\/uploads\/2021\/02\/chapeau-bibi-bonnet-pompon-noir-merle-5.jpg","contentUrl":"https:\/\/ohreallystuff.com\/wp-content\/uploads\/2021\/02\/chapeau-bibi-bonnet-pompon-noir-merle-5.jpg","width":2448,"height":2448,"caption":"Chapeau r\u00e9tro \u00e0 pompon noir. Bibi de style vintage. Oh... Really? par Sandra Lacroix, chapeli\u00e8re, Bruxelles."},{"@type":"BreadcrumbList","@id":"https:\/\/ohreallystuff.com\/product\/chapeau-pompon-noir-merle\/#breadcrumb","itemListElement":[{"@type":"ListItem","position":1,"name":"Home","item":"https:\/\/ohreallystuff.com\/"},{"@type":"ListItem","position":2,"name":"Boutique en ligne","item":"https:\/\/ohreallystuff.com\/boutique-en-ligne-de-chapeaux-retro\/"},{"@type":"ListItem","position":3,"name":"Merle &#8211; noir"}]},{"@type":"WebSite","@id":"https:\/\/ohreallystuff.com\/#website","url":"https:\/\/ohreallystuff.com\/","name":"Oh... Really? par Sandra Lacroix","description":"Oh... Really? Brussels","publisher":{"@id":"https:\/\/ohreallystuff.com\/#organization"},"potentialAction":[{"@type":"SearchAction","target":{"@type":"EntryPoint","urlTemplate":"https:\/\/ohreallystuff.com\/?s={search_term_string}"},"query-input":{"@type":"PropertyValueSpecification","valueRequired":true,"valueName":"search_term_string"}}],"inLanguage":"en-US"},{"@type":"Organization","@id":"https:\/\/ohreallystuff.com\/#organization","name":"Oh Really Sandra lacroix","url":"https:\/\/ohreallystuff.com\/","logo":{"@type":"ImageObject","inLanguage":"en-US","@id":"https:\/\/ohreallystuff.com\/#\/schema\/logo\/image\/","url":"https:\/\/ohreallystuff.com\/wp-content\/uploads\/2014\/12\/logo-slider-ok.png","contentUrl":"https:\/\/ohreallystuff.com\/wp-content\/uploads\/2014\/12\/logo-slider-ok.png","width":350,"height":484,"caption":"Oh Really Sandra lacroix"},"image":{"@id":"https:\/\/ohreallystuff.com\/#\/schema\/logo\/image\/"},"sameAs":["https:\/\/www.facebook.com\/ohreallystuff","https:\/\/www.instagram.com\/ohreallystuff\/"]}]}},"_links":{"self":[{"href":"https:\/\/ohreallystuff.com\/en\/wp-json\/wp\/v2\/product\/52534","targetHints":{"allow":["GET"]}}],"collection":[{"href":"https:\/\/ohreallystuff.com\/en\/wp-json\/wp\/v2\/product"}],"about":[{"href":"https:\/\/ohreallystuff.com\/en\/wp-json\/wp\/v2\/types\/product"}],"wp:featuredmedia":[{"embeddable":true,"href":"https:\/\/ohreallystuff.com\/en\/wp-json\/wp\/v2\/media\/52770"}],"wp:attachment":[{"href":"https:\/\/ohreallystuff.com\/en\/wp-json\/wp\/v2\/media?parent=52534"}],"wp:term":[{"taxonomy":"product_brand","embeddable":true,"href":"https:\/\/ohreallystuff.com\/en\/wp-json\/wp\/v2\/product_brand?post=52534"},{"taxonomy":"product_cat","embeddable":true,"href":"https:\/\/ohreallystuff.com\/en\/wp-json\/wp\/v2\/product_cat?post=52534"},{"taxonomy":"product_tag","embeddable":true,"href":"https:\/\/ohreallystuff.com\/en\/wp-json\/wp\/v2\/product_tag?post=52534"}],"curies":[{"name":"wp","href":"https:\/\/api.w.org\/{rel}","templated":true}]}}