{"id":52398,"date":"2021-01-23T22:48:29","date_gmt":"2021-01-23T21:48:29","guid":{"rendered":"https:\/\/ohreallystuff.com\/?post_type=product&#038;p=52398"},"modified":"2021-02-01T23:17:13","modified_gmt":"2021-02-01T22:17:13","slug":"chapeau-orange-gerogette","status":"publish","type":"product","link":"https:\/\/ohreallystuff.com\/en\/product\/chapeau-orange-gerogette\/","title":{"rendered":"Georgette &#8211; orange &#8211; cocktail hat"},"content":{"rendered":"<p><span style=\"color: #b59a65;\">Each hat is done the traditionnal way from shaping on a block of wood to ornament.<\/span><\/p>\n<p><span style=\"color: #b59a65;\">The models are one-size and are fastened with an elastic that you put under your hair, at the back of the head. It is as well possible to fasten the hat with hairpins (not included), on voluminous hairstyles for instance.<\/span><\/p>\n<p><span style=\"color: #b59a65;\">The production is entirely handmade by Oh&#8230;Really? in a single original.<\/span><\/p>","protected":false},"excerpt":{"rendered":"<p>&nbsp;<\/p>\n<p><span style=\"color: #333333;\">Hat base\u00a0: hand-molded wool felt.<\/span><br \/>\n<span style=\"color: #333333;\">Size\u00a0: app. 20 x 15 x 11cm\/8 x 6 x 4.3in.<\/span><br \/>\n<span style=\"color: #333333;\">Ornament\u00a0: shantung wild silk flower and leaves<\/span>.<\/p>\n<p>&nbsp;<\/p>\n","protected":false},"featured_media":52677,"template":"","meta":[],"product_brand":[],"product_cat":[144,177],"product_tag":[],"class_list":{"0":"post-52398","1":"product","2":"type-product","3":"status-publish","4":"has-post-thumbnail","6":"product_cat-chapeaux-et-coiffes","7":"product_cat-hats","9":"first","10":"instock","11":"sold-individually","12":"taxable","13":"shipping-taxable","14":"purchasable","15":"product-type-simple"},"yoast_head":"<!-- This site is optimized with the Yoast SEO plugin v25.8 - https:\/\/yoast.com\/wordpress\/plugins\/seo\/ -->\n<title>Georgette - orange - cocktail hat - Hats and fashion accessories<\/title>\n<meta name=\"robots\" content=\"index, follow, max-snippet:-1, max-image-preview:large, max-video-preview:-1\" \/>\n<link rel=\"canonical\" href=\"https:\/\/ohreallystuff.com\/product\/chapeau-orange-gerogette\/\" \/>\n<meta property=\"og:locale\" content=\"en_US\" \/>\n<meta property=\"og:type\" content=\"article\" \/>\n<meta property=\"og:title\" content=\"[:en]Georgette - orange - cocktail hat[:fr]Georgette - orange - chapeau de cocktail[:] - Hats and fashion accessories\" \/>\n<meta property=\"og:description\" content=\"[:en]&nbsp;  Hat base\u00a0: hand-molded wool felt. Size\u00a0: app. 20 x 15 x 11cm\/8 x 6 x 4.3in. Ornament\u00a0: shantung wild silk flower and leaves.  &nbsp;[:fr]&nbsp;  Base du chapeau\u00a0: feutre de laine moul\u00e9 \u00e0 la main. Taille\u00a0: env. 20 x 15 x 11cm\/8 x 6 x 4.3in. Garniture\u00a0: fleur et feuilles en soie sauvage shantung.  &nbsp;[:]\" \/>\n<meta property=\"og:url\" content=\"https:\/\/ohreallystuff.com\/product\/chapeau-orange-gerogette\/\" \/>\n<meta property=\"og:site_name\" content=\"Hats and fashion accessories\" \/>\n<meta property=\"article:publisher\" content=\"https:\/\/www.facebook.com\/ohreallystuff\" \/>\n<meta property=\"article:modified_time\" content=\"2021-02-01T22:17:13+00:00\" \/>\n<meta property=\"og:image\" content=\"https:\/\/ohreallystuff.com\/wp-content\/uploads\/2021\/02\/chapeau-bibi-fleurs-orange-georgette-1.jpg\" \/>\n\t<meta property=\"og:image:width\" content=\"2000\" \/>\n\t<meta property=\"og:image:height\" content=\"2000\" \/>\n\t<meta property=\"og:image:type\" content=\"image\/jpeg\" \/>\n<meta name=\"twitter:card\" content=\"summary_large_image\" \/>\n<meta name=\"twitter:label1\" content=\"Est. reading time\" \/>\n\t<meta name=\"twitter:data1\" content=\"1 minute\" \/>\n<script type=\"application\/ld+json\" class=\"yoast-schema-graph\">{\"@context\":\"https:\/\/schema.org\",\"@graph\":[{\"@type\":\"WebPage\",\"@id\":\"https:\/\/ohreallystuff.com\/product\/chapeau-orange-gerogette\/\",\"url\":\"https:\/\/ohreallystuff.com\/product\/chapeau-orange-gerogette\/\",\"name\":\"[:en]Georgette - orange - cocktail hat[:fr]Georgette - orange - chapeau de cocktail[:] - Hats and fashion accessories\",\"isPartOf\":{\"@id\":\"https:\/\/ohreallystuff.com\/#website\"},\"primaryImageOfPage\":{\"@id\":\"https:\/\/ohreallystuff.com\/product\/chapeau-orange-gerogette\/#primaryimage\"},\"image\":{\"@id\":\"https:\/\/ohreallystuff.com\/product\/chapeau-orange-gerogette\/#primaryimage\"},\"thumbnailUrl\":\"https:\/\/ohreallystuff.com\/wp-content\/uploads\/2021\/02\/chapeau-bibi-fleurs-orange-georgette-1.jpg\",\"datePublished\":\"2021-01-23T21:48:29+00:00\",\"dateModified\":\"2021-02-01T22:17:13+00:00\",\"breadcrumb\":{\"@id\":\"https:\/\/ohreallystuff.com\/product\/chapeau-orange-gerogette\/#breadcrumb\"},\"inLanguage\":\"en-US\",\"potentialAction\":[{\"@type\":\"ReadAction\",\"target\":[\"https:\/\/ohreallystuff.com\/product\/chapeau-orange-gerogette\/\"]}]},{\"@type\":\"ImageObject\",\"inLanguage\":\"en-US\",\"@id\":\"https:\/\/ohreallystuff.com\/product\/chapeau-orange-gerogette\/#primaryimage\",\"url\":\"https:\/\/ohreallystuff.com\/wp-content\/uploads\/2021\/02\/chapeau-bibi-fleurs-orange-georgette-1.jpg\",\"contentUrl\":\"https:\/\/ohreallystuff.com\/wp-content\/uploads\/2021\/02\/chapeau-bibi-fleurs-orange-georgette-1.jpg\",\"width\":2000,\"height\":2000,\"caption\":\"Chapeau r\u00e9tro de c\u00e9r\u00e9monie orange, style vintage, avec fleurs et feuilles en soie. Oh... Really? par Sandra Lacroix, chapeli\u00e8re, Bruxelles.\"},{\"@type\":\"BreadcrumbList\",\"@id\":\"https:\/\/ohreallystuff.com\/product\/chapeau-orange-gerogette\/#breadcrumb\",\"itemListElement\":[{\"@type\":\"ListItem\",\"position\":1,\"name\":\"Home\",\"item\":\"https:\/\/ohreallystuff.com\/\"},{\"@type\":\"ListItem\",\"position\":2,\"name\":\"Boutique en ligne\",\"item\":\"https:\/\/ohreallystuff.com\/boutique-en-ligne-de-chapeaux-retro\/\"},{\"@type\":\"ListItem\",\"position\":3,\"name\":\"Georgette &#8211; orange &#8211; chapeau de cocktail\"}]},{\"@type\":\"WebSite\",\"@id\":\"https:\/\/ohreallystuff.com\/#website\",\"url\":\"https:\/\/ohreallystuff.com\/\",\"name\":\"Oh... Really? par Sandra Lacroix\",\"description\":\"Oh... Really? Brussels\",\"publisher\":{\"@id\":\"https:\/\/ohreallystuff.com\/#organization\"},\"potentialAction\":[{\"@type\":\"SearchAction\",\"target\":{\"@type\":\"EntryPoint\",\"urlTemplate\":\"https:\/\/ohreallystuff.com\/?s={search_term_string}\"},\"query-input\":{\"@type\":\"PropertyValueSpecification\",\"valueRequired\":true,\"valueName\":\"search_term_string\"}}],\"inLanguage\":\"en-US\"},{\"@type\":\"Organization\",\"@id\":\"https:\/\/ohreallystuff.com\/#organization\",\"name\":\"Oh Really Sandra lacroix\",\"url\":\"https:\/\/ohreallystuff.com\/\",\"logo\":{\"@type\":\"ImageObject\",\"inLanguage\":\"en-US\",\"@id\":\"https:\/\/ohreallystuff.com\/#\/schema\/logo\/image\/\",\"url\":\"https:\/\/ohreallystuff.com\/wp-content\/uploads\/2014\/12\/logo-slider-ok.png\",\"contentUrl\":\"https:\/\/ohreallystuff.com\/wp-content\/uploads\/2014\/12\/logo-slider-ok.png\",\"width\":350,\"height\":484,\"caption\":\"Oh Really Sandra lacroix\"},\"image\":{\"@id\":\"https:\/\/ohreallystuff.com\/#\/schema\/logo\/image\/\"},\"sameAs\":[\"https:\/\/www.facebook.com\/ohreallystuff\",\"https:\/\/www.instagram.com\/ohreallystuff\/\"]}]}<\/script>\n<!-- \/ Yoast SEO plugin. -->","yoast_head_json":{"title":"[:en]Georgette - orange - cocktail hat[:fr]Georgette - orange - chapeau de cocktail[:] - Hats and fashion accessories","robots":{"index":"index","follow":"follow","max-snippet":"max-snippet:-1","max-image-preview":"max-image-preview:large","max-video-preview":"max-video-preview:-1"},"canonical":"https:\/\/ohreallystuff.com\/product\/chapeau-orange-gerogette\/","og_locale":"en_US","og_type":"article","og_title":"[:en]Georgette - orange - cocktail hat[:fr]Georgette - orange - chapeau de cocktail[:] - Hats and fashion accessories","og_description":"[:en]&nbsp;  Hat base\u00a0: hand-molded wool felt. Size\u00a0: app. 20 x 15 x 11cm\/8 x 6 x 4.3in. Ornament\u00a0: shantung wild silk flower and leaves.  &nbsp;[:fr]&nbsp;  Base du chapeau\u00a0: feutre de laine moul\u00e9 \u00e0 la main. Taille\u00a0: env. 20 x 15 x 11cm\/8 x 6 x 4.3in. Garniture\u00a0: fleur et feuilles en soie sauvage shantung.  &nbsp;[:]","og_url":"https:\/\/ohreallystuff.com\/product\/chapeau-orange-gerogette\/","og_site_name":"Hats and fashion accessories","article_publisher":"https:\/\/www.facebook.com\/ohreallystuff","article_modified_time":"2021-02-01T22:17:13+00:00","og_image":[{"width":2000,"height":2000,"url":"https:\/\/ohreallystuff.com\/wp-content\/uploads\/2021\/02\/chapeau-bibi-fleurs-orange-georgette-1.jpg","type":"image\/jpeg"}],"twitter_card":"summary_large_image","twitter_misc":{"Est. reading time":"1 minute"},"schema":{"@context":"https:\/\/schema.org","@graph":[{"@type":"WebPage","@id":"https:\/\/ohreallystuff.com\/product\/chapeau-orange-gerogette\/","url":"https:\/\/ohreallystuff.com\/product\/chapeau-orange-gerogette\/","name":"[:en]Georgette - orange - cocktail hat[:fr]Georgette - orange - chapeau de cocktail[:] - Hats and fashion accessories","isPartOf":{"@id":"https:\/\/ohreallystuff.com\/#website"},"primaryImageOfPage":{"@id":"https:\/\/ohreallystuff.com\/product\/chapeau-orange-gerogette\/#primaryimage"},"image":{"@id":"https:\/\/ohreallystuff.com\/product\/chapeau-orange-gerogette\/#primaryimage"},"thumbnailUrl":"https:\/\/ohreallystuff.com\/wp-content\/uploads\/2021\/02\/chapeau-bibi-fleurs-orange-georgette-1.jpg","datePublished":"2021-01-23T21:48:29+00:00","dateModified":"2021-02-01T22:17:13+00:00","breadcrumb":{"@id":"https:\/\/ohreallystuff.com\/product\/chapeau-orange-gerogette\/#breadcrumb"},"inLanguage":"en-US","potentialAction":[{"@type":"ReadAction","target":["https:\/\/ohreallystuff.com\/product\/chapeau-orange-gerogette\/"]}]},{"@type":"ImageObject","inLanguage":"en-US","@id":"https:\/\/ohreallystuff.com\/product\/chapeau-orange-gerogette\/#primaryimage","url":"https:\/\/ohreallystuff.com\/wp-content\/uploads\/2021\/02\/chapeau-bibi-fleurs-orange-georgette-1.jpg","contentUrl":"https:\/\/ohreallystuff.com\/wp-content\/uploads\/2021\/02\/chapeau-bibi-fleurs-orange-georgette-1.jpg","width":2000,"height":2000,"caption":"Chapeau r\u00e9tro de c\u00e9r\u00e9monie orange, style vintage, avec fleurs et feuilles en soie. Oh... Really? par Sandra Lacroix, chapeli\u00e8re, Bruxelles."},{"@type":"BreadcrumbList","@id":"https:\/\/ohreallystuff.com\/product\/chapeau-orange-gerogette\/#breadcrumb","itemListElement":[{"@type":"ListItem","position":1,"name":"Home","item":"https:\/\/ohreallystuff.com\/"},{"@type":"ListItem","position":2,"name":"Boutique en ligne","item":"https:\/\/ohreallystuff.com\/boutique-en-ligne-de-chapeaux-retro\/"},{"@type":"ListItem","position":3,"name":"Georgette &#8211; orange &#8211; chapeau de cocktail"}]},{"@type":"WebSite","@id":"https:\/\/ohreallystuff.com\/#website","url":"https:\/\/ohreallystuff.com\/","name":"Oh... Really? par Sandra Lacroix","description":"Oh... Really? Brussels","publisher":{"@id":"https:\/\/ohreallystuff.com\/#organization"},"potentialAction":[{"@type":"SearchAction","target":{"@type":"EntryPoint","urlTemplate":"https:\/\/ohreallystuff.com\/?s={search_term_string}"},"query-input":{"@type":"PropertyValueSpecification","valueRequired":true,"valueName":"search_term_string"}}],"inLanguage":"en-US"},{"@type":"Organization","@id":"https:\/\/ohreallystuff.com\/#organization","name":"Oh Really Sandra lacroix","url":"https:\/\/ohreallystuff.com\/","logo":{"@type":"ImageObject","inLanguage":"en-US","@id":"https:\/\/ohreallystuff.com\/#\/schema\/logo\/image\/","url":"https:\/\/ohreallystuff.com\/wp-content\/uploads\/2014\/12\/logo-slider-ok.png","contentUrl":"https:\/\/ohreallystuff.com\/wp-content\/uploads\/2014\/12\/logo-slider-ok.png","width":350,"height":484,"caption":"Oh Really Sandra lacroix"},"image":{"@id":"https:\/\/ohreallystuff.com\/#\/schema\/logo\/image\/"},"sameAs":["https:\/\/www.facebook.com\/ohreallystuff","https:\/\/www.instagram.com\/ohreallystuff\/"]}]}},"_links":{"self":[{"href":"https:\/\/ohreallystuff.com\/en\/wp-json\/wp\/v2\/product\/52398","targetHints":{"allow":["GET"]}}],"collection":[{"href":"https:\/\/ohreallystuff.com\/en\/wp-json\/wp\/v2\/product"}],"about":[{"href":"https:\/\/ohreallystuff.com\/en\/wp-json\/wp\/v2\/types\/product"}],"wp:featuredmedia":[{"embeddable":true,"href":"https:\/\/ohreallystuff.com\/en\/wp-json\/wp\/v2\/media\/52677"}],"wp:attachment":[{"href":"https:\/\/ohreallystuff.com\/en\/wp-json\/wp\/v2\/media?parent=52398"}],"wp:term":[{"taxonomy":"product_brand","embeddable":true,"href":"https:\/\/ohreallystuff.com\/en\/wp-json\/wp\/v2\/product_brand?post=52398"},{"taxonomy":"product_cat","embeddable":true,"href":"https:\/\/ohreallystuff.com\/en\/wp-json\/wp\/v2\/product_cat?post=52398"},{"taxonomy":"product_tag","embeddable":true,"href":"https:\/\/ohreallystuff.com\/en\/wp-json\/wp\/v2\/product_tag?post=52398"}],"curies":[{"name":"wp","href":"https:\/\/api.w.org\/{rel}","templated":true}]}}