{"id":51413,"date":"2019-01-24T11:27:23","date_gmt":"2019-01-24T10:27:23","guid":{"rendered":"http:\/\/ohreallystuff.com\/?post_type=product&#038;p=51413"},"modified":"2021-01-19T19:41:47","modified_gmt":"2021-01-19T18:41:47","slug":"nero-ivory-necklace","status":"publish","type":"product","link":"https:\/\/ohreallystuff.com\/en\/product\/nero-ivory-necklace\/","title":{"rendered":"Nero &#8211; ivory necklace"},"content":{"rendered":"<p><span style=\"color: #b59a65;\">Every necklace is made up of several layers which ensures the quality of its visual appearance and its solidity.<\/span><\/p>\n<p><span style=\"color: #b59a65;\">The production is entirely handmade by Oh\u2026 Really\u00a0? in a single original.<\/span><\/p>","protected":false},"excerpt":{"rendered":"<p>&nbsp;<\/p>\n<p><span style=\"color: #333333;\">The skull measures approximately 4cm x 5cm (1,6 in x 2 in).<\/span><\/p>\n<p><span style=\"color: #333333;\">Front\u00a0: ivory \u00ab\u00a0snake skin\u00a0\u00bb faux leather, plastic buttons, golden waxed linen (nose and teeth).<\/span><br \/>\n<span style=\"color: #333333;\">Back\u00a0: black faux leather.<\/span><br \/>\n<span style=\"color: #333333;\">Chain\u00a0: bronze color metal\u00a0; 30, 45 or 55cm +5cm of ease (11.8, 17.8 or 21,7in + 2in of ease). Chain link may differ but the color remains the same.<\/span><\/p>\n<p>&nbsp;<\/p>\n","protected":false},"featured_media":0,"template":"","meta":[],"product_brand":[],"product_cat":[143,182],"product_tag":[160],"class_list":{"0":"post-51413","1":"product","2":"type-product","3":"status-publish","5":"product_cat-uncategorized","6":"product_cat-jewellery","7":"product_tag-comte-orlok","9":"first","10":"instock","11":"sold-individually","12":"taxable","13":"shipping-taxable","14":"purchasable","15":"product-type-simple"},"yoast_head":"<!-- This site is optimized with the Yoast SEO plugin v25.8 - https:\/\/yoast.com\/wordpress\/plugins\/seo\/ -->\n<title>Nero - ivory necklace - Hats and fashion accessories<\/title>\n<meta name=\"robots\" content=\"index, follow, max-snippet:-1, max-image-preview:large, max-video-preview:-1\" \/>\n<link rel=\"canonical\" href=\"https:\/\/ohreallystuff.com\/product\/nero-ivory-necklace\/\" \/>\n<meta property=\"og:locale\" content=\"en_US\" \/>\n<meta property=\"og:type\" content=\"article\" \/>\n<meta property=\"og:title\" content=\"[:en]Nero - ivory necklace[:fr]Nero - collier ivoire[:] - Hats and fashion accessories\" \/>\n<meta property=\"og:description\" content=\"[:en]&nbsp;  The skull measures approximately 4cm x 5cm (1,6 in x 2 in).  Front\u00a0: ivory \u00ab\u00a0snake skin\u00a0\u00bb faux leather, plastic buttons, golden waxed linen (nose and teeth). Back\u00a0: black faux leather. Chain\u00a0: bronze color metal\u00a0; 30, 45 or 55cm +5cm of ease (11.8, 17.8 or 21,7in + 2in of ease). Chain link may differ but the color remains the same.  &nbsp;[:fr]&nbsp;  Le cr\u00e2ne mesure environ 4cm x 5cm (1,6 in x 2 in).  Face\u00a0: faux cuir \u00ab\u00a0peau de serpent\u00a0\u00bb ivoire, boutons en plastique, lin glac\u00e9 dor\u00e9 (nez et dents). Dos\u00a0: faux cuir noir. Cha\u00eene\u00a0: m\u00e9tal couleur bronze\u00a0; 30, 45 ou 55cm +5cm d&#039;ajustement (11.8, 17.8 ou 21,7in + 2in d&#039;ajustement). La maille de la cha\u00eene peut \u00eatre diff\u00e9rente, mais la couleur reste la m\u00eame.  &nbsp;[:]\" \/>\n<meta property=\"og:url\" content=\"https:\/\/ohreallystuff.com\/product\/nero-ivory-necklace\/\" \/>\n<meta property=\"og:site_name\" content=\"Hats and fashion accessories\" \/>\n<meta property=\"article:publisher\" content=\"https:\/\/www.facebook.com\/ohreallystuff\" \/>\n<meta property=\"article:modified_time\" content=\"2021-01-19T18:41:47+00:00\" \/>\n<meta name=\"twitter:card\" content=\"summary_large_image\" \/>\n<script type=\"application\/ld+json\" class=\"yoast-schema-graph\">{\"@context\":\"https:\/\/schema.org\",\"@graph\":[{\"@type\":\"WebPage\",\"@id\":\"https:\/\/ohreallystuff.com\/product\/nero-ivory-necklace\/\",\"url\":\"https:\/\/ohreallystuff.com\/product\/nero-ivory-necklace\/\",\"name\":\"[:en]Nero - ivory necklace[:fr]Nero - collier ivoire[:] - Hats and fashion accessories\",\"isPartOf\":{\"@id\":\"https:\/\/ohreallystuff.com\/#website\"},\"datePublished\":\"2019-01-24T10:27:23+00:00\",\"dateModified\":\"2021-01-19T18:41:47+00:00\",\"breadcrumb\":{\"@id\":\"https:\/\/ohreallystuff.com\/product\/nero-ivory-necklace\/#breadcrumb\"},\"inLanguage\":\"en-US\",\"potentialAction\":[{\"@type\":\"ReadAction\",\"target\":[\"https:\/\/ohreallystuff.com\/product\/nero-ivory-necklace\/\"]}]},{\"@type\":\"BreadcrumbList\",\"@id\":\"https:\/\/ohreallystuff.com\/product\/nero-ivory-necklace\/#breadcrumb\",\"itemListElement\":[{\"@type\":\"ListItem\",\"position\":1,\"name\":\"Home\",\"item\":\"https:\/\/ohreallystuff.com\/\"},{\"@type\":\"ListItem\",\"position\":2,\"name\":\"Boutique en ligne\",\"item\":\"https:\/\/ohreallystuff.com\/boutique-en-ligne-de-chapeaux-retro\/\"},{\"@type\":\"ListItem\",\"position\":3,\"name\":\"Nero &#8211; collier ivoire\"}]},{\"@type\":\"WebSite\",\"@id\":\"https:\/\/ohreallystuff.com\/#website\",\"url\":\"https:\/\/ohreallystuff.com\/\",\"name\":\"Oh... Really? par Sandra Lacroix\",\"description\":\"Oh... Really? Brussels\",\"publisher\":{\"@id\":\"https:\/\/ohreallystuff.com\/#organization\"},\"potentialAction\":[{\"@type\":\"SearchAction\",\"target\":{\"@type\":\"EntryPoint\",\"urlTemplate\":\"https:\/\/ohreallystuff.com\/?s={search_term_string}\"},\"query-input\":{\"@type\":\"PropertyValueSpecification\",\"valueRequired\":true,\"valueName\":\"search_term_string\"}}],\"inLanguage\":\"en-US\"},{\"@type\":\"Organization\",\"@id\":\"https:\/\/ohreallystuff.com\/#organization\",\"name\":\"Oh Really Sandra lacroix\",\"url\":\"https:\/\/ohreallystuff.com\/\",\"logo\":{\"@type\":\"ImageObject\",\"inLanguage\":\"en-US\",\"@id\":\"https:\/\/ohreallystuff.com\/#\/schema\/logo\/image\/\",\"url\":\"https:\/\/ohreallystuff.com\/wp-content\/uploads\/2014\/12\/logo-slider-ok.png\",\"contentUrl\":\"https:\/\/ohreallystuff.com\/wp-content\/uploads\/2014\/12\/logo-slider-ok.png\",\"width\":350,\"height\":484,\"caption\":\"Oh Really Sandra lacroix\"},\"image\":{\"@id\":\"https:\/\/ohreallystuff.com\/#\/schema\/logo\/image\/\"},\"sameAs\":[\"https:\/\/www.facebook.com\/ohreallystuff\",\"https:\/\/www.instagram.com\/ohreallystuff\/\"]}]}<\/script>\n<!-- \/ Yoast SEO plugin. -->","yoast_head_json":{"title":"[:en]Nero - ivory necklace[:fr]Nero - collier ivoire[:] - Hats and fashion accessories","robots":{"index":"index","follow":"follow","max-snippet":"max-snippet:-1","max-image-preview":"max-image-preview:large","max-video-preview":"max-video-preview:-1"},"canonical":"https:\/\/ohreallystuff.com\/product\/nero-ivory-necklace\/","og_locale":"en_US","og_type":"article","og_title":"[:en]Nero - ivory necklace[:fr]Nero - collier ivoire[:] - Hats and fashion accessories","og_description":"[:en]&nbsp;  The skull measures approximately 4cm x 5cm (1,6 in x 2 in).  Front\u00a0: ivory \u00ab\u00a0snake skin\u00a0\u00bb faux leather, plastic buttons, golden waxed linen (nose and teeth). Back\u00a0: black faux leather. Chain\u00a0: bronze color metal\u00a0; 30, 45 or 55cm +5cm of ease (11.8, 17.8 or 21,7in + 2in of ease). Chain link may differ but the color remains the same.  &nbsp;[:fr]&nbsp;  Le cr\u00e2ne mesure environ 4cm x 5cm (1,6 in x 2 in).  Face\u00a0: faux cuir \u00ab\u00a0peau de serpent\u00a0\u00bb ivoire, boutons en plastique, lin glac\u00e9 dor\u00e9 (nez et dents). Dos\u00a0: faux cuir noir. Cha\u00eene\u00a0: m\u00e9tal couleur bronze\u00a0; 30, 45 ou 55cm +5cm d'ajustement (11.8, 17.8 ou 21,7in + 2in d'ajustement). La maille de la cha\u00eene peut \u00eatre diff\u00e9rente, mais la couleur reste la m\u00eame.  &nbsp;[:]","og_url":"https:\/\/ohreallystuff.com\/product\/nero-ivory-necklace\/","og_site_name":"Hats and fashion accessories","article_publisher":"https:\/\/www.facebook.com\/ohreallystuff","article_modified_time":"2021-01-19T18:41:47+00:00","twitter_card":"summary_large_image","schema":{"@context":"https:\/\/schema.org","@graph":[{"@type":"WebPage","@id":"https:\/\/ohreallystuff.com\/product\/nero-ivory-necklace\/","url":"https:\/\/ohreallystuff.com\/product\/nero-ivory-necklace\/","name":"[:en]Nero - ivory necklace[:fr]Nero - collier ivoire[:] - Hats and fashion accessories","isPartOf":{"@id":"https:\/\/ohreallystuff.com\/#website"},"datePublished":"2019-01-24T10:27:23+00:00","dateModified":"2021-01-19T18:41:47+00:00","breadcrumb":{"@id":"https:\/\/ohreallystuff.com\/product\/nero-ivory-necklace\/#breadcrumb"},"inLanguage":"en-US","potentialAction":[{"@type":"ReadAction","target":["https:\/\/ohreallystuff.com\/product\/nero-ivory-necklace\/"]}]},{"@type":"BreadcrumbList","@id":"https:\/\/ohreallystuff.com\/product\/nero-ivory-necklace\/#breadcrumb","itemListElement":[{"@type":"ListItem","position":1,"name":"Home","item":"https:\/\/ohreallystuff.com\/"},{"@type":"ListItem","position":2,"name":"Boutique en ligne","item":"https:\/\/ohreallystuff.com\/boutique-en-ligne-de-chapeaux-retro\/"},{"@type":"ListItem","position":3,"name":"Nero &#8211; collier ivoire"}]},{"@type":"WebSite","@id":"https:\/\/ohreallystuff.com\/#website","url":"https:\/\/ohreallystuff.com\/","name":"Oh... Really? par Sandra Lacroix","description":"Oh... Really? Brussels","publisher":{"@id":"https:\/\/ohreallystuff.com\/#organization"},"potentialAction":[{"@type":"SearchAction","target":{"@type":"EntryPoint","urlTemplate":"https:\/\/ohreallystuff.com\/?s={search_term_string}"},"query-input":{"@type":"PropertyValueSpecification","valueRequired":true,"valueName":"search_term_string"}}],"inLanguage":"en-US"},{"@type":"Organization","@id":"https:\/\/ohreallystuff.com\/#organization","name":"Oh Really Sandra lacroix","url":"https:\/\/ohreallystuff.com\/","logo":{"@type":"ImageObject","inLanguage":"en-US","@id":"https:\/\/ohreallystuff.com\/#\/schema\/logo\/image\/","url":"https:\/\/ohreallystuff.com\/wp-content\/uploads\/2014\/12\/logo-slider-ok.png","contentUrl":"https:\/\/ohreallystuff.com\/wp-content\/uploads\/2014\/12\/logo-slider-ok.png","width":350,"height":484,"caption":"Oh Really Sandra lacroix"},"image":{"@id":"https:\/\/ohreallystuff.com\/#\/schema\/logo\/image\/"},"sameAs":["https:\/\/www.facebook.com\/ohreallystuff","https:\/\/www.instagram.com\/ohreallystuff\/"]}]}},"_links":{"self":[{"href":"https:\/\/ohreallystuff.com\/en\/wp-json\/wp\/v2\/product\/51413","targetHints":{"allow":["GET"]}}],"collection":[{"href":"https:\/\/ohreallystuff.com\/en\/wp-json\/wp\/v2\/product"}],"about":[{"href":"https:\/\/ohreallystuff.com\/en\/wp-json\/wp\/v2\/types\/product"}],"wp:attachment":[{"href":"https:\/\/ohreallystuff.com\/en\/wp-json\/wp\/v2\/media?parent=51413"}],"wp:term":[{"taxonomy":"product_brand","embeddable":true,"href":"https:\/\/ohreallystuff.com\/en\/wp-json\/wp\/v2\/product_brand?post=51413"},{"taxonomy":"product_cat","embeddable":true,"href":"https:\/\/ohreallystuff.com\/en\/wp-json\/wp\/v2\/product_cat?post=51413"},{"taxonomy":"product_tag","embeddable":true,"href":"https:\/\/ohreallystuff.com\/en\/wp-json\/wp\/v2\/product_tag?post=51413"}],"curies":[{"name":"wp","href":"https:\/\/api.w.org\/{rel}","templated":true}]}}