{"id":51181,"date":"2019-01-21T17:51:36","date_gmt":"2019-01-21T16:51:36","guid":{"rendered":"http:\/\/ohreallystuff.com\/?post_type=product&#038;p=51181"},"modified":"2021-02-01T23:27:22","modified_gmt":"2021-02-01T22:27:22","slug":"chapeau-hedy","status":"publish","type":"product","link":"https:\/\/ohreallystuff.com\/en\/product\/chapeau-hedy\/","title":{"rendered":"Hedy &#8211; cocktail hat"},"content":{"rendered":"<p><span style=\"color: #b59a65;\">Tous les chapeaux sont r\u00e9alis\u00e9s de fa\u00e7on artisanale, de la mise en forme sur un bloc de bois \u00e0 la garniture.<\/span><\/p>\n<p><span style=\"color: #b59a65;\">Les mod\u00e8les sont \u00e0 taille unique et se fixent \u00e0 l&#8217;aide d&#8217;un \u00e9lastique que l&#8217;on passe sous les cheveux, dans la nuque. Il est \u00e9galement possible de fixer les chapeaux \u00e0 l&#8217;aide d&#8217;\u00e9pingles \u00e0 cheveux (non-fournies), sur des coiffures bouffantes par exemple.<\/span><\/p>\n<p><span style=\"color: #b59a65;\">La r\u00e9alisation est enti\u00e8rement faite \u00e0 la main par Oh&#8230;Really? en exemplaire unique.<\/span><\/p>\n","protected":false},"excerpt":{"rendered":"<p>&nbsp;<\/p>\n<p><span style=\"color: #333333;\">Hat base\u00a0: wool felt.<\/span><br \/>\n<span style=\"color: #333333;\">Size\u00a0: app. 16cm\/6.3in \u00d8 (up to 23cm\/9.1in with ornaments).<\/span><br \/>\n<span style=\"color: #333333;\">Ornament\u00a0: rooster feathers.<\/span><\/p>\n<p>&nbsp;<\/p>\n","protected":false},"featured_media":52709,"template":"","meta":[],"product_brand":[],"product_cat":[144,177],"product_tag":[],"class_list":{"0":"post-51181","1":"product","2":"type-product","3":"status-publish","4":"has-post-thumbnail","6":"product_cat-chapeaux-et-coiffes","7":"product_cat-hats","9":"first","10":"instock","11":"sold-individually","12":"taxable","13":"shipping-taxable","14":"purchasable","15":"product-type-simple"},"yoast_head":"<!-- This site is optimized with the Yoast SEO plugin v25.8 - https:\/\/yoast.com\/wordpress\/plugins\/seo\/ -->\n<title>Hedy - cocktail hat - Hats and fashion accessories<\/title>\n<meta name=\"robots\" content=\"index, follow, max-snippet:-1, max-image-preview:large, max-video-preview:-1\" \/>\n<link rel=\"canonical\" href=\"https:\/\/ohreallystuff.com\/product\/chapeau-hedy\/\" \/>\n<meta property=\"og:locale\" content=\"en_US\" \/>\n<meta property=\"og:type\" content=\"article\" \/>\n<meta property=\"og:title\" content=\"[:en]Hedy - cocktail hat[:fr]Hedy - chapeau de cocktail[:] - Hats and fashion accessories\" \/>\n<meta property=\"og:description\" content=\"[:en]&nbsp;  Hat base\u00a0: wool felt. Size\u00a0: app. 16cm\/6.3in \u00d8 (up to 23cm\/9.1in with ornaments). Ornament\u00a0: rooster feathers.  &nbsp;[:fr]&nbsp;  Base du chapeau\u00a0: feutre de laine. Taille\u00a0: env. 16cm\/6.3in \u00d8 (jusqu&#039;\u00e0 23cm\/9.1in avec la garniture). Garniture\u00a0: plumes de coq.  &nbsp;[:]\" \/>\n<meta property=\"og:url\" content=\"https:\/\/ohreallystuff.com\/product\/chapeau-hedy\/\" \/>\n<meta property=\"og:site_name\" content=\"Hats and fashion accessories\" \/>\n<meta property=\"article:publisher\" content=\"https:\/\/www.facebook.com\/ohreallystuff\" \/>\n<meta property=\"article:modified_time\" content=\"2021-02-01T22:27:22+00:00\" \/>\n<meta property=\"og:image\" content=\"https:\/\/ohreallystuff.com\/wp-content\/uploads\/2021\/02\/chapeau-bibi-plumes-coq-hedy-5.jpg\" \/>\n\t<meta property=\"og:image:width\" content=\"2448\" \/>\n\t<meta property=\"og:image:height\" content=\"2448\" \/>\n\t<meta property=\"og:image:type\" content=\"image\/jpeg\" \/>\n<meta name=\"twitter:card\" content=\"summary_large_image\" \/>\n<script type=\"application\/ld+json\" class=\"yoast-schema-graph\">{\"@context\":\"https:\/\/schema.org\",\"@graph\":[{\"@type\":\"WebPage\",\"@id\":\"https:\/\/ohreallystuff.com\/product\/chapeau-hedy\/\",\"url\":\"https:\/\/ohreallystuff.com\/product\/chapeau-hedy\/\",\"name\":\"[:en]Hedy - cocktail hat[:fr]Hedy - chapeau de cocktail[:] - Hats and fashion accessories\",\"isPartOf\":{\"@id\":\"https:\/\/ohreallystuff.com\/#website\"},\"primaryImageOfPage\":{\"@id\":\"https:\/\/ohreallystuff.com\/product\/chapeau-hedy\/#primaryimage\"},\"image\":{\"@id\":\"https:\/\/ohreallystuff.com\/product\/chapeau-hedy\/#primaryimage\"},\"thumbnailUrl\":\"https:\/\/ohreallystuff.com\/wp-content\/uploads\/2021\/02\/chapeau-bibi-plumes-coq-hedy-5.jpg\",\"datePublished\":\"2019-01-21T16:51:36+00:00\",\"dateModified\":\"2021-02-01T22:27:22+00:00\",\"breadcrumb\":{\"@id\":\"https:\/\/ohreallystuff.com\/product\/chapeau-hedy\/#breadcrumb\"},\"inLanguage\":\"en-US\",\"potentialAction\":[{\"@type\":\"ReadAction\",\"target\":[\"https:\/\/ohreallystuff.com\/product\/chapeau-hedy\/\"]}]},{\"@type\":\"ImageObject\",\"inLanguage\":\"en-US\",\"@id\":\"https:\/\/ohreallystuff.com\/product\/chapeau-hedy\/#primaryimage\",\"url\":\"https:\/\/ohreallystuff.com\/wp-content\/uploads\/2021\/02\/chapeau-bibi-plumes-coq-hedy-5.jpg\",\"contentUrl\":\"https:\/\/ohreallystuff.com\/wp-content\/uploads\/2021\/02\/chapeau-bibi-plumes-coq-hedy-5.jpg\",\"width\":2448,\"height\":2448,\"caption\":\"Chapeau r\u00e9tro rond en feutre brun. Style vintage aux couleurs automnales. Recouvert de plumes de coq naturelles. Oh... Really? par Sandra Lacroix, chapeli\u00e8re, Bruxelles.\"},{\"@type\":\"BreadcrumbList\",\"@id\":\"https:\/\/ohreallystuff.com\/product\/chapeau-hedy\/#breadcrumb\",\"itemListElement\":[{\"@type\":\"ListItem\",\"position\":1,\"name\":\"Home\",\"item\":\"https:\/\/ohreallystuff.com\/\"},{\"@type\":\"ListItem\",\"position\":2,\"name\":\"Boutique en ligne\",\"item\":\"https:\/\/ohreallystuff.com\/boutique-en-ligne-de-chapeaux-retro\/\"},{\"@type\":\"ListItem\",\"position\":3,\"name\":\"Hedy &#8211; chapeau de cocktail\"}]},{\"@type\":\"WebSite\",\"@id\":\"https:\/\/ohreallystuff.com\/#website\",\"url\":\"https:\/\/ohreallystuff.com\/\",\"name\":\"Oh... Really? par Sandra Lacroix\",\"description\":\"Oh... Really? Brussels\",\"publisher\":{\"@id\":\"https:\/\/ohreallystuff.com\/#organization\"},\"potentialAction\":[{\"@type\":\"SearchAction\",\"target\":{\"@type\":\"EntryPoint\",\"urlTemplate\":\"https:\/\/ohreallystuff.com\/?s={search_term_string}\"},\"query-input\":{\"@type\":\"PropertyValueSpecification\",\"valueRequired\":true,\"valueName\":\"search_term_string\"}}],\"inLanguage\":\"en-US\"},{\"@type\":\"Organization\",\"@id\":\"https:\/\/ohreallystuff.com\/#organization\",\"name\":\"Oh Really Sandra lacroix\",\"url\":\"https:\/\/ohreallystuff.com\/\",\"logo\":{\"@type\":\"ImageObject\",\"inLanguage\":\"en-US\",\"@id\":\"https:\/\/ohreallystuff.com\/#\/schema\/logo\/image\/\",\"url\":\"https:\/\/ohreallystuff.com\/wp-content\/uploads\/2014\/12\/logo-slider-ok.png\",\"contentUrl\":\"https:\/\/ohreallystuff.com\/wp-content\/uploads\/2014\/12\/logo-slider-ok.png\",\"width\":350,\"height\":484,\"caption\":\"Oh Really Sandra lacroix\"},\"image\":{\"@id\":\"https:\/\/ohreallystuff.com\/#\/schema\/logo\/image\/\"},\"sameAs\":[\"https:\/\/www.facebook.com\/ohreallystuff\",\"https:\/\/www.instagram.com\/ohreallystuff\/\"]}]}<\/script>\n<!-- \/ Yoast SEO plugin. -->","yoast_head_json":{"title":"[:en]Hedy - cocktail hat[:fr]Hedy - chapeau de cocktail[:] - Hats and fashion accessories","robots":{"index":"index","follow":"follow","max-snippet":"max-snippet:-1","max-image-preview":"max-image-preview:large","max-video-preview":"max-video-preview:-1"},"canonical":"https:\/\/ohreallystuff.com\/product\/chapeau-hedy\/","og_locale":"en_US","og_type":"article","og_title":"[:en]Hedy - cocktail hat[:fr]Hedy - chapeau de cocktail[:] - Hats and fashion accessories","og_description":"[:en]&nbsp;  Hat base\u00a0: wool felt. Size\u00a0: app. 16cm\/6.3in \u00d8 (up to 23cm\/9.1in with ornaments). Ornament\u00a0: rooster feathers.  &nbsp;[:fr]&nbsp;  Base du chapeau\u00a0: feutre de laine. Taille\u00a0: env. 16cm\/6.3in \u00d8 (jusqu'\u00e0 23cm\/9.1in avec la garniture). Garniture\u00a0: plumes de coq.  &nbsp;[:]","og_url":"https:\/\/ohreallystuff.com\/product\/chapeau-hedy\/","og_site_name":"Hats and fashion accessories","article_publisher":"https:\/\/www.facebook.com\/ohreallystuff","article_modified_time":"2021-02-01T22:27:22+00:00","og_image":[{"width":2448,"height":2448,"url":"https:\/\/ohreallystuff.com\/wp-content\/uploads\/2021\/02\/chapeau-bibi-plumes-coq-hedy-5.jpg","type":"image\/jpeg"}],"twitter_card":"summary_large_image","schema":{"@context":"https:\/\/schema.org","@graph":[{"@type":"WebPage","@id":"https:\/\/ohreallystuff.com\/product\/chapeau-hedy\/","url":"https:\/\/ohreallystuff.com\/product\/chapeau-hedy\/","name":"[:en]Hedy - cocktail hat[:fr]Hedy - chapeau de cocktail[:] - Hats and fashion accessories","isPartOf":{"@id":"https:\/\/ohreallystuff.com\/#website"},"primaryImageOfPage":{"@id":"https:\/\/ohreallystuff.com\/product\/chapeau-hedy\/#primaryimage"},"image":{"@id":"https:\/\/ohreallystuff.com\/product\/chapeau-hedy\/#primaryimage"},"thumbnailUrl":"https:\/\/ohreallystuff.com\/wp-content\/uploads\/2021\/02\/chapeau-bibi-plumes-coq-hedy-5.jpg","datePublished":"2019-01-21T16:51:36+00:00","dateModified":"2021-02-01T22:27:22+00:00","breadcrumb":{"@id":"https:\/\/ohreallystuff.com\/product\/chapeau-hedy\/#breadcrumb"},"inLanguage":"en-US","potentialAction":[{"@type":"ReadAction","target":["https:\/\/ohreallystuff.com\/product\/chapeau-hedy\/"]}]},{"@type":"ImageObject","inLanguage":"en-US","@id":"https:\/\/ohreallystuff.com\/product\/chapeau-hedy\/#primaryimage","url":"https:\/\/ohreallystuff.com\/wp-content\/uploads\/2021\/02\/chapeau-bibi-plumes-coq-hedy-5.jpg","contentUrl":"https:\/\/ohreallystuff.com\/wp-content\/uploads\/2021\/02\/chapeau-bibi-plumes-coq-hedy-5.jpg","width":2448,"height":2448,"caption":"Chapeau r\u00e9tro rond en feutre brun. Style vintage aux couleurs automnales. Recouvert de plumes de coq naturelles. Oh... Really? par Sandra Lacroix, chapeli\u00e8re, Bruxelles."},{"@type":"BreadcrumbList","@id":"https:\/\/ohreallystuff.com\/product\/chapeau-hedy\/#breadcrumb","itemListElement":[{"@type":"ListItem","position":1,"name":"Home","item":"https:\/\/ohreallystuff.com\/"},{"@type":"ListItem","position":2,"name":"Boutique en ligne","item":"https:\/\/ohreallystuff.com\/boutique-en-ligne-de-chapeaux-retro\/"},{"@type":"ListItem","position":3,"name":"Hedy &#8211; chapeau de cocktail"}]},{"@type":"WebSite","@id":"https:\/\/ohreallystuff.com\/#website","url":"https:\/\/ohreallystuff.com\/","name":"Oh... Really? par Sandra Lacroix","description":"Oh... Really? Brussels","publisher":{"@id":"https:\/\/ohreallystuff.com\/#organization"},"potentialAction":[{"@type":"SearchAction","target":{"@type":"EntryPoint","urlTemplate":"https:\/\/ohreallystuff.com\/?s={search_term_string}"},"query-input":{"@type":"PropertyValueSpecification","valueRequired":true,"valueName":"search_term_string"}}],"inLanguage":"en-US"},{"@type":"Organization","@id":"https:\/\/ohreallystuff.com\/#organization","name":"Oh Really Sandra lacroix","url":"https:\/\/ohreallystuff.com\/","logo":{"@type":"ImageObject","inLanguage":"en-US","@id":"https:\/\/ohreallystuff.com\/#\/schema\/logo\/image\/","url":"https:\/\/ohreallystuff.com\/wp-content\/uploads\/2014\/12\/logo-slider-ok.png","contentUrl":"https:\/\/ohreallystuff.com\/wp-content\/uploads\/2014\/12\/logo-slider-ok.png","width":350,"height":484,"caption":"Oh Really Sandra lacroix"},"image":{"@id":"https:\/\/ohreallystuff.com\/#\/schema\/logo\/image\/"},"sameAs":["https:\/\/www.facebook.com\/ohreallystuff","https:\/\/www.instagram.com\/ohreallystuff\/"]}]}},"_links":{"self":[{"href":"https:\/\/ohreallystuff.com\/en\/wp-json\/wp\/v2\/product\/51181","targetHints":{"allow":["GET"]}}],"collection":[{"href":"https:\/\/ohreallystuff.com\/en\/wp-json\/wp\/v2\/product"}],"about":[{"href":"https:\/\/ohreallystuff.com\/en\/wp-json\/wp\/v2\/types\/product"}],"wp:featuredmedia":[{"embeddable":true,"href":"https:\/\/ohreallystuff.com\/en\/wp-json\/wp\/v2\/media\/52709"}],"wp:attachment":[{"href":"https:\/\/ohreallystuff.com\/en\/wp-json\/wp\/v2\/media?parent=51181"}],"wp:term":[{"taxonomy":"product_brand","embeddable":true,"href":"https:\/\/ohreallystuff.com\/en\/wp-json\/wp\/v2\/product_brand?post=51181"},{"taxonomy":"product_cat","embeddable":true,"href":"https:\/\/ohreallystuff.com\/en\/wp-json\/wp\/v2\/product_cat?post=51181"},{"taxonomy":"product_tag","embeddable":true,"href":"https:\/\/ohreallystuff.com\/en\/wp-json\/wp\/v2\/product_tag?post=51181"}],"curies":[{"name":"wp","href":"https:\/\/api.w.org\/{rel}","templated":true}]}}